{"id":34163,"date":"2022-10-30T09:58:43","date_gmt":"2022-10-30T08:58:43","guid":{"rendered":"https:\/\/prosafedz.com\/fr\/?post_type=product&#038;p=34163"},"modified":"2024-04-23T16:46:48","modified_gmt":"2024-04-23T14:46:48","slug":"ranger-de-securite-black-star-ref-9blac10","status":"publish","type":"product","link":"https:\/\/prosafedz.com\/fr\/produit\/ranger-de-securite-black-star-ref-9blac10\/","title":{"rendered":"Ranger de s\u00e9curit\u00e9 BLACK STAR S3 SRC R\u00e9f 9BLAC10"},"content":{"rendered":"<p><strong>LES + :<\/strong><\/p>\n<p><strong>&#8211; Semelle ext\u00e9rieure PU\/PU \u00ab\u00a0soft\u00a0\u00bb : amorti.<\/strong><br \/>\n<strong>&#8211; Talon d\u00e9croch\u00e9 : stabilit\u00e9 sur les \u00e9chelles.<\/strong><br \/>\n<strong>&#8211; Grand zip lat\u00e9ral : chaussage facile.<\/strong><br \/>\n<strong>&#8211; Semelle de propret\u00e9 en mousse avec coussinets : confort.<\/strong><\/p>\n<p><strong>EXEMPLES D&rsquo;APPLICATIONS<br \/>\n&#8211; <\/strong>Ma\u00e7on<br \/>\n<strong>&#8211;<\/strong> Couvreur<br \/>\n<strong>&#8211;<\/strong> Agent de piste<br \/>\n<strong>&#8211;<\/strong> Bagagiste tractoriste<br \/>\n<strong>&#8211;<\/strong> Conducteur de travaux<br \/>\n<strong>&#8211;<\/strong> Docker<br \/>\n<strong>SECTEURS<br \/>\n&#8211;<\/strong> Industries extractives (p\u00e9trole, gas)<br \/>\n<strong>&#8211;<\/strong> Fabrication d\u2019\u00e9quipements et machines \u00e9lectriques et \u00e9lectroniques<br \/>\n<strong>&#8211;<\/strong> Collectivit\u00e9s (maintenance, entretien d\u2019espaces verts, collecte des d\u00e9chets\u2026)<br \/>\n<strong>&#8211;<\/strong> Infrastructures, BTP, TP<br \/>\n<strong>NORME(S)<br \/>\n<\/strong>Cette chaussure est conforme au mod\u00e8le de l&rsquo;\u00e9quipement de protection individuelle ayant fait l&rsquo;objet de l&rsquo;attestation CE de type <strong>0075\/1747\/161\/12\/21\/2226.<br \/>\n<\/strong>D\u00e9livr\u00e9 par <strong>CTC (0075).<br \/>\nEN ISO 20345:2011<br \/>\nS3<br \/>\nSRC<br \/>\nCOVERPERF &#8211; Damping<\/strong><\/p>\n","protected":false},"excerpt":{"rendered":"<p><strong>&#8211; BLACK STAR est un ranger de s\u00e9curit\u00e9, montant en cuir et tissu Oxford.<\/strong><\/p>\n<p><strong>&#8211; Sa semelle ext\u00e9rieure est en PU\/PU \u00e0 faible densit\u00e9, ce qui rend le mod\u00e8le confortable.<\/strong><\/p>\n<p><strong>&#8211; BLACK STAR est \u00e9quip\u00e9 d\u2019un embout en composite et d\u2019une semelle intercalaire en textile, favorisant sa l\u00e9g\u00e8ret\u00e9 et sa souplesse.<\/strong><\/p>\n<p><strong>&#8211; Un grand zip lat\u00e9ral permet de chausser facilement le ranger.<\/strong><\/p>\n<p><a href=\"http:\/\/prosafedz.com\/fr\/wp-content\/uploads\/2022\/10\/9BLAC10.pdf\" target=\"_blank\" rel=\"noopener noreferrer\"><button style=\"background-color: #90a96b; font-seize: 20px;\"><strong>T\u00e9l\u00e9charger La Fiche Technique<\/strong><\/button><\/a><\/p>\n","protected":false},"featured_media":34165,"template":"","meta":[],"product_brand":[],"product_cat":[776],"product_tag":[],"class_list":{"0":"post-34163","1":"product","2":"type-product","3":"status-publish","4":"has-post-thumbnail","6":"product_cat-7-1-chaussures-hautes","8":"first","9":"instock","10":"shipping-taxable","11":"product-type-simple"},"_links":{"self":[{"href":"https:\/\/prosafedz.com\/fr\/wp-json\/wp\/v2\/product\/34163","targetHints":{"allow":["GET"]}}],"collection":[{"href":"https:\/\/prosafedz.com\/fr\/wp-json\/wp\/v2\/product"}],"about":[{"href":"https:\/\/prosafedz.com\/fr\/wp-json\/wp\/v2\/types\/product"}],"wp:featuredmedia":[{"embeddable":true,"href":"https:\/\/prosafedz.com\/fr\/wp-json\/wp\/v2\/media\/34165"}],"wp:attachment":[{"href":"https:\/\/prosafedz.com\/fr\/wp-json\/wp\/v2\/media?parent=34163"}],"wp:term":[{"taxonomy":"product_brand","embeddable":true,"href":"https:\/\/prosafedz.com\/fr\/wp-json\/wp\/v2\/product_brand?post=34163"},{"taxonomy":"product_cat","embeddable":true,"href":"https:\/\/prosafedz.com\/fr\/wp-json\/wp\/v2\/product_cat?post=34163"},{"taxonomy":"product_tag","embeddable":true,"href":"https:\/\/prosafedz.com\/fr\/wp-json\/wp\/v2\/product_tag?post=34163"}],"curies":[{"name":"wp","href":"https:\/\/api.w.org\/{rel}","templated":true}]}}