{"id":34159,"date":"2022-10-25T15:59:14","date_gmt":"2022-10-25T13:59:14","guid":{"rendered":"https:\/\/prosafedz.com\/fr\/?post_type=product&#038;p=34159"},"modified":"2022-10-25T15:59:14","modified_gmt":"2022-10-25T13:59:14","slug":"botte-de-securite-heavy-duty-noire-ref-epibb3","status":"publish","type":"product","link":"https:\/\/prosafedz.com\/fr\/produit\/botte-de-securite-heavy-duty-noire-ref-epibb3\/","title":{"rendered":"Botte de s\u00e9curit\u00e9 HEAVY DUTY Noire R\u00e9f EPIBB3"},"content":{"rendered":"<p><strong>AVANTAGES SPECIFIQUES<br \/>\n&#8211; <\/strong>Embout r\u00e9sistant aux chocs<br \/>\n<strong>&#8211;<\/strong> Imperm\u00e9able<br \/>\n<strong>&#8211;<\/strong> Absorption d\u2019\u00e9nergie par le talon<br \/>\n<strong>&#8211;<\/strong> Semelle r\u00e9sistante aux huiles, graisses, acides et bases<br \/>\n<strong>&#8211;<\/strong> Antistatique<br \/>\n<strong>PRINCIPAUX DOMAINES D\u2019UTILISATION<br \/>\n&#8211;<\/strong> Milieux dangereux et\/ou humides<br \/>\n<strong>&#8211;<\/strong> Manutention d\u2019objets lourds<br \/>\n<strong>&#8211;<\/strong> Industries<br \/>\n<strong>&#8211;<\/strong> Agriculture\/horticulture<br \/>\n<strong>CONDITIONNEMENT<br \/>\n&#8211;<\/strong> Sachet plastique<br \/>\n<strong>&#8211;<\/strong> Carton de 6 paires<br \/>\n<strong>NORMALISATION<br \/>\n<\/strong>Cette botte est conforme aux normes EN ISO20345:2011 S5.SRA<\/p>\n","protected":false},"excerpt":{"rendered":"<p><strong>DESCRIPTIF G\u00c9N\u00c9RAL ET MATI\u00c8RES<br \/>\n&#8211; <\/strong>Tige en PVC noir<br \/>\n<strong>&#8211;<\/strong> Intercalaire en PVC Rouge<br \/>\n<strong>&#8211;<\/strong> Semelle PVC noir<br \/>\n<strong>&#8211;<\/strong> Doublure polyester blanc<br \/>\n<strong>&#8211;<\/strong> Semelle anti-perforation en acier<br \/>\n<strong>&#8211;<\/strong> Coquille de s\u00e9curit\u00e9 en acier<\/p>\n<p><a href=\"http:\/\/prosafedz.com\/fr\/wp-content\/uploads\/2022\/10\/EPI-B3.pdf\" target=\"_blank\" rel=\"noopener noreferrer\"><button style=\"background-color: #90a96b; font-seize: 20px;\"><strong>T\u00e9l\u00e9charger La Fiche Technique<\/strong><\/button><\/a><\/p>\n","protected":false},"featured_media":34161,"template":"","meta":[],"product_brand":[],"product_cat":[813],"product_tag":[],"class_list":{"0":"post-34159","1":"product","2":"type-product","3":"status-publish","4":"has-post-thumbnail","6":"product_cat-7-5-bottes-de-securite","8":"first","9":"instock","10":"shipping-taxable","11":"product-type-simple"},"_links":{"self":[{"href":"https:\/\/prosafedz.com\/fr\/wp-json\/wp\/v2\/product\/34159","targetHints":{"allow":["GET"]}}],"collection":[{"href":"https:\/\/prosafedz.com\/fr\/wp-json\/wp\/v2\/product"}],"about":[{"href":"https:\/\/prosafedz.com\/fr\/wp-json\/wp\/v2\/types\/product"}],"wp:featuredmedia":[{"embeddable":true,"href":"https:\/\/prosafedz.com\/fr\/wp-json\/wp\/v2\/media\/34161"}],"wp:attachment":[{"href":"https:\/\/prosafedz.com\/fr\/wp-json\/wp\/v2\/media?parent=34159"}],"wp:term":[{"taxonomy":"product_brand","embeddable":true,"href":"https:\/\/prosafedz.com\/fr\/wp-json\/wp\/v2\/product_brand?post=34159"},{"taxonomy":"product_cat","embeddable":true,"href":"https:\/\/prosafedz.com\/fr\/wp-json\/wp\/v2\/product_cat?post=34159"},{"taxonomy":"product_tag","embeddable":true,"href":"https:\/\/prosafedz.com\/fr\/wp-json\/wp\/v2\/product_tag?post=34159"}],"curies":[{"name":"wp","href":"https:\/\/api.w.org\/{rel}","templated":true}]}}