{"id":34147,"date":"2022-10-12T12:46:16","date_gmt":"2022-10-12T10:46:16","guid":{"rendered":"https:\/\/prosafedz.com\/fr\/?post_type=product&#038;p=34147"},"modified":"2025-02-16T09:46:54","modified_gmt":"2025-02-16T08:46:54","slug":"masque-complet-panarea-ref-7200","status":"publish","type":"product","link":"https:\/\/prosafedz.com\/fr\/produit\/masque-complet-panarea-ref-7200\/","title":{"rendered":"Masque complet PANAREA  R\u00e9f : 7000 (EP 20401)"},"content":{"rendered":"<p><strong>LES + :<\/strong><\/p>\n<p><strong>&#8211; Joint d&rsquo;\u00e9tanch\u00e9it\u00e9 en silicone souple, tr\u00e8s confortable, dont la flexibilit\u00e9 est garantie \u00e0 haute et basse temp\u00e9rature.<\/strong><br \/>\n<strong>&#8211; Large \u00e9cran polycarbonate trait\u00e9 anti rayures \u00e0 l\u2019ext\u00e9rieur et anti-bu\u00e9e \u00e0 l\u2019int\u00e9rieur gr\u00e2ce \u00e0 son un syst\u00e8me de circulation d\u2019air.<\/strong><br \/>\n<strong>&#8211; Polycarbonate \u00e9pais de 2,2 mm pour une meilleure r\u00e9sistance aux chocs, une vision panoramique 180\u00b0 sans distorsion.<\/strong><br \/>\n<strong>&#8211; Etanch\u00e9it\u00e9 renforc\u00e9e gr\u00e2ce aux 5 brides de r\u00e9glage en caoutchouc EPDM de haute qualit\u00e9.<\/strong><\/p>\n<p><strong>EXEMPLES D&rsquo;APPLICATIONS<br \/>\n&#8211; <\/strong>En fonction des filtres associ\u00e9s, ce masque prot\u00e8ge contre les a\u00e9rosols et gaz-vapeurs tels que ammoniac, chloroforme, dioxyde de souffre, fer, bois, ciment, pollen, plomb, cuivre, fibre de verre<br \/>\n<strong>&#8211;<\/strong> Pour des utilisations r\u00e9guli\u00e8res et prolong\u00e9es en ambiance dangereuse : maintenance industrielle, \u00e9pandage d\u2019engrais, industrie chimique, application de peinture, menuiserie, fili\u00e8res du bois, de la cimenterie, d\u00e9coupe de m\u00e9taux<br \/>\n<strong>&#8211;<\/strong> Compatible avec les filtres SUPAIR r\u00e9f. 21200 (A2B2E2P3) 21300 (A2B2E2K2P3), 21400 (A1B1E1K1P3), 21500 (A2P3)<br \/>\n<strong>SECTEURS<br \/>\n&#8211;<\/strong> Agriculture, sylviculture et p\u00eache<br \/>\n<strong>&#8211;<\/strong> Industries lourdes et de process<br \/>\n<strong>&#8211;<\/strong> Industries l\u00e9g\u00e8res<br \/>\n<strong>&#8211;<\/strong> Infrastructures, BTP, TP<br \/>\n<strong>CONDITIONNEMENT DE VENTE<br \/>\n<\/strong>Emballage individuel brochable<br \/>\n<strong>NORME(S)<br \/>\n<\/strong>Cet \u00e9quipement est conforme au mod\u00e8le de l&rsquo;\u00e9quipement de protection individuelle ayant fait l&rsquo;objet de l&rsquo;attestation CE de type <strong>PPE060AT0917.<br \/>\n<\/strong>D\u00e9livr\u00e9e par <strong>ITALCERT<br \/>\nEN136:1998<\/strong><\/p>\n","protected":false},"excerpt":{"rendered":"<p><strong>Masque complet r\u00e9utilisable PANAREA. Fabriqu\u00e9 avec du silicone hypoallerg\u00e9nique avec un pas de vis pour filtre (non inclus) embase filet\u00e9e EN148-1, oculaire panoramique en polycarbonate incolore, brides r\u00e9glable 5 points d&rsquo;attaches en caoutchouc EPDM, joint \u00e9tanch\u00e9it\u00e9 en \u00e9lastom\u00e8re, soupape d&rsquo;inhalation et expiration, soupape d&rsquo;inspiration et expiration.<\/strong><\/p>\n<p><a href=\"http:\/\/prosafedz.com\/fr\/wp-content\/uploads\/2022\/10\/MO20401.pdf\" target=\"_blank\" rel=\"noopener noreferrer\"><button style=\"background-color: #90a96b; font-seize: 20px;\"><strong>T\u00e9l\u00e9charger La Fiche Technique<\/strong><\/button><\/a><\/p>\n","protected":false},"featured_media":34150,"template":"","meta":[],"product_brand":[],"product_cat":[664],"product_tag":[],"class_list":{"0":"post-34147","1":"product","2":"type-product","3":"status-publish","4":"has-post-thumbnail","6":"product_cat-3-3-masques-complet","8":"first","9":"instock","10":"shipping-taxable","11":"product-type-simple"},"_links":{"self":[{"href":"https:\/\/prosafedz.com\/fr\/wp-json\/wp\/v2\/product\/34147","targetHints":{"allow":["GET"]}}],"collection":[{"href":"https:\/\/prosafedz.com\/fr\/wp-json\/wp\/v2\/product"}],"about":[{"href":"https:\/\/prosafedz.com\/fr\/wp-json\/wp\/v2\/types\/product"}],"wp:featuredmedia":[{"embeddable":true,"href":"https:\/\/prosafedz.com\/fr\/wp-json\/wp\/v2\/media\/34150"}],"wp:attachment":[{"href":"https:\/\/prosafedz.com\/fr\/wp-json\/wp\/v2\/media?parent=34147"}],"wp:term":[{"taxonomy":"product_brand","embeddable":true,"href":"https:\/\/prosafedz.com\/fr\/wp-json\/wp\/v2\/product_brand?post=34147"},{"taxonomy":"product_cat","embeddable":true,"href":"https:\/\/prosafedz.com\/fr\/wp-json\/wp\/v2\/product_cat?post=34147"},{"taxonomy":"product_tag","embeddable":true,"href":"https:\/\/prosafedz.com\/fr\/wp-json\/wp\/v2\/product_tag?post=34147"}],"curies":[{"name":"wp","href":"https:\/\/api.w.org\/{rel}","templated":true}]}}