{"id":34134,"date":"2022-10-04T12:24:44","date_gmt":"2022-10-04T10:24:44","guid":{"rendered":"https:\/\/prosafedz.com\/fr\/?post_type=product&#038;p=34134"},"modified":"2024-09-15T10:48:34","modified_gmt":"2024-09-15T08:48:34","slug":"lunette-de-securite-phi-claire-ref-mo6phi0","status":"publish","type":"product","link":"https:\/\/prosafedz.com\/fr\/produit\/lunette-de-securite-phi-claire-ref-mo6phi0\/","title":{"rendered":"Lunette de s\u00e9curit\u00e9 PHI claire R\u00e9f MO6PHI0"},"content":{"rendered":"<p><strong>LES + :<\/strong><\/p>\n<p><strong>&#8211; L\u00e9g\u00e8ret\u00e9.<\/strong><br \/>\n<strong>&#8211; Design sportif.<\/strong><br \/>\n<strong>&#8211; Protection lat\u00e9rale.<\/strong><br \/>\n<strong>&#8211; Pont nasal anti-glilsse.<\/strong><br \/>\n<strong>&#8211; Inserts antiglisse sur les branches.<\/strong><\/p>\n<p><strong>SECTEURS<br \/>\n&#8211; <\/strong>Industries l\u00e9g\u00e8res<br \/>\n<strong>&#8211;<\/strong> Maintenance<br \/>\n<strong>&#8211;<\/strong> Infrastructures, BTP, TP<br \/>\n<strong>&#8211;<\/strong> Second-\u0153uvre du b\u00e2timent<br \/>\n<strong>&#8211;<\/strong> Bricolage<br \/>\n<strong>&#8211;<\/strong> Transport (hors fabrication) et logistique<br \/>\n<strong>&#8211;<\/strong> Services et distribution<br \/>\n<strong>CONDITIONNEMENT DE VENTE<br \/>\n<\/strong>Emballage individuel<br \/>\n<strong>NORME(S)<br \/>\n<\/strong>Cet \u00e9quipement est conforme au mod\u00e8le de l&rsquo;\u00e9quipement de protection individuelle ayant fait l&rsquo;objet de l&rsquo;attestation CE de type<strong> 8112 Issue 2.<br \/>\n<\/strong>D\u00e9livr\u00e9e par <strong>SATRA Technology Centre Ltd<br \/>\nEN166:2001<br \/>\nEN170:2003<br \/>\n<\/strong><\/p>\n","protected":false},"excerpt":{"rendered":"<p><strong>Lunettes de protection, oculaire incolore courb\u00e9 en polycarbonate, traitement anti rayure K, anti bu\u00e9e N, anti-UV, r\u00e9sistance aux temp\u00e9ratures extr\u00eames, inserts anti-glisse dans les branches, solidit\u00e9 renforc\u00e9e.<\/strong><\/p>\n<p><a href=\"http:\/\/prosafedz.com\/fr\/wp-content\/uploads\/2022\/10\/MO6PHI0.pdf\" target=\"_blank\" rel=\"noopener noreferrer\"><button style=\"background-color: #90a96b; font-seize: 20px;\"><strong>T\u00e9l\u00e9charger La Fiche Technique<\/strong><\/button><\/a><\/p>\n","protected":false},"featured_media":34136,"template":"","meta":[],"product_brand":[],"product_cat":[493],"product_tag":[],"class_list":{"0":"post-34134","1":"product","2":"type-product","3":"status-publish","4":"has-post-thumbnail","6":"product_cat-2-1-lunettes-claires","8":"first","9":"instock","10":"shipping-taxable","11":"product-type-simple"},"_links":{"self":[{"href":"https:\/\/prosafedz.com\/fr\/wp-json\/wp\/v2\/product\/34134","targetHints":{"allow":["GET"]}}],"collection":[{"href":"https:\/\/prosafedz.com\/fr\/wp-json\/wp\/v2\/product"}],"about":[{"href":"https:\/\/prosafedz.com\/fr\/wp-json\/wp\/v2\/types\/product"}],"wp:featuredmedia":[{"embeddable":true,"href":"https:\/\/prosafedz.com\/fr\/wp-json\/wp\/v2\/media\/34136"}],"wp:attachment":[{"href":"https:\/\/prosafedz.com\/fr\/wp-json\/wp\/v2\/media?parent=34134"}],"wp:term":[{"taxonomy":"product_brand","embeddable":true,"href":"https:\/\/prosafedz.com\/fr\/wp-json\/wp\/v2\/product_brand?post=34134"},{"taxonomy":"product_cat","embeddable":true,"href":"https:\/\/prosafedz.com\/fr\/wp-json\/wp\/v2\/product_cat?post=34134"},{"taxonomy":"product_tag","embeddable":true,"href":"https:\/\/prosafedz.com\/fr\/wp-json\/wp\/v2\/product_tag?post=34134"}],"curies":[{"name":"wp","href":"https:\/\/api.w.org\/{rel}","templated":true}]}}