{"id":34128,"date":"2022-09-28T10:16:40","date_gmt":"2022-09-28T08:16:40","guid":{"rendered":"https:\/\/prosafedz.com\/fr\/?post_type=product&#038;p=34128"},"modified":"2025-02-16T09:47:27","modified_gmt":"2025-02-16T08:47:27","slug":"nacrite-haute-s1p-src-ref-9nac010","status":"publish","type":"product","link":"https:\/\/prosafedz.com\/fr\/produit\/nacrite-haute-s1p-src-ref-9nac010\/","title":{"rendered":"NACRITE Haute S1P SRC R\u00e9f 9NAC010"},"content":{"rendered":"<p><strong>LES + :<\/strong><\/p>\n<p><strong>&#8211; Rapport qualit\u00e9\/prix.<\/strong><br \/>\n<strong>&#8211; Bande r\u00e9tro r\u00e9fl\u00e9chissante.<\/strong><br \/>\n<strong>&#8211; Semelle inject\u00e9e PU2D.<\/strong><br \/>\n<strong>&#8211; Talon d\u00e9croch\u00e9 et relev\u00e9.<\/strong><\/p>\n<p><strong>EXEMPLES D&rsquo;APPLICATIONS<br \/>\n&#8211; <\/strong>Peintre<br \/>\n<strong>&#8211;<\/strong> Electricien<br \/>\n<strong>&#8211;<\/strong> Magasinier<br \/>\n<strong>SECTEURS<br \/>\n&#8211;<\/strong> Infrastructures, BTP, TP<br \/>\n<strong>&#8211;<\/strong> Second-\u0153uvre du b\u00e2timent<br \/>\n<strong>&#8211;<\/strong> Transport (hors fabrication) et logistique<br \/>\n<strong>&#8211;<\/strong> Services et distribution (magasins, h\u00f4tels\/restaurants, nettoyage, garages\u2026)<br \/>\n<strong>NORME(S)<br \/>\nEN ISO 20345:2011<br \/>\nS1P<br \/>\nSRC<br \/>\n<\/strong><\/p>\n","protected":false},"excerpt":{"rendered":"<p><strong>&#8211; NACRITE S1P est une chaussure haute en cuir et polyur\u00e9thane avec une doublure en maille.<\/strong><\/p>\n<p><strong>&#8211; Sa semelle double densit\u00e9 PU\/PU r\u00e9siste aux hydrocarbures et aux glissements sur sols c\u00e9ramiques et acier et permet un confort d&rsquo;usage durable.<\/strong><\/p>\n<p><strong>&#8211; L&rsquo;insert r\u00e9fl\u00e9chissant \u00e0 l&rsquo;arri\u00e8re augmente la s\u00e9curit\u00e9 des personnes travaillant de nuit.<\/strong><\/p>\n<p><strong>&#8211; Ce mod\u00e8le est \u00e9quip\u00e9 d\u2019un embout et d&rsquo;une semelle intercalaire en acier pour une protection contre la perforation ou la chute d\u2019objets lourds.<\/strong><\/p>\n<p><strong>&#8211; NACRITE est adapt\u00e9e \u00e0 tout type d&rsquo;utilisation en int\u00e9rieur ou en environnement sec.<\/strong><\/p>\n<p><a href=\"http:\/\/prosafedz.com\/fr\/wp-content\/uploads\/2022\/09\/9NAC010.pdf\" target=\"_blank\" rel=\"noopener noreferrer\"><button style=\"background-color: #90a96b; font-seize: 20px;\"><strong>T\u00e9l\u00e9charger La Fiche Technique<\/strong><\/button><\/a><\/p>\n","protected":false},"featured_media":34130,"template":"","meta":[],"product_brand":[],"product_cat":[776],"product_tag":[],"class_list":{"0":"post-34128","1":"product","2":"type-product","3":"status-publish","4":"has-post-thumbnail","6":"product_cat-7-1-chaussures-hautes","8":"first","9":"instock","10":"shipping-taxable","11":"product-type-simple"},"_links":{"self":[{"href":"https:\/\/prosafedz.com\/fr\/wp-json\/wp\/v2\/product\/34128","targetHints":{"allow":["GET"]}}],"collection":[{"href":"https:\/\/prosafedz.com\/fr\/wp-json\/wp\/v2\/product"}],"about":[{"href":"https:\/\/prosafedz.com\/fr\/wp-json\/wp\/v2\/types\/product"}],"wp:featuredmedia":[{"embeddable":true,"href":"https:\/\/prosafedz.com\/fr\/wp-json\/wp\/v2\/media\/34130"}],"wp:attachment":[{"href":"https:\/\/prosafedz.com\/fr\/wp-json\/wp\/v2\/media?parent=34128"}],"wp:term":[{"taxonomy":"product_brand","embeddable":true,"href":"https:\/\/prosafedz.com\/fr\/wp-json\/wp\/v2\/product_brand?post=34128"},{"taxonomy":"product_cat","embeddable":true,"href":"https:\/\/prosafedz.com\/fr\/wp-json\/wp\/v2\/product_cat?post=34128"},{"taxonomy":"product_tag","embeddable":true,"href":"https:\/\/prosafedz.com\/fr\/wp-json\/wp\/v2\/product_tag?post=34128"}],"curies":[{"name":"wp","href":"https:\/\/api.w.org\/{rel}","templated":true}]}}