{"id":34103,"date":"2022-09-05T16:53:06","date_gmt":"2022-09-05T14:53:06","guid":{"rendered":"https:\/\/prosafedz.com\/fr\/?post_type=product&#038;p=34103"},"modified":"2024-09-15T12:06:59","modified_gmt":"2024-09-15T10:06:59","slug":"gant-manutention-generale-lourde-ref-158","status":"publish","type":"product","link":"https:\/\/prosafedz.com\/fr\/produit\/gant-manutention-generale-lourde-ref-158\/","title":{"rendered":"Gant manutention g\u00e9n\u00e9rale et lourde R\u00e9f 158"},"content":{"rendered":"<p><strong>LES + :<\/strong><\/p>\n<p><strong>&#8211; Prot\u00e8ge-art\u00e8re.<\/strong><br \/>\n<strong>&#8211; Paume doubl\u00e9e coton.<\/strong><\/p>\n<p><strong>EXEMPLES D&rsquo;APPLICATIONS<br \/>\n&#8211; <\/strong>Manutention g\u00e9n\u00e9rale et lourde en milieu sec et peu salissant<br \/>\n<strong>&#8211;<\/strong> bois et menuiserie<br \/>\n<strong>&#8211;<\/strong> activit\u00e9s de transport et de magasinier<br \/>\n<strong>SECTEURS<br \/>\n&#8211;<\/strong> Exploitation mini\u00e8re<br \/>\n<strong>&#8211;<\/strong> Infrastructures, BTP, TP<br \/>\n<strong>&#8211;<\/strong> Second-\u0153uvre du b\u00e2timent<br \/>\n<strong>&#8211;<\/strong> Transport (hors fabrication) et logistique<br \/>\n<strong>NORME(S)<br \/>\nEN420:2003 + A1:2009<br \/>\nEN388:2016<\/strong><\/p>\n","protected":false},"excerpt":{"rendered":"<p><strong>Mati\u00e8re : Cro\u00fbte de vachette noire<\/strong><\/p>\n<p><strong>Paume : Doubl\u00e9e coton<\/strong><\/p>\n<p><strong>Dos : Toile jaune<\/strong><\/p>\n<p><strong>Manchette : Toile forte jaune<\/strong><\/p>\n<p><a href=\"http:\/\/prosafedz.com\/fr\/wp-content\/uploads\/2022\/09\/MO158_fr.pdf\" target=\"_blank\" rel=\"noopener noreferrer\"><button style=\"background-color: #90a96b; font-seize: 20px;\"><strong>T\u00e9l\u00e9charger La Fiche Technique<\/strong><\/button><\/a><\/p>\n","protected":false},"featured_media":34105,"template":"","meta":[],"product_brand":[],"product_cat":[125],"product_tag":[],"class_list":{"0":"post-34103","1":"product","2":"type-product","3":"status-publish","4":"has-post-thumbnail","6":"product_cat-5-3-gants-de-manutention-docker-tricote","8":"first","9":"instock","10":"shipping-taxable","11":"product-type-simple"},"_links":{"self":[{"href":"https:\/\/prosafedz.com\/fr\/wp-json\/wp\/v2\/product\/34103","targetHints":{"allow":["GET"]}}],"collection":[{"href":"https:\/\/prosafedz.com\/fr\/wp-json\/wp\/v2\/product"}],"about":[{"href":"https:\/\/prosafedz.com\/fr\/wp-json\/wp\/v2\/types\/product"}],"wp:featuredmedia":[{"embeddable":true,"href":"https:\/\/prosafedz.com\/fr\/wp-json\/wp\/v2\/media\/34105"}],"wp:attachment":[{"href":"https:\/\/prosafedz.com\/fr\/wp-json\/wp\/v2\/media?parent=34103"}],"wp:term":[{"taxonomy":"product_brand","embeddable":true,"href":"https:\/\/prosafedz.com\/fr\/wp-json\/wp\/v2\/product_brand?post=34103"},{"taxonomy":"product_cat","embeddable":true,"href":"https:\/\/prosafedz.com\/fr\/wp-json\/wp\/v2\/product_cat?post=34103"},{"taxonomy":"product_tag","embeddable":true,"href":"https:\/\/prosafedz.com\/fr\/wp-json\/wp\/v2\/product_tag?post=34103"}],"curies":[{"name":"wp","href":"https:\/\/api.w.org\/{rel}","templated":true}]}}