{"id":34072,"date":"2022-06-23T17:20:22","date_gmt":"2022-06-23T15:20:22","guid":{"rendered":"https:\/\/prosafedz.com\/fr\/?post_type=product&#038;p=34072"},"modified":"2024-09-15T12:08:12","modified_gmt":"2024-09-15T10:08:12","slug":"gant-manutention-travaux-de-precision-eurolite-15n500-ref-1nisg","status":"publish","type":"product","link":"https:\/\/prosafedz.com\/fr\/produit\/gant-manutention-travaux-de-precision-eurolite-15n500-ref-1nisg\/","title":{"rendered":"Gant manutention et travaux de pr\u00e9cision EUROLITE 15N500 R\u00e9f 1NISG"},"content":{"rendered":"<p><strong>LES + :<\/strong><\/p>\n<p><strong>&#8211; Excellent confort.<\/strong><br \/>\n<strong>&#8211; Sensation seconde peau.<\/strong><br \/>\n<strong>&#8211; OEKO-TEX.<\/strong><br \/>\n<strong>&#8211; Grip exceptionnel en milieu huileux.<\/strong><\/p>\n<p><strong>EXEMPLES D&rsquo;APPLICATIONS<br \/>\n&#8211; <\/strong>Adapt\u00e9 pour tous les principaux travaux fins en milieu huileux et gras<br \/>\n<strong>&#8211;<\/strong> usinage de pi\u00e8ces en pr\u00e9sence d\u2019huile de coupe<br \/>\n<strong>&#8211;<\/strong> manipulation de t\u00f4les, de pi\u00e8ces m\u00e9caniques et tri de petites pi\u00e8ces<br \/>\n<strong>&#8211;<\/strong> travaux de maintenance en environnement humide, eau, huiles, graisses, hydrocarbures<br \/>\n<strong>&#8211;<\/strong> travaux de d\u00e9coupage, emboutissage<br \/>\n<strong>&#8211;<\/strong> maintenance industrielle et travaux d&rsquo;entretien<br \/>\n<strong>SECTEURS<br \/>\n&#8211;<\/strong> Industries lourdes et de process (sid\u00e9rurgie, m\u00e9tallurgie, papier, b\u00e9ton, pl\u00e2tre\u2026)<br \/>\n<strong>&#8211;<\/strong> Industries l\u00e9g\u00e8res (textile, cuir, plasturgie, caoutchouc, meubles, luxe\u2026)<br \/>\n<strong>&#8211;<\/strong> Maintenance<br \/>\n<strong>&#8211;<\/strong> Services et distribution (magasins, h\u00f4tels\/restaurants, nettoyage, garages\u2026)<br \/>\n<strong>CONDITIONNEMENT DE VENTE<br \/>\n<\/strong>Emballage individuel brochable<br \/>\n<strong>NORME(S)<br \/>\nEN420:2003 + A1:2009<br \/>\nEN388:2016<\/strong><\/p>\n","protected":false},"excerpt":{"rendered":"<p><strong>&#8211; Tricot gris sans couture \u00e0 base de polyamide, jauge 15.<\/strong><\/p>\n<p><strong>&#8211; Double enduction palmaire en nitrile lisse noir avec effet grain\u00e9 sur la paume.<\/strong><\/p>\n<p><strong>&#8211; Poignet tricot.<\/strong><\/p>\n<p><strong>&#8211; Certifi\u00e9 Oeko-tex standard 100.<\/strong><\/p>\n<p><a href=\"http:\/\/prosafedz.com\/fr\/wp-content\/uploads\/2022\/06\/1NISG_fr.pdf\" target=\"_blank\" rel=\"noopener noreferrer\"><button style=\"background-color: #90a96b; font-seize: 20px;\"><strong>T\u00e9l\u00e9charger La Fiche Technique<\/strong><\/button><\/a><\/p>\n","protected":false},"featured_media":34075,"template":"","meta":[],"product_brand":[],"product_cat":[125,262],"product_tag":[],"class_list":{"0":"post-34072","1":"product","2":"type-product","3":"status-publish","4":"has-post-thumbnail","6":"product_cat-5-3-gants-de-manutention-docker-tricote","7":"product_cat-5-2-gants-de-precision","9":"first","10":"instock","11":"shipping-taxable","12":"product-type-simple"},"_links":{"self":[{"href":"https:\/\/prosafedz.com\/fr\/wp-json\/wp\/v2\/product\/34072","targetHints":{"allow":["GET"]}}],"collection":[{"href":"https:\/\/prosafedz.com\/fr\/wp-json\/wp\/v2\/product"}],"about":[{"href":"https:\/\/prosafedz.com\/fr\/wp-json\/wp\/v2\/types\/product"}],"wp:featuredmedia":[{"embeddable":true,"href":"https:\/\/prosafedz.com\/fr\/wp-json\/wp\/v2\/media\/34075"}],"wp:attachment":[{"href":"https:\/\/prosafedz.com\/fr\/wp-json\/wp\/v2\/media?parent=34072"}],"wp:term":[{"taxonomy":"product_brand","embeddable":true,"href":"https:\/\/prosafedz.com\/fr\/wp-json\/wp\/v2\/product_brand?post=34072"},{"taxonomy":"product_cat","embeddable":true,"href":"https:\/\/prosafedz.com\/fr\/wp-json\/wp\/v2\/product_cat?post=34072"},{"taxonomy":"product_tag","embeddable":true,"href":"https:\/\/prosafedz.com\/fr\/wp-json\/wp\/v2\/product_tag?post=34072"}],"curies":[{"name":"wp","href":"https:\/\/api.w.org\/{rel}","templated":true}]}}