{"id":34043,"date":"2022-06-05T16:22:54","date_gmt":"2022-06-05T14:22:54","guid":{"rendered":"https:\/\/prosafedz.com\/fr\/?post_type=product&#038;p=34043"},"modified":"2022-06-05T16:22:54","modified_gmt":"2022-06-05T14:22:54","slug":"gant-manutention-travaux-de-precision-eurolite-sl555n-ref-1nifb","status":"publish","type":"product","link":"https:\/\/prosafedz.com\/fr\/produit\/gant-manutention-travaux-de-precision-eurolite-sl555n-ref-1nifb\/","title":{"rendered":"Gant manutention et travaux de pr\u00e9cision EUROLITE SL555N R\u00e9f 1NIFB"},"content":{"rendered":"<p><strong>LES + :<\/strong><\/p>\n<p><strong>&#8211; Enduction 100% dos : protection optimis\u00e9e de la peau contre les risques de dermatites.<\/strong><br \/>\n<strong>&#8211; Excellent confort.<\/strong><br \/>\n<strong>&#8211; Grip exceptionnel \u00e0 l&rsquo;huile.<\/strong><\/p>\n<p><strong>EXEMPLES D&rsquo;APPLICATIONS<br \/>\n&#8211; <\/strong>Adapt\u00e9 pour tous les principaux travaux fins en milieu huileux et gras<br \/>\n<strong>&#8211;<\/strong> industries m\u00e9canique et automobile<br \/>\n<strong>&#8211;<\/strong> usinage de pi\u00e8ces en pr\u00e9sence d\u2019huile de coupe<br \/>\n<strong>&#8211;<\/strong> manipulation de t\u00f4les, de pi\u00e8ces m\u00e9caniques huil\u00e9es et tri de petites pi\u00e8ces<br \/>\n<strong>&#8211;<\/strong> travaux de maintenance en environnement humide, eau, huiles, graisses, hydrocarbures<br \/>\n<strong>&#8211;<\/strong> assemblage de petites pi\u00e8ces huileuses<br \/>\n<strong>&#8211;<\/strong> petits travaux de maintenance g\u00e9n\u00e9rale et d&rsquo;entretien<br \/>\n<strong>SECTEURS<br \/>\n&#8211;<\/strong> Industries lourdes et de process<br \/>\n<strong>&#8211;<\/strong> Industries l\u00e9g\u00e8res<br \/>\n<strong>&#8211;<\/strong> Maintenance<br \/>\n<strong>&#8211;<\/strong> Services et distribution (magasins, h\u00f4tels\/restaurants, nettoyage, garages\u2026)<br \/>\n<strong>NORME(S)<br \/>\n<\/strong>Ce gant est conforme au mod\u00e8le de l&rsquo;\u00e9quipement de protection individuelle ayant fait l&rsquo;objet de l&rsquo;attestation CE de type <strong>0075\/1747\/162\/01\/17\/0106 EXT 01\/01\/17.<br \/>\n<\/strong>D\u00e9livr\u00e9e par<strong> CTC (0075)<br \/>\nEN420:2003 + A1:2009<br \/>\nEN388:2016<\/strong><\/p>\n","protected":false},"excerpt":{"rendered":"<p><strong>&#8211; Tricot noir sans couture \u00e0 base de polyester, jauge 15.<\/strong><\/p>\n<p><strong>&#8211; Double enduction : nitrile lisse orange sur 100% dos et nitrile noir effet grain\u00e9 de la paume.<\/strong><\/p>\n<p><strong>&#8211; Poignet tricot.<\/strong><\/p>\n<p><a href=\"http:\/\/prosafedz.com\/fr\/wp-content\/uploads\/2022\/06\/1NIFB_fr.pdf\" target=\"_blank\" rel=\"noopener noreferrer\"><button style=\"background-color: #90a96b; font-seize: 20px;\"><strong>T\u00e9l\u00e9charger La Fiche Technique<\/strong><\/button><\/a><\/p>\n","protected":false},"featured_media":34045,"template":"","meta":[],"product_brand":[],"product_cat":[125,262],"product_tag":[],"class_list":{"0":"post-34043","1":"product","2":"type-product","3":"status-publish","4":"has-post-thumbnail","6":"product_cat-5-3-gants-de-manutention-docker-tricote","7":"product_cat-5-2-gants-de-precision","9":"first","10":"instock","11":"shipping-taxable","12":"product-type-simple"},"_links":{"self":[{"href":"https:\/\/prosafedz.com\/fr\/wp-json\/wp\/v2\/product\/34043","targetHints":{"allow":["GET"]}}],"collection":[{"href":"https:\/\/prosafedz.com\/fr\/wp-json\/wp\/v2\/product"}],"about":[{"href":"https:\/\/prosafedz.com\/fr\/wp-json\/wp\/v2\/types\/product"}],"wp:featuredmedia":[{"embeddable":true,"href":"https:\/\/prosafedz.com\/fr\/wp-json\/wp\/v2\/media\/34045"}],"wp:attachment":[{"href":"https:\/\/prosafedz.com\/fr\/wp-json\/wp\/v2\/media?parent=34043"}],"wp:term":[{"taxonomy":"product_brand","embeddable":true,"href":"https:\/\/prosafedz.com\/fr\/wp-json\/wp\/v2\/product_brand?post=34043"},{"taxonomy":"product_cat","embeddable":true,"href":"https:\/\/prosafedz.com\/fr\/wp-json\/wp\/v2\/product_cat?post=34043"},{"taxonomy":"product_tag","embeddable":true,"href":"https:\/\/prosafedz.com\/fr\/wp-json\/wp\/v2\/product_tag?post=34043"}],"curies":[{"name":"wp","href":"https:\/\/api.w.org\/{rel}","templated":true}]}}