{"id":34025,"date":"2022-05-18T15:36:08","date_gmt":"2022-05-18T13:36:08","guid":{"rendered":"https:\/\/prosafedz.com\/fr\/?post_type=product&#038;p=34025"},"modified":"2024-09-15T12:08:40","modified_gmt":"2024-09-15T10:08:40","slug":"gant-manutention-travaux-de-precision-eurolite-13n404-ref-1nidb","status":"publish","type":"product","link":"https:\/\/prosafedz.com\/fr\/produit\/gant-manutention-travaux-de-precision-eurolite-13n404-ref-1nidb\/","title":{"rendered":"Gant manutention et travaux de pr\u00e9cision EUROLITE 13N404 R\u00e9f 1NIDB"},"content":{"rendered":"<p><strong>LES + :<\/strong><\/p>\n<p><strong>&#8211; Gant enduit nitrile lisse pour manipulation en milieu sec ou humide.<br \/>\n&#8211; Excellente r\u00e9sistance \u00e0 l&rsquo;abrasion.<br \/>\n&#8211; Grande dext\u00e9rit\u00e9.<\/strong><\/p>\n<p><strong>SECTEURS<br \/>\n&#8211; <\/strong>Industries lourdes et de process (sid\u00e9rurgie, m\u00e9tallurgie, papier, b\u00e9ton, pl\u00e2tre\u2026)<br \/>\n<strong>&#8211;<\/strong> Industries l\u00e9g\u00e8res (textile, cuir, plasturgie, caoutchouc, meubles, luxe\u2026)<br \/>\n<strong>&#8211;<\/strong> Fabrication d\u2019\u00e9quipements et machines \u00e9lectriques et \u00e9lectroniques<br \/>\n<strong>&#8211;<\/strong> Second-\u0153uvre du b\u00e2timent<br \/>\n<strong>&#8211;<\/strong> Transport (hors fabrication) et logistique<br \/>\n<strong>&#8211;<\/strong> Services et distribution (magasins, h\u00f4tels\/restaurants, nettoyage)<br \/>\n<strong>NORME(S)<br \/>\nEN420:2003 + A1:2009<br \/>\nEN388:2016<\/strong><\/p>\n","protected":false},"excerpt":{"rendered":"<p><strong>&#8211; Gant enduit sur support tricot en polyester, jauge 13, 180g\/m2.<\/strong><\/p>\n<p><strong>&#8211; Enduction nitrile 3\/4, lisse.<\/strong><\/p>\n<p><strong>&#8211; Poignet \u00e9lastique.<\/strong><\/p>\n<p><strong>&#8211; Gant id\u00e9al pour manutention en milieu sec ou humide.<\/strong><\/p>\n<p><strong>&#8211; Grande dext\u00e9rit\u00e9 pour une meilleure pr\u00e9hension des pi\u00e8ces.<\/strong><\/p>\n<p><strong>&#8211; Excellente r\u00e9sistance \u00e0 l&rsquo;abrasion (niveau 4\/4 selon la norme EN388).<\/strong><\/p>\n<p><strong>&#8211; Enduction 3\/4 pour un bon \u00e9quilibre entre protection et respirabilit\u00e9.<\/strong><\/p>\n<p><a href=\"http:\/\/prosafedz.com\/fr\/wp-content\/uploads\/2022\/05\/1NIDB_fr.pdf\" target=\"_blank\" rel=\"noopener noreferrer\"><button style=\"background-color: #90a96b; font-seize: 20px;\"><strong>T\u00e9l\u00e9charger La Fiche Technique<\/strong><\/button><\/a><\/p>\n<p>&nbsp;<\/p>\n","protected":false},"featured_media":34028,"template":"","meta":[],"product_brand":[],"product_cat":[125,262],"product_tag":[],"class_list":{"0":"post-34025","1":"product","2":"type-product","3":"status-publish","4":"has-post-thumbnail","6":"product_cat-5-3-gants-de-manutention-docker-tricote","7":"product_cat-5-2-gants-de-precision","9":"first","10":"instock","11":"shipping-taxable","12":"product-type-simple"},"_links":{"self":[{"href":"https:\/\/prosafedz.com\/fr\/wp-json\/wp\/v2\/product\/34025","targetHints":{"allow":["GET"]}}],"collection":[{"href":"https:\/\/prosafedz.com\/fr\/wp-json\/wp\/v2\/product"}],"about":[{"href":"https:\/\/prosafedz.com\/fr\/wp-json\/wp\/v2\/types\/product"}],"wp:featuredmedia":[{"embeddable":true,"href":"https:\/\/prosafedz.com\/fr\/wp-json\/wp\/v2\/media\/34028"}],"wp:attachment":[{"href":"https:\/\/prosafedz.com\/fr\/wp-json\/wp\/v2\/media?parent=34025"}],"wp:term":[{"taxonomy":"product_brand","embeddable":true,"href":"https:\/\/prosafedz.com\/fr\/wp-json\/wp\/v2\/product_brand?post=34025"},{"taxonomy":"product_cat","embeddable":true,"href":"https:\/\/prosafedz.com\/fr\/wp-json\/wp\/v2\/product_cat?post=34025"},{"taxonomy":"product_tag","embeddable":true,"href":"https:\/\/prosafedz.com\/fr\/wp-json\/wp\/v2\/product_tag?post=34025"}],"curies":[{"name":"wp","href":"https:\/\/api.w.org\/{rel}","templated":true}]}}