{"id":33991,"date":"2022-03-23T14:42:03","date_gmt":"2022-03-23T13:42:03","guid":{"rendered":"https:\/\/prosafedz.com\/fr\/?post_type=product&#038;p=33991"},"modified":"2024-09-15T12:10:11","modified_gmt":"2024-09-15T10:10:11","slug":"gant-manutention-de-precision-eurogrip-13l700-ref-1lasb","status":"publish","type":"product","link":"https:\/\/prosafedz.com\/fr\/produit\/gant-manutention-de-precision-eurogrip-13l700-ref-1lasb\/","title":{"rendered":"Gant manutention de pr\u00e9cision EUROGRIP 13L700 R\u00e9f 1LASB"},"content":{"rendered":"<p><strong>LES + :<\/strong><\/p>\n<p><strong>&#8211; Grip exceptionnel m\u00eame en milieu humide.<\/strong><br \/>\n<strong>&#8211; Niveau \u00e9lev\u00e9 de r\u00e9sistance \u00e0 la d\u00e9chirure pour une dur\u00e9e de vie prolong\u00e9e.<\/strong><br \/>\n<strong>&#8211; Manutentions de pr\u00e9cision.<\/strong><\/p>\n<p><strong>DOMAINES D&rsquo;APPLICATION<br \/>\n&#8211; <\/strong>Agro-industrie<br \/>\n<strong>&#8211;<\/strong> Transport<br \/>\n<strong>&#8211;<\/strong> Logistique<br \/>\n<strong>&#8211;<\/strong> Construction<br \/>\n<strong>&#8211;<\/strong> Maintenance<br \/>\n<strong>&#8211;<\/strong> Second-oeuvre<br \/>\n<strong>&#8211;<\/strong> Plasturgie<br \/>\n<strong>CONDITIONNEMENT<br \/>\n&#8211;<\/strong> 100 PAIRES \/ CARTON<br \/>\n<strong>NORMES<br \/>\nEN420:2003+A1:2009<br \/>\nEN388:2016<br \/>\n&#8211;<\/strong> R\u00e9sistance \u00e0 l&rsquo;abrasion (3\/4)<br \/>\n<strong>&#8211;<\/strong> R\u00e9sistance \u00e0 la coupure (coupe-test) (1\/5)<br \/>\n<strong>&#8211;<\/strong> R\u00e9sistance au d\u00e9chirement (3\/4)<br \/>\n<strong>&#8211;<\/strong> R\u00e9sistance \u00e0 la perforation (1\/4)<br \/>\n<strong>&#8211;<\/strong> R\u00e9sistance \u00e0 la coupure (TDM) (X\/F)<\/p>\n","protected":false},"excerpt":{"rendered":"<p><strong>&#8211; Tricot sans couture en polyester bleu et Spandex de jauge 13.<\/strong><\/p>\n<p><strong>&#8211; Double enduction en latex bleu avec finition sabl\u00e9e de la paume et du pouce pour une meilleure protection de la main.<\/strong><\/p>\n<p><strong>&#8211; Bonne r\u00e9sistance aux d\u00e9chirures et \u00e0 l&rsquo;abrasion (niveau 3\/4 \u00e0 la EN 388).<\/strong><\/p>\n<p><strong>&#8211; Excellent grip en milieu humide ou sec.<\/strong><\/p>\n<p><strong>&#8211; Dos a\u00e9r\u00e9 pour un confort d\u2019utilisation accru.<\/strong><\/p>\n<p><strong>&#8211; Poignet \u00e9lastiqu\u00e9 pour une meilleure protection contre les salissures.<\/strong><\/p>\n<p><strong>&#8211; Sans couture pour \u00e9viter tous risques d\u2019irritation.<\/strong><\/p>\n<p><strong>&#8211; Id\u00e9al pour les travaux de manutention.<\/strong><\/p>\n<p><a href=\"http:\/\/prosafedz.com\/fr\/wp-content\/uploads\/2022\/03\/1LASB-fr.pdf\" target=\"_blank\" rel=\"noopener noreferrer\"><button style=\"background-color: #90a96b; font-seize: 20px;\"><strong>T\u00e9l\u00e9charger La Fiche Technique<\/strong><\/button><\/a><\/p>\n","protected":false},"featured_media":33994,"template":"","meta":[],"product_brand":[],"product_cat":[125],"product_tag":[],"class_list":{"0":"post-33991","1":"product","2":"type-product","3":"status-publish","4":"has-post-thumbnail","6":"product_cat-5-3-gants-de-manutention-docker-tricote","8":"first","9":"instock","10":"shipping-taxable","11":"product-type-simple"},"_links":{"self":[{"href":"https:\/\/prosafedz.com\/fr\/wp-json\/wp\/v2\/product\/33991","targetHints":{"allow":["GET"]}}],"collection":[{"href":"https:\/\/prosafedz.com\/fr\/wp-json\/wp\/v2\/product"}],"about":[{"href":"https:\/\/prosafedz.com\/fr\/wp-json\/wp\/v2\/types\/product"}],"wp:featuredmedia":[{"embeddable":true,"href":"https:\/\/prosafedz.com\/fr\/wp-json\/wp\/v2\/media\/33994"}],"wp:attachment":[{"href":"https:\/\/prosafedz.com\/fr\/wp-json\/wp\/v2\/media?parent=33991"}],"wp:term":[{"taxonomy":"product_brand","embeddable":true,"href":"https:\/\/prosafedz.com\/fr\/wp-json\/wp\/v2\/product_brand?post=33991"},{"taxonomy":"product_cat","embeddable":true,"href":"https:\/\/prosafedz.com\/fr\/wp-json\/wp\/v2\/product_cat?post=33991"},{"taxonomy":"product_tag","embeddable":true,"href":"https:\/\/prosafedz.com\/fr\/wp-json\/wp\/v2\/product_tag?post=33991"}],"curies":[{"name":"wp","href":"https:\/\/api.w.org\/{rel}","templated":true}]}}