{"id":33969,"date":"2022-02-20T15:19:41","date_gmt":"2022-02-20T14:19:41","guid":{"rendered":"https:\/\/prosafedz.com\/fr\/?post_type=product&#038;p=33969"},"modified":"2024-09-15T11:31:22","modified_gmt":"2024-09-15T09:31:22","slug":"casque-anti-bruit-max340-34db-ref-6mx340","status":"publish","type":"product","link":"https:\/\/prosafedz.com\/fr\/produit\/casque-anti-bruit-max340-34db-ref-6mx340\/","title":{"rendered":"Casque anti-bruit MAX340 34dB R\u00e9f 6MX340"},"content":{"rendered":"<p><strong>Les +<\/strong><\/p>\n<p><strong>&#8211; Protection auditive \u00e9lev\u00e9e (34dB).<\/strong><br \/>\n<strong>&#8211; Excellente combinaison de haute protection et l\u00e9g\u00e8ret\u00e9.<\/strong><br \/>\n<strong>&#8211; Arceau r\u00e9glable et confortable.<\/strong><br \/>\n<strong>&#8211; Renfort et coussinets PVC tr\u00e8s confortable, sensation tissu.<\/strong><\/p>\n<p><strong>EXEMPLES D&rsquo;APPLICATIONS<br \/>\n&#8211; <\/strong>BTP et travaux public, Site de production<\/p>\n<p><strong>SECTEURS<br \/>\n&#8211; <\/strong>Constructions m\u00e9caniques (industrie automobile, a\u00e9ronautique, v\u00e9hicules de transport)<br \/>\n<strong>&#8211;<\/strong> Industries l\u00e9g\u00e8res (textile, cuir, plasturgie, caoutchouc, meubles, luxe\u2026)<br \/>\n<strong>&#8211;<\/strong> Collectivit\u00e9s (maintenance, entretien d\u2019espaces verts, collecte des d\u00e9chets\u2026)<br \/>\n<strong>&#8211;<\/strong> Maintenance<br \/>\n<strong>&#8211;<\/strong> Infrastructures, BTP, TP<br \/>\n<strong>&#8211;<\/strong> Transport (hors fabrication) et logistique<\/p>\n<p><strong>NORMES<br \/>\n<\/strong>Cet \u00e9quipement est conforme au mod\u00e8le de l&rsquo;\u00e9quipement de protection individuelle ayant fait l&rsquo;objet de l&rsquo;attestation CE de type <strong>2777\/13335-03\/E01-01.<br \/>\n<\/strong>D\u00e9livr\u00e9 par <strong>SATRA Technology Europe<\/strong> Ltd (2777) Bracetown Business Park- Clonee- Dublin 15 Dublin Ireland.<strong><br \/>\n<\/strong><\/p>\n<p><iframe loading=\"lazy\" title=\"YouTube video player\" src=\"https:\/\/www.youtube.com\/embed\/GqiMusyn3CI\" width=\"560\" height=\"315\" frameborder=\"0\" allowfullscreen=\"allowfullscreen\"><\/iframe><\/p>\n","protected":false},"excerpt":{"rendered":"<p><strong>Casque Anti-bruit MAX 340. Coque en ABS noir et jaune fluo, arceau r\u00e9glable en acier inoxydable, avec matelassage sensation tissu, coussinets PVC noir sensation cuir.<\/strong><\/p>\n<p><a href=\"http:\/\/prosafedz.com\/fr\/wp-content\/uploads\/2022\/02\/6MX340.pdf\" target=\"_blank\" rel=\"noopener noreferrer\"><button style=\"background-color: #90a96b; font-seize: 20px;\"><strong>T\u00e9l\u00e9charger La Fiche Technique<\/strong><\/button><\/a><\/p>\n","protected":false},"featured_media":33971,"template":"","meta":[],"product_brand":[],"product_cat":[696],"product_tag":[],"class_list":{"0":"post-33969","1":"product","2":"type-product","3":"status-publish","4":"has-post-thumbnail","6":"product_cat-4-4-casque-anti-bruit","8":"first","9":"instock","10":"shipping-taxable","11":"product-type-simple"},"_links":{"self":[{"href":"https:\/\/prosafedz.com\/fr\/wp-json\/wp\/v2\/product\/33969","targetHints":{"allow":["GET"]}}],"collection":[{"href":"https:\/\/prosafedz.com\/fr\/wp-json\/wp\/v2\/product"}],"about":[{"href":"https:\/\/prosafedz.com\/fr\/wp-json\/wp\/v2\/types\/product"}],"wp:featuredmedia":[{"embeddable":true,"href":"https:\/\/prosafedz.com\/fr\/wp-json\/wp\/v2\/media\/33971"}],"wp:attachment":[{"href":"https:\/\/prosafedz.com\/fr\/wp-json\/wp\/v2\/media?parent=33969"}],"wp:term":[{"taxonomy":"product_brand","embeddable":true,"href":"https:\/\/prosafedz.com\/fr\/wp-json\/wp\/v2\/product_brand?post=33969"},{"taxonomy":"product_cat","embeddable":true,"href":"https:\/\/prosafedz.com\/fr\/wp-json\/wp\/v2\/product_cat?post=33969"},{"taxonomy":"product_tag","embeddable":true,"href":"https:\/\/prosafedz.com\/fr\/wp-json\/wp\/v2\/product_tag?post=33969"}],"curies":[{"name":"wp","href":"https:\/\/api.w.org\/{rel}","templated":true}]}}