{"id":33966,"date":"2022-02-20T14:29:14","date_gmt":"2022-02-20T13:29:14","guid":{"rendered":"https:\/\/prosafedz.com\/fr\/?post_type=product&#038;p=33966"},"modified":"2025-02-16T09:47:16","modified_gmt":"2025-02-16T08:47:16","slug":"coquille-anti-bruit-max300-30db-ref-6mx300","status":"publish","type":"product","link":"https:\/\/prosafedz.com\/fr\/produit\/coquille-anti-bruit-max300-30db-ref-6mx300\/","title":{"rendered":"Coquille anti-bruit MAX300 30dB R\u00e9f 6MX300"},"content":{"rendered":"<p><strong>Les +<\/strong><\/p>\n<p><strong>Protection auditive \u00e9lev\u00e9e :<\/strong><br \/>\n<strong>&#8211; Excellente combinaison de haute protection et l\u00e9g\u00e8ret\u00e9.<\/strong><br \/>\n<strong>Confort :<\/strong><br \/>\n<strong>&#8211; Renfort et coussinets PVC tr\u00e8s confortable, sensation tissu et cuir.<\/strong><br \/>\n<strong>&#8211; Utilisation \u00e9galement recommand\u00e9e dans les environnements \u00e9lectriques (0% m\u00e9tal).<\/strong><br \/>\n<strong>&#8211; S&rsquo;adapte sur tous les casques de chantier Coverguard (Albatros, Goeland, Classic,&#8230;).<\/strong><\/p>\n<p><strong>EXEMPLES D&rsquo;APPLICATIONS<br \/>\n&#8211; <\/strong>BTP et travaux public, Site de production<\/p>\n<p><strong>SECTEURS<br \/>\n&#8211;<\/strong> Agriculture, sylviculture et p\u00eache<br \/>\n<strong>&#8211;<\/strong> Industries extractives (p\u00e9trole, gas)<br \/>\n<strong>&#8211;<\/strong> Industries lourdes et de process (sid\u00e9rurgie, m\u00e9tallurgie, papier, b\u00e9ton, pl\u00e2tre\u2026)<br \/>\n<strong>&#8211;<\/strong> Energie (production et distribution)<br \/>\n<strong>&#8211;<\/strong> Collectivit\u00e9s (maintenance, entretien d\u2019espaces verts, collecte des d\u00e9chets\u2026)<br \/>\n<strong>&#8211;<\/strong> Infrastructures, BTP, TP<\/p>\n<p><strong>NORMES<br \/>\n<\/strong>Cet \u00e9quipement est conforme au mod\u00e8le de l&rsquo;\u00e9quipement de protection individuelle ayant fait l&rsquo;objet de l&rsquo;attestation CE de type <strong>2777\/13327-01\/E08-01.<br \/>\n<\/strong>D\u00e9livr\u00e9e par <strong>SATRA Technology Europe<\/strong> Ltd (2777) Bracetown Business Park- Clonee- Dublin 15 Dublin Ireland.<strong><br \/>\n<\/strong><\/p>\n","protected":false},"excerpt":{"rendered":"<p><strong>Coquille en ABS noir et jaune fluo, coussinets PVC noir sensation cuir, adaptateur en polyamide avec bras r\u00e9glable en POM.<\/strong><\/p>\n<p><a href=\"http:\/\/prosafedz.com\/fr\/wp-content\/uploads\/2022\/02\/6MX300.pdf\" target=\"_blank\" rel=\"noopener noreferrer\"><button style=\"background-color: #90a96b; font-seize: 20px;\"><strong>T\u00e9l\u00e9charger La Fiche Technique<\/strong><\/button><\/a><\/p>\n","protected":false},"featured_media":33968,"template":"","meta":[],"product_brand":[],"product_cat":[706],"product_tag":[],"class_list":{"0":"post-33966","1":"product","2":"type-product","3":"status-publish","4":"has-post-thumbnail","6":"product_cat-4-3-coquilles-anti-bruit-a-fixer-sur-casque","8":"first","9":"instock","10":"shipping-taxable","11":"product-type-simple"},"_links":{"self":[{"href":"https:\/\/prosafedz.com\/fr\/wp-json\/wp\/v2\/product\/33966","targetHints":{"allow":["GET"]}}],"collection":[{"href":"https:\/\/prosafedz.com\/fr\/wp-json\/wp\/v2\/product"}],"about":[{"href":"https:\/\/prosafedz.com\/fr\/wp-json\/wp\/v2\/types\/product"}],"wp:featuredmedia":[{"embeddable":true,"href":"https:\/\/prosafedz.com\/fr\/wp-json\/wp\/v2\/media\/33968"}],"wp:attachment":[{"href":"https:\/\/prosafedz.com\/fr\/wp-json\/wp\/v2\/media?parent=33966"}],"wp:term":[{"taxonomy":"product_brand","embeddable":true,"href":"https:\/\/prosafedz.com\/fr\/wp-json\/wp\/v2\/product_brand?post=33966"},{"taxonomy":"product_cat","embeddable":true,"href":"https:\/\/prosafedz.com\/fr\/wp-json\/wp\/v2\/product_cat?post=33966"},{"taxonomy":"product_tag","embeddable":true,"href":"https:\/\/prosafedz.com\/fr\/wp-json\/wp\/v2\/product_tag?post=33966"}],"curies":[{"name":"wp","href":"https:\/\/api.w.org\/{rel}","templated":true}]}}