{"id":33886,"date":"2022-02-10T15:46:13","date_gmt":"2022-02-10T14:46:13","guid":{"rendered":"https:\/\/prosafedz.com\/fr\/?post_type=product&#038;p=33886"},"modified":"2024-09-15T12:10:42","modified_gmt":"2024-09-15T10:10:42","slug":"gant-anti-coupure-5-gris-paume-enduit-latex-noir-ref-1crdb","status":"publish","type":"product","link":"https:\/\/prosafedz.com\/fr\/produit\/gant-anti-coupure-5-gris-paume-enduit-latex-noir-ref-1crdb\/","title":{"rendered":"Gant anti-coupure 5 gris paume enduit Latex noir R\u00e9f 1CRDB"},"content":{"rendered":"<p><strong>Packaging<br \/>\n&#8211; <\/strong>Emballage individuel, 10 paires par sachet et 10 sachets par carton, 100 paires dans 1 carton<br \/>\n<strong>Norme<br \/>\n<\/strong>Cet article est conforme au mod\u00e8le de l\u2019\u00e9quipement de protection individuelle ayant fait l\u2019objet de L\u2019attestation CE de type <strong>N\u00b0 0075\/1599\/162\/10\/14\/1035 Ext 02\/02\/15.<br \/>\n<\/strong>D\u00e9livr\u00e9 par <strong>CTC (organisme notifi\u00e9 n\u00b0 0075)<br \/>\n&#8211;<\/strong> R\u00e9sistance \u00e0 l\u2019Abrasion = 3\/4<br \/>\n<strong>&#8211;<\/strong> R\u00e9sistance \u00e0 la Coupure = 5\/5<br \/>\n<strong>&#8211;<\/strong> R\u00e9sistance \u00e0 la D\u00e9chirure = 4\/4<br \/>\n<strong>&#8211;<\/strong> R\u00e9sistance \u00e0 la Perforation = 2\/4<\/p>\n","protected":false},"excerpt":{"rendered":"<p><strong>Construction : Tricot\u00e9<\/strong><\/p>\n<p><strong>Support : Poly\u00e9thyl\u00e8ne Haute densit\u00e9<\/strong><\/p>\n<p><strong>Enduction : Latex noir<\/strong><\/p>\n<p><strong>Finition : Paume enduite<\/strong><\/p>\n<p><strong>poignet : Elastique<\/strong><\/p>\n<p><a href=\"http:\/\/prosafedz.com\/fr\/wp-content\/uploads\/2022\/02\/1CRDB09.pdf\" target=\"_blank\" rel=\"noopener noreferrer\"><button style=\"background-color: #90a96b; font-seize: 20px;\"><strong>T\u00e9l\u00e9charger La Fiche Technique<\/strong><\/button><\/a><\/p>\n","protected":false},"featured_media":33888,"template":"","meta":[],"product_brand":[],"product_cat":[320],"product_tag":[],"class_list":{"0":"post-33886","1":"product","2":"type-product","3":"status-publish","4":"has-post-thumbnail","6":"product_cat-5-1-gants-anti-coupures","8":"first","9":"instock","10":"shipping-taxable","11":"product-type-simple"},"_links":{"self":[{"href":"https:\/\/prosafedz.com\/fr\/wp-json\/wp\/v2\/product\/33886","targetHints":{"allow":["GET"]}}],"collection":[{"href":"https:\/\/prosafedz.com\/fr\/wp-json\/wp\/v2\/product"}],"about":[{"href":"https:\/\/prosafedz.com\/fr\/wp-json\/wp\/v2\/types\/product"}],"wp:featuredmedia":[{"embeddable":true,"href":"https:\/\/prosafedz.com\/fr\/wp-json\/wp\/v2\/media\/33888"}],"wp:attachment":[{"href":"https:\/\/prosafedz.com\/fr\/wp-json\/wp\/v2\/media?parent=33886"}],"wp:term":[{"taxonomy":"product_brand","embeddable":true,"href":"https:\/\/prosafedz.com\/fr\/wp-json\/wp\/v2\/product_brand?post=33886"},{"taxonomy":"product_cat","embeddable":true,"href":"https:\/\/prosafedz.com\/fr\/wp-json\/wp\/v2\/product_cat?post=33886"},{"taxonomy":"product_tag","embeddable":true,"href":"https:\/\/prosafedz.com\/fr\/wp-json\/wp\/v2\/product_tag?post=33886"}],"curies":[{"name":"wp","href":"https:\/\/api.w.org\/{rel}","templated":true}]}}