{"id":33883,"date":"2022-02-10T14:13:48","date_gmt":"2022-02-10T13:13:48","guid":{"rendered":"https:\/\/prosafedz.com\/fr\/?post_type=product&#038;p=33883"},"modified":"2024-09-15T12:11:08","modified_gmt":"2024-09-15T10:11:08","slug":"gant-anti-coupure-eurocut-n318hv-ref-1crny-2","status":"publish","type":"product","link":"https:\/\/prosafedz.com\/fr\/produit\/gant-anti-coupure-eurocut-n318hv-ref-1crny-2\/","title":{"rendered":"Gant anti-coupure EUROCUT N318HV R\u00e9f 1CRNY"},"content":{"rendered":"<p><strong>LES + :<\/strong><\/p>\n<p><strong>&#8211; Protection \u00e9lev\u00e9e contre les <\/strong><strong>coupures.<br \/>\n&#8211; Confort maximum, sensation \u201cseconde peau\u201d.<br \/>\n&#8211; Manutention l\u00e9g\u00e8re.<\/strong><\/p>\n<p><strong>DOMAINES D&rsquo;APPLICATION<br \/>\n&#8211; <\/strong>Assainissement<br \/>\n<strong>&#8211;<\/strong> D\u00e9chets et recyclage<br \/>\n<strong>&#8211;<\/strong> Maintenance<br \/>\n<strong>&#8211;<\/strong> Electronique<br \/>\n<strong>&#8211;<\/strong> Travail du bois<br \/>\n<strong>&#8211;<\/strong> Travail du verre<br \/>\n<strong>NORMES<br \/>\nEN 420<br \/>\nEN 388<br \/>\n&#8211;<\/strong> R\u00e9sistance \u00e0 l&rsquo;abrasion (4\/4)<br \/>\n<strong>&#8211;<\/strong> R\u00e9sistance \u00e0 la coupure (3\/5)<br \/>\n<strong>&#8211;<\/strong> R\u00e9sistance au d\u00e9chirement (4\/4)<br \/>\n<strong>&#8211;<\/strong> R\u00e9sistance \u00e0 la perforation (2\/4)<\/p>\n","protected":false},"excerpt":{"rendered":"<p><strong>&#8211; Tricot sans couture HPPE + Nylon + Spandex jaune fluo de jauge 18.<\/strong><\/p>\n<p><strong>&#8211; Enduction de la paume en micro-mousse de nitrile noir.<\/strong><\/p>\n<p><strong>&#8211; Protection \u00e9lev\u00e9e contre les coupures (niveau 3 \u00e0 la EN 388).<\/strong><\/p>\n<p><strong>&#8211; Effet \u00ab seconde peau \u00bb pour une sensibilit\u00e9 tactile et un confort in\u00e9gal\u00e9.<\/strong><\/p>\n<p><strong>&#8211; Excellente adh\u00e9rence m\u00eame en milieu huileux.<\/strong><\/p>\n<p><strong>&#8211; Dur\u00e9e de vie prolong\u00e9e (r\u00e9sistance \u00e0 l\u2019abrasion niveau 4\/4 \u00e0 la EN 388).<\/strong><\/p>\n<p><strong>&#8211; Poignet \u00e9lastiqu\u00e9 pour une meilleure protection contre les salissures.<\/strong><\/p>\n<p><strong>&#8211; Sans couture pour \u00e9viter tous risques d\u2019irritation.<\/strong><\/p>\n<p><strong>&#8211; Couleur de la paume peu salissante.<\/strong><\/p>\n<p><strong>&#8211; Solution id\u00e9ale pour les t\u00e2ches polyvalentes en milieu sec ou humide.<\/strong><\/p>\n<p><strong>&#8211; Garanti sans silicone.<\/strong><\/p>\n<p><a href=\"http:\/\/prosafedz.com\/fr\/wp-content\/uploads\/2022\/01\/1crny09.pdf\" target=\"_blank\" rel=\"noopener noreferrer\"><button style=\"background-color: #90a96b; font-seize: 20px;\"><strong>T\u00e9l\u00e9charger La Fiche Technique<\/strong><\/button><\/a><\/p>\n","protected":false},"featured_media":33885,"template":"","meta":[],"product_brand":[],"product_cat":[320],"product_tag":[],"class_list":{"0":"post-33883","1":"product","2":"type-product","3":"status-publish","4":"has-post-thumbnail","6":"product_cat-5-1-gants-anti-coupures","8":"first","9":"instock","10":"shipping-taxable","11":"product-type-simple"},"_links":{"self":[{"href":"https:\/\/prosafedz.com\/fr\/wp-json\/wp\/v2\/product\/33883","targetHints":{"allow":["GET"]}}],"collection":[{"href":"https:\/\/prosafedz.com\/fr\/wp-json\/wp\/v2\/product"}],"about":[{"href":"https:\/\/prosafedz.com\/fr\/wp-json\/wp\/v2\/types\/product"}],"wp:featuredmedia":[{"embeddable":true,"href":"https:\/\/prosafedz.com\/fr\/wp-json\/wp\/v2\/media\/33885"}],"wp:attachment":[{"href":"https:\/\/prosafedz.com\/fr\/wp-json\/wp\/v2\/media?parent=33883"}],"wp:term":[{"taxonomy":"product_brand","embeddable":true,"href":"https:\/\/prosafedz.com\/fr\/wp-json\/wp\/v2\/product_brand?post=33883"},{"taxonomy":"product_cat","embeddable":true,"href":"https:\/\/prosafedz.com\/fr\/wp-json\/wp\/v2\/product_cat?post=33883"},{"taxonomy":"product_tag","embeddable":true,"href":"https:\/\/prosafedz.com\/fr\/wp-json\/wp\/v2\/product_tag?post=33883"}],"curies":[{"name":"wp","href":"https:\/\/api.w.org\/{rel}","templated":true}]}}