{"id":33840,"date":"2021-10-12T17:14:16","date_gmt":"2021-10-12T15:14:16","guid":{"rendered":"http:\/\/prosafedz.com\/fr\/?post_type=product&#038;p=33840"},"modified":"2021-10-12T17:14:16","modified_gmt":"2021-10-12T15:14:16","slug":"gant-anti-coupure-eurocut-l580-ref-1crhb-2","status":"publish","type":"product","link":"https:\/\/prosafedz.com\/fr\/produit\/gant-anti-coupure-eurocut-l580-ref-1crhb-2\/","title":{"rendered":"Gant anti-coupure EUROCUT L580 R\u00e9f 1CRHB"},"content":{"rendered":"<p><strong>LES + :<\/strong><\/p>\n<p><strong>&#8211; Niveau maximum de protection contre les coupures et la d\u00e9chirure.<br \/>\n&#8211;\u00a0Grip exceptionnel m\u00eame en milieu humide.<br \/>\n&#8211;\u00a0Dur\u00e9e de vie prolong\u00e9e.<br \/>\n&#8211;\u00a0Manipulation de pi\u00e8ces coupantes.<br \/>\n&#8211;\u00a0Garanti sans silicone.<\/strong><\/p>\n<p><strong>DOMAINES D&rsquo;APPLICATION<br \/>\n&#8211;\u00a0<\/strong>Assainissement<br \/>\n<strong>&#8211;<\/strong>\u00a0Construction<br \/>\n<strong>&#8211;<\/strong>\u00a0Maintenance<br \/>\n<strong>&#8211;<\/strong>\u00a0Travail du verre<br \/>\n<strong>&#8211;<\/strong>\u00a0D\u00e9chets et recyclage<br \/>\n<strong>&#8211;<\/strong>\u00a0Travail du m\u00e9tal<br \/>\n<strong>NORMES<br \/>\n<\/strong>Ce gant est conforme au mod\u00e8le de l&rsquo;\u00e9quipement de protection individuelle ayant fait\u00a0l&rsquo;objet de l&rsquo;attestation CE de type <strong>0075\/1747\/162\/06\/16\/0743.<br \/>\n<\/strong>D\u00e9livr\u00e9 par <strong>CTC (75)<br \/>\n&#8211;<\/strong> R\u00e9sistance \u00e0 l&rsquo;abrasion (3\/4)<br \/>\n<strong>&#8211;<\/strong> R\u00e9sistance \u00e0 la coupure (5\/5)<br \/>\n<strong>&#8211;<\/strong> R\u00e9sistance au d\u00e9chirement (4\/4)<br \/>\n<strong>&#8211;<\/strong> R\u00e9sistance \u00e0 la perforation (2\/4)<\/p>\n","protected":false},"excerpt":{"rendered":"<p><strong>&#8211; Tricot sans couture en HPPE + fibres min\u00e9rales + Nylon + Spandex gris chin\u00e9 de jauge 13.<\/strong><\/p>\n<p><strong>&#8211; Enduction de la paume en latex noir avec finition adh\u00e9ris\u00e9e.<\/strong><\/p>\n<p><strong>&#8211; Niveau maximum de protection maximum contre les coupures (5\/5 \u00e0 la EN 388).<\/strong><\/p>\n<p><strong>&#8211; Excellente r\u00e9sistance \u00e0 la d\u00e9chirure (4\/4 \u00e0 la EN 388)\u00a0: dur\u00e9e de vie prolong\u00e9e.<\/strong><\/p>\n<p><strong>&#8211; Grip exceptionnel m\u00eame en milieu humide.<\/strong><\/p>\n<p><strong>&#8211; Manipulations de pi\u00e8ces coupantes.<\/strong><\/p>\n<p><strong>&#8211; Poignet \u00e9lastiqu\u00e9 pour une meilleure protection contre les salissures.<\/strong><\/p>\n<p><strong>&#8211; Garanti sans silicone.<\/strong><\/p>\n<p><a href=\"http:\/\/prosafedz.com\/fr\/wp-content\/uploads\/2021\/10\/1crhb09-1.pdf\" target=\"_blank\" rel=\"noopener noreferrer\"><button style=\"background-color: #90a96b; font-seize: 20px;\"><strong>T\u00e9l\u00e9charger La Fiche Technique<\/strong><\/button><\/a><\/p>\n","protected":false},"featured_media":33835,"template":"","meta":[],"product_brand":[],"product_cat":[320],"product_tag":[],"class_list":{"0":"post-33840","1":"product","2":"type-product","3":"status-publish","4":"has-post-thumbnail","6":"product_cat-5-1-gants-anti-coupures","8":"first","9":"instock","10":"shipping-taxable","11":"product-type-simple"},"_links":{"self":[{"href":"https:\/\/prosafedz.com\/fr\/wp-json\/wp\/v2\/product\/33840","targetHints":{"allow":["GET"]}}],"collection":[{"href":"https:\/\/prosafedz.com\/fr\/wp-json\/wp\/v2\/product"}],"about":[{"href":"https:\/\/prosafedz.com\/fr\/wp-json\/wp\/v2\/types\/product"}],"wp:featuredmedia":[{"embeddable":true,"href":"https:\/\/prosafedz.com\/fr\/wp-json\/wp\/v2\/media\/33835"}],"wp:attachment":[{"href":"https:\/\/prosafedz.com\/fr\/wp-json\/wp\/v2\/media?parent=33840"}],"wp:term":[{"taxonomy":"product_brand","embeddable":true,"href":"https:\/\/prosafedz.com\/fr\/wp-json\/wp\/v2\/product_brand?post=33840"},{"taxonomy":"product_cat","embeddable":true,"href":"https:\/\/prosafedz.com\/fr\/wp-json\/wp\/v2\/product_cat?post=33840"},{"taxonomy":"product_tag","embeddable":true,"href":"https:\/\/prosafedz.com\/fr\/wp-json\/wp\/v2\/product_tag?post=33840"}],"curies":[{"name":"wp","href":"https:\/\/api.w.org\/{rel}","templated":true}]}}