{"id":33836,"date":"2021-10-05T17:20:23","date_gmt":"2021-10-05T15:20:23","guid":{"rendered":"http:\/\/prosafedz.com\/fr\/?post_type=product&#038;p=33836"},"modified":"2024-09-15T12:13:38","modified_gmt":"2024-09-15T10:13:38","slug":"gant-anti-coupure-5-gris-enduit-pu-noir-ref-1crbb","status":"publish","type":"product","link":"https:\/\/prosafedz.com\/fr\/produit\/gant-anti-coupure-5-gris-enduit-pu-noir-ref-1crbb\/","title":{"rendered":"Gant anti-coupure 5 gris enduit PU noir R\u00e9f 1CRBB"},"content":{"rendered":"<p><strong>Packaging<br \/>\n&#8211;\u00a0<\/strong>Emballage individuel, 10 paires par sachet et 10 sachets par carton, 100 paires dans 1 carton<br \/>\n<strong>Norme<br \/>\n<\/strong>Cet article est conforme au mod\u00e8le de l\u2019\u00e9quipement de protection individuelle ayant fait l\u2019objet de L\u2019attestation CE de type <strong>N\u00b0 0075\/1599\/162\/08\/14\/0858 Ext 02\/02\/15.<\/strong><br \/>\nD\u00e9livr\u00e9 par <strong>CTC (organisme notifi\u00e9 n\u00b0 0075)<br \/>\n&#8211;<\/strong> R\u00e9sistance \u00e0 l\u2019Abrasion = 4\/4<br \/>\n<strong>&#8211;<\/strong> R\u00e9sistance \u00e0 la Coupure = 5\/5<br \/>\n<strong>&#8211;<\/strong> R\u00e9sistance \u00e0 la D\u00e9chirure = 4\/4<br \/>\n<strong>&#8211;<\/strong> R\u00e9sistance \u00e0 la Perforation = 2\/4<\/p>\n<p><strong>\u00a0<\/strong><\/p>\n<p>&nbsp;<\/p>\n","protected":false},"excerpt":{"rendered":"<p><strong>Construction : Tricot\u00e9<\/strong><\/p>\n<p><strong>Support :\u00a0Poly\u00e9thyl\u00e8ne Haute densit\u00e9<\/strong><\/p>\n<p><strong>Enduction :\u00a0PU noir<\/strong><\/p>\n<p><strong>Finition :\u00a0Paume enduite<\/strong><\/p>\n<p><strong>Poignet :\u00a0Elastique<\/strong><\/p>\n<p><a href=\"http:\/\/prosafedz.com\/fr\/wp-content\/uploads\/2021\/10\/1CRBB07_1CRBB08_1CRBB09_1CRBB10.pdf\" target=\"_blank\" rel=\"noopener noreferrer\"><button style=\"background-color: #90a96b; font-seize: 20px;\"><strong>T\u00e9l\u00e9charger La Fiche Technique<\/strong><\/button><\/a><\/p>\n","protected":false},"featured_media":33838,"template":"","meta":[],"product_brand":[],"product_cat":[320],"product_tag":[],"class_list":{"0":"post-33836","1":"product","2":"type-product","3":"status-publish","4":"has-post-thumbnail","6":"product_cat-5-1-gants-anti-coupures","8":"first","9":"instock","10":"shipping-taxable","11":"product-type-simple"},"_links":{"self":[{"href":"https:\/\/prosafedz.com\/fr\/wp-json\/wp\/v2\/product\/33836","targetHints":{"allow":["GET"]}}],"collection":[{"href":"https:\/\/prosafedz.com\/fr\/wp-json\/wp\/v2\/product"}],"about":[{"href":"https:\/\/prosafedz.com\/fr\/wp-json\/wp\/v2\/types\/product"}],"wp:featuredmedia":[{"embeddable":true,"href":"https:\/\/prosafedz.com\/fr\/wp-json\/wp\/v2\/media\/33838"}],"wp:attachment":[{"href":"https:\/\/prosafedz.com\/fr\/wp-json\/wp\/v2\/media?parent=33836"}],"wp:term":[{"taxonomy":"product_brand","embeddable":true,"href":"https:\/\/prosafedz.com\/fr\/wp-json\/wp\/v2\/product_brand?post=33836"},{"taxonomy":"product_cat","embeddable":true,"href":"https:\/\/prosafedz.com\/fr\/wp-json\/wp\/v2\/product_cat?post=33836"},{"taxonomy":"product_tag","embeddable":true,"href":"https:\/\/prosafedz.com\/fr\/wp-json\/wp\/v2\/product_tag?post=33836"}],"curies":[{"name":"wp","href":"https:\/\/api.w.org\/{rel}","templated":true}]}}