{"id":33832,"date":"2021-10-04T15:58:50","date_gmt":"2021-10-04T13:58:50","guid":{"rendered":"http:\/\/prosafedz.com\/fr\/?post_type=product&#038;p=33832"},"modified":"2024-09-15T12:13:46","modified_gmt":"2024-09-15T10:13:46","slug":"gant-anti-coupure-travaux-de-precision-ref-1crag-2","status":"publish","type":"product","link":"https:\/\/prosafedz.com\/fr\/produit\/gant-anti-coupure-travaux-de-precision-ref-1crag-2\/","title":{"rendered":"Gant anti-coupure travaux de pr\u00e9cision R\u00e9f 1CRAG"},"content":{"rendered":"<p><strong>LES + :<\/strong><\/p>\n<p><strong>&#8211;\u00a0Bonne dext\u00e9rit\u00e9<br \/>\n&#8211;\u00a0Grip<br \/>\n&#8211;\u00a0Peu salissant<\/strong><\/p>\n<p><strong>PRINCIPAUX DOMAINES D\u2019UTILISATION<br \/>\n&#8211;\u00a0<\/strong>Manipulation, d\u00e9coupe et montage de pi\u00e8ces, assemblage, ferrage, manipulation de t\u00f4les et pi\u00e8ces non \u00e9barb\u00e9es, d\u00e9coupe et pose de carrelage, de t\u00f4les de zinc ou tuiles, fumisterie, pose de vitrages, industrie du verre, collecte et manutention de d\u00e9chets, maintenance, travail du bois.<br \/>\n<strong>SECTEURS<br \/>\n&#8211;<\/strong>\u00a0Maintenance<br \/>\n<strong>&#8211;<\/strong>\u00a0Service<br \/>\n<strong>&#8211;<\/strong>\u00a0Industrie lourde<br \/>\n<strong>&#8211;<\/strong>\u00a0Industrie l\u00e9g\u00e8re<\/p>\n","protected":false},"excerpt":{"rendered":"<p><strong>Gant anti-coupure offrant une bonne dext\u00e9rit\u00e9 et un bon grip \u00e0 l&rsquo;utilisateur. Il assure une protection accrue \u00e0 la coupure. L\u00e9ger et peu salissant il est id\u00e9al pour la manipulation, la d\u00e9coupe et le montage de pi\u00e8ces ainsi que pour les travaux m\u00e9caniques. Recommand\u00e9 en milieu sec.<\/strong><\/p>\n<p><a href=\"http:\/\/prosafedz.com\/fr\/wp-content\/uploads\/2021\/09\/1CRAG09.pdf\" target=\"_blank\" rel=\"noopener noreferrer\"><button style=\"background-color: #90a96b; font-seize: 20px;\"><strong>T\u00e9l\u00e9charger La Fiche Technique<\/strong><\/button><\/a><\/p>\n","protected":false},"featured_media":33830,"template":"","meta":[],"product_brand":[],"product_cat":[320],"product_tag":[],"class_list":{"0":"post-33832","1":"product","2":"type-product","3":"status-publish","4":"has-post-thumbnail","6":"product_cat-5-1-gants-anti-coupures","8":"first","9":"instock","10":"shipping-taxable","11":"product-type-simple"},"_links":{"self":[{"href":"https:\/\/prosafedz.com\/fr\/wp-json\/wp\/v2\/product\/33832","targetHints":{"allow":["GET"]}}],"collection":[{"href":"https:\/\/prosafedz.com\/fr\/wp-json\/wp\/v2\/product"}],"about":[{"href":"https:\/\/prosafedz.com\/fr\/wp-json\/wp\/v2\/types\/product"}],"wp:featuredmedia":[{"embeddable":true,"href":"https:\/\/prosafedz.com\/fr\/wp-json\/wp\/v2\/media\/33830"}],"wp:attachment":[{"href":"https:\/\/prosafedz.com\/fr\/wp-json\/wp\/v2\/media?parent=33832"}],"wp:term":[{"taxonomy":"product_brand","embeddable":true,"href":"https:\/\/prosafedz.com\/fr\/wp-json\/wp\/v2\/product_brand?post=33832"},{"taxonomy":"product_cat","embeddable":true,"href":"https:\/\/prosafedz.com\/fr\/wp-json\/wp\/v2\/product_cat?post=33832"},{"taxonomy":"product_tag","embeddable":true,"href":"https:\/\/prosafedz.com\/fr\/wp-json\/wp\/v2\/product_tag?post=33832"}],"curies":[{"name":"wp","href":"https:\/\/api.w.org\/{rel}","templated":true}]}}