{"id":33825,"date":"2021-09-29T14:43:53","date_gmt":"2021-09-29T12:43:53","guid":{"rendered":"http:\/\/prosafedz.com\/fr\/?post_type=product&#038;p=33825"},"modified":"2021-09-29T14:43:53","modified_gmt":"2021-09-29T12:43:53","slug":"gant-anti-coupure-eurocut-n505-ref-1cran-2","status":"publish","type":"product","link":"https:\/\/prosafedz.com\/fr\/produit\/gant-anti-coupure-eurocut-n505-ref-1cran-2\/","title":{"rendered":"Gant anti-coupure EUROCUT N505 R\u00e9f 1CRAN"},"content":{"rendered":"<p><strong>LES + :<\/strong><\/p>\n<p><strong>&#8211;\u00a0Protection maximale contre<\/strong><br \/>\n<strong>les coupures.<\/strong><br \/>\n<strong>&#8211;\u00a0Etanche \u00e0 l\u2019huile et aux<\/strong><br \/>\n<strong>graisses.<br \/>\n&#8211;\u00a0Manipulation de pi\u00e8ces<br \/>\ncoupantes en milieu huileux.<br \/>\n&#8211;\u00a0Garanti sans silicone.<\/strong><\/p>\n<p><strong>PRINCIPAUX DOMAINES D\u2019UTILISATION<br \/>\n&#8211;<\/strong>\u00a0Logistique<br \/>\n<strong>&#8211;<\/strong>\u00a0Assainissement<br \/>\n<strong>&#8211;\u00a0<\/strong>Maintenance<br \/>\n<strong>&#8211;<\/strong>\u00a0Travail du bois<br \/>\n<strong>&#8211;<\/strong>\u00a0D\u00e9chets et recyclage<br \/>\n<strong>&#8211;<\/strong>\u00a0Electronique<br \/>\n<strong>&#8211;<\/strong>\u00a0Travail du verre<br \/>\n<strong>&#8211;<\/strong>\u00a0Travail du m\u00e9tal<br \/>\n<strong>NORMALISATION<\/strong><br \/>\nCe gant est conforme au mod\u00e8le de l&rsquo;\u00e9quipement de protection individuelle ayant fait<br \/>\nl&rsquo;objet de l&rsquo;attestation CE de type <strong>0075\/1747\/162\/06\/16\/0687.<\/strong><br \/>\nD\u00e9livr\u00e9 par <strong>CTC (75)<br \/>\n&#8211;<\/strong>\u00a0R\u00e9sistance \u00e0 l&rsquo;abrasion (4\/4)<br \/>\n<strong>&#8211;<\/strong>\u00a0R\u00e9sistance \u00e0 la coupure (5\/5)<br \/>\n<strong>&#8211;<\/strong>\u00a0R\u00e9sistance au d\u00e9chirement (4\/4)<br \/>\n<strong>&#8211;<\/strong>\u00a0R\u00e9sistance \u00e0 la perforation (3\/4)<\/p>\n","protected":false},"excerpt":{"rendered":"<p><strong>&#8211;<\/strong>\u00a0<strong>Tricot sans couture HPPE + fibre de verre gris chin\u00e9, jauge 13.<\/strong><\/p>\n<p><strong>&#8211;\u00a0Double enduction : nitrile bleu lisse sur la paume et les 3\/4 du dos pour une meilleure \u00e9tanch\u00e9it\u00e9 aux huiles et aux graisses + mousse de nitrile noir effet \u00ab grain\u00e9 \u00bb sur la paume garantissant un excellent grip.<\/strong><\/p>\n<p><strong>&#8211;\u00a0Protection maximale contre les coupures (5\/5 selon EN388).<\/strong><\/p>\n<p><strong>&#8211;\u00a0Dur\u00e9e de vie prolong\u00e9e (r\u00e9sistance maximale \u00e0 l\u2019abrasion et \u00e0 la d\u00e9chirure).<\/strong><\/p>\n<p><strong>&#8211;\u00a0Poignet \u00e9lastiqu\u00e9 pour contre les salissures.<\/strong><\/p>\n<p><strong>&#8211;\u00a0Sans couture pour \u00e9viter tous risques d\u2019irritation.<\/strong><\/p>\n<p><strong>&#8211;\u00a0Id\u00e9al pour les manipulations de pi\u00e8ces coupantes en milieu huileux.<\/strong><\/p>\n<p><strong>&#8211;\u00a0Couleur peu salissante.<\/strong><\/p>\n<p><strong>&#8211;\u00a0Garanti sans silicone.<\/strong><\/p>\n<p><a href=\"http:\/\/prosafedz.com\/fr\/wp-content\/uploads\/2021\/09\/1cran09.pdf\" target=\"_blank\" rel=\"noopener noreferrer\"><button style=\"background-color: #90a96b; font-seize: 20px;\"><strong>T\u00e9l\u00e9charger La Fiche Technique<\/strong><\/button><\/a><\/p>\n","protected":false},"featured_media":33772,"template":"","meta":[],"product_brand":[],"product_cat":[320],"product_tag":[],"class_list":{"0":"post-33825","1":"product","2":"type-product","3":"status-publish","4":"has-post-thumbnail","6":"product_cat-5-1-gants-anti-coupures","8":"first","9":"instock","10":"shipping-taxable","11":"product-type-simple"},"_links":{"self":[{"href":"https:\/\/prosafedz.com\/fr\/wp-json\/wp\/v2\/product\/33825","targetHints":{"allow":["GET"]}}],"collection":[{"href":"https:\/\/prosafedz.com\/fr\/wp-json\/wp\/v2\/product"}],"about":[{"href":"https:\/\/prosafedz.com\/fr\/wp-json\/wp\/v2\/types\/product"}],"wp:featuredmedia":[{"embeddable":true,"href":"https:\/\/prosafedz.com\/fr\/wp-json\/wp\/v2\/media\/33772"}],"wp:attachment":[{"href":"https:\/\/prosafedz.com\/fr\/wp-json\/wp\/v2\/media?parent=33825"}],"wp:term":[{"taxonomy":"product_brand","embeddable":true,"href":"https:\/\/prosafedz.com\/fr\/wp-json\/wp\/v2\/product_brand?post=33825"},{"taxonomy":"product_cat","embeddable":true,"href":"https:\/\/prosafedz.com\/fr\/wp-json\/wp\/v2\/product_cat?post=33825"},{"taxonomy":"product_tag","embeddable":true,"href":"https:\/\/prosafedz.com\/fr\/wp-json\/wp\/v2\/product_tag?post=33825"}],"curies":[{"name":"wp","href":"https:\/\/api.w.org\/{rel}","templated":true}]}}