{"id":33432,"date":"2019-12-01T14:12:14","date_gmt":"2019-12-01T13:12:14","guid":{"rendered":"http:\/\/prosafedz.com\/fr\/?post_type=product&#038;p=33432"},"modified":"2024-09-15T09:52:05","modified_gmt":"2024-09-15T07:52:05","slug":"gilet-tataki-ref-5tat010","status":"publish","type":"product","link":"https:\/\/prosafedz.com\/fr\/produit\/gilet-tataki-ref-5tat010\/","title":{"rendered":"GILET TATAKI R\u00e9f : 5TAT010"},"content":{"rendered":"<p><strong>EXTERIEUR:<\/strong> 100% Polyester stretch m\u00e9canique + membrane TPU. 100g\/m\u00b2<br \/>\n<strong>MATELASSAGE:<\/strong> 100% Polyester. 220g\/m\u00b2<br \/>\n<strong>DOUBLURE:<\/strong> 100% Polyester Taffetas.<\/p>\n<p><strong>IMPERMEABLILIT\u00c9<\/strong> :5 000mm<br \/>\n<strong>RESPIRABILIT\u00c9:<\/strong> 400 g\/m\u00b2\/24h<\/p>\n<p>&nbsp;<\/p>\n","protected":false},"excerpt":{"rendered":"<p><span style=\"color: #ed1c24;\"><strong>TATAKI<\/strong><\/span><\/p>\n<ul>\n<li>Capuche fixe int\u00e9gr\u00e9e dans le col + Cordon de serrage \u00e9lastiqu\u00e9 bloqueurs<\/li>\n<li>Col montant<\/li>\n<li>Zip central<\/li>\n<li>2 poches basses verticales zipp\u00e9es sous rabat<\/li>\n<li>Emmanchures et bas du blouson en biais \u00e9lastiqu\u00e9<\/li>\n<\/ul>\n<p><a href=\"https:\/\/prosafedz.com\/fr\/wp-content\/uploads\/2019\/12\/5TAT010_fr.pdf\n\" target=\"_blank\" rel=\"noopener noreferrer\"><button style=\"background-color: #90a96b; font-seize: 20px;\"><strong>T\u00e9l\u00e9charger La Fiche Technique<\/strong><\/button><\/a><\/p>\n","protected":false},"featured_media":33471,"template":"","meta":[],"product_brand":[],"product_cat":[79],"product_tag":[1469],"class_list":{"0":"post-33432","1":"product","2":"type-product","3":"status-publish","4":"has-post-thumbnail","6":"product_cat-6-7-vetements-dhiver","7":"product_tag-tataki","8":"yith_product_brand-coverguard","10":"first","11":"instock","12":"shipping-taxable","13":"product-type-simple"},"_links":{"self":[{"href":"https:\/\/prosafedz.com\/fr\/wp-json\/wp\/v2\/product\/33432","targetHints":{"allow":["GET"]}}],"collection":[{"href":"https:\/\/prosafedz.com\/fr\/wp-json\/wp\/v2\/product"}],"about":[{"href":"https:\/\/prosafedz.com\/fr\/wp-json\/wp\/v2\/types\/product"}],"wp:featuredmedia":[{"embeddable":true,"href":"https:\/\/prosafedz.com\/fr\/wp-json\/wp\/v2\/media\/33471"}],"wp:attachment":[{"href":"https:\/\/prosafedz.com\/fr\/wp-json\/wp\/v2\/media?parent=33432"}],"wp:term":[{"taxonomy":"product_brand","embeddable":true,"href":"https:\/\/prosafedz.com\/fr\/wp-json\/wp\/v2\/product_brand?post=33432"},{"taxonomy":"product_cat","embeddable":true,"href":"https:\/\/prosafedz.com\/fr\/wp-json\/wp\/v2\/product_cat?post=33432"},{"taxonomy":"product_tag","embeddable":true,"href":"https:\/\/prosafedz.com\/fr\/wp-json\/wp\/v2\/product_tag?post=33432"}],"curies":[{"name":"wp","href":"https:\/\/api.w.org\/{rel}","templated":true}]}}