{"id":32735,"date":"2019-02-27T16:46:20","date_gmt":"2019-02-27T15:46:20","guid":{"rendered":"http:\/\/prosafedz.com\/fr\/?post_type=product&#038;p=32735"},"modified":"2025-02-16T09:49:14","modified_gmt":"2025-02-16T08:49:14","slug":"thor-pantalon-multirisque-ref-8mthty","status":"publish","type":"product","link":"https:\/\/prosafedz.com\/fr\/produit\/thor-pantalon-multirisque-ref-8mthty\/","title":{"rendered":"THOR PANTALON MULTIRISQUE  R\u00e9f. : 8MTHTY"},"content":{"rendered":"<p><strong>Design et\u00a0<\/strong><b>\u00e9tanch\u00e9it\u00e9<\/b><br \/>\n1. Fermetures<br \/>\n\u2022Fermetures \u00e9claires<br \/>\n2. Poches<br \/>\n\u20222 poches arri\u00e8re avec rabats munis de boutons<br \/>\n\u20222 poches italiennes<br \/>\n\u20221 poches cargo avec rabats munis de boutons<br \/>\n\u20221 poche outil avec ouverture de 7cm et boutons<br \/>\n3. Genouill\u00e8res<br \/>\n\u20222 poches genouill\u00e8re ajustable en hauteur et avec boutons<br \/>\n4. Marquage<br \/>\n\u20221 emplacement \u00e0 la taille<br \/>\n5. Taille<br \/>\n\u2022 Taille \u00e9lastique avec passant pour une ceinture<br \/>\n6. Bandes retro-r\u00e9flectives<br \/>\n\u2022Bande retro-r\u00e9flective ignifug\u00e9e<br \/>\n7. Longueur des jambes<br \/>\n\u2022Ajustable avec un ourlet de 5cm<br \/>\n8. Pictogrammes<br \/>\n\u2022Pictogrammes normalis\u00e9s sur la manche gauche<\/p>\n<p><strong>Xcomfort est une gamme bas\u00e9e sur les solutions ignifuges qui donnent aux tissus en fibre de coton une finition ignifuge durable. Ce traitement de r\u00e9sistance \u00e0 la flamme n\u2019est pas une enduction, mais une liaison chimique durable avec la structure mol\u00e9culaire du coton naturel. Dans le cas o\u00f9 le tissus est expos\u00e9 au feu, un produit carbon\u00e9 est form\u00e9 qui agit comme un bouclier thermique et contr\u00f4le \u00e9galement la propagation de la flamme. Ce tissus offre \u00e0 l\u2019utilisateur un confort sup\u00e9rieur. A sa douceur s\u2019ajoute sa capacit\u00e9 \u00e0 maintenir la fra\u00eecheur dans les environnements chaud et la chaleur dans les environnements froid<\/strong><br \/>\n<strong>Normes<\/strong><br \/>\nCet article est conforme au mod\u00e8le de l\u2019\u00e9quipement de protection individuelle ayant fait l\u2019objet de\u00a0<strong>L\u2019attestation CE de type n\u00b0 0161\/3906\/15 D\u00e9livr\u00e9 par AITEX (organisme notifi\u00e9 n\u00b0 0161<\/strong><\/p>\n","protected":false},"excerpt":{"rendered":"<p><strong>THOR PANTALON MULTIRISQUE R\u00e9f. : 8MTHTY<\/strong><br \/>\nMat\u00e9riau : 78% Coton, 20% Polyester, 2% Fibre antistatique<\/p>\n<p><a href=\"https:\/\/prosafedz.com\/fr\/wp-content\/uploads\/2019\/02\/8MTHTY_fr.pdf\n\" target=\"_blank\" rel=\"noopener noreferrer\"><button style=\"background-color: #90a96b; font-seize: 20px;\"><strong>T\u00e9l\u00e9charger La Fiche Technique<\/strong><\/button><\/a><\/p>\n","protected":false},"featured_media":32736,"template":"","meta":[],"product_brand":[],"product_cat":[42,905],"product_tag":[1367],"class_list":{"0":"post-32735","1":"product","2":"type-product","3":"status-publish","4":"has-post-thumbnail","6":"product_cat-6-6-haute-visibilite","7":"product_cat-6-9-vetement-ignifuge","8":"product_tag-thor-pantalon-multirisque-ref-8mthty","9":"yith_product_brand-coverguard-xpert","11":"first","12":"instock","13":"shipping-taxable","14":"product-type-simple"},"_links":{"self":[{"href":"https:\/\/prosafedz.com\/fr\/wp-json\/wp\/v2\/product\/32735","targetHints":{"allow":["GET"]}}],"collection":[{"href":"https:\/\/prosafedz.com\/fr\/wp-json\/wp\/v2\/product"}],"about":[{"href":"https:\/\/prosafedz.com\/fr\/wp-json\/wp\/v2\/types\/product"}],"wp:featuredmedia":[{"embeddable":true,"href":"https:\/\/prosafedz.com\/fr\/wp-json\/wp\/v2\/media\/32736"}],"wp:attachment":[{"href":"https:\/\/prosafedz.com\/fr\/wp-json\/wp\/v2\/media?parent=32735"}],"wp:term":[{"taxonomy":"product_brand","embeddable":true,"href":"https:\/\/prosafedz.com\/fr\/wp-json\/wp\/v2\/product_brand?post=32735"},{"taxonomy":"product_cat","embeddable":true,"href":"https:\/\/prosafedz.com\/fr\/wp-json\/wp\/v2\/product_cat?post=32735"},{"taxonomy":"product_tag","embeddable":true,"href":"https:\/\/prosafedz.com\/fr\/wp-json\/wp\/v2\/product_tag?post=32735"}],"curies":[{"name":"wp","href":"https:\/\/api.w.org\/{rel}","templated":true}]}}