{"id":32631,"date":"2019-02-27T11:42:47","date_gmt":"2019-02-27T10:42:47","guid":{"rendered":"http:\/\/prosafedz.com\/fr\/?post_type=product&#038;p=32631"},"modified":"2023-06-04T12:47:54","modified_gmt":"2023-06-04T10:47:54","slug":"operator-polycoton-ref-8opev","status":"publish","type":"product","link":"https:\/\/prosafedz.com\/fr\/produit\/operator-polycoton-ref-8opev\/","title":{"rendered":"OPERATOR Veste de travail PolyCoton R\u00e9f 8OPEV"},"content":{"rendered":"<p><strong>LES + :<br \/>\n&#8211; Nombreuses poches.<\/strong><br \/>\n<strong>&#8211; Serrage manches.<\/strong><br \/>\n<strong>&#8211; L\u00e9g\u00e8ret\u00e9.<\/strong><\/p>\n<p><strong>EXEMPLES D\u2019APPLICATIONS<br \/>\n&#8211;<\/strong> Tous milieux de travail salissants<br \/>\n<strong>CONDITIONNEMENT DE VENTE<\/strong><br \/>\n<strong>&#8211;<\/strong> Emballage individuel<br \/>\n<strong>&#8211;<\/strong> Carton de 10 pi\u00e8ces<br \/>\n<strong>NORME(S)<\/strong><br \/>\nCet ensemble est conforme au mod\u00e8le de l\u2019\u00e9quipement de protection individuelle ayant fait l\u2019objet des Certificats de conformit\u00e9 : <strong>AK 60023542 0001, AK 60036598 0001, AK 60030251 0001.<br \/>\n<\/strong>D\u00e9livr\u00e9e par<strong> T\u00dcV (organisme n\u00b0 0197)<\/strong><\/p>\n","protected":false},"excerpt":{"rendered":"<p><strong>&#8211; Mati\u00e8re : 60 % coton \/ 40 % polyester 245 g\/m\u00b2.<\/strong><br \/>\n<strong>&#8211; Col classique.<\/strong><br \/>\n<strong>&#8211; Fermeture \u00e0 glissi\u00e8re sous rabat avec bandes agrippantes.<\/strong><br \/>\n<strong>&#8211; Serrage bas des manches par bandes agrippantes.<\/strong><br \/>\n<strong>&#8211; Manches amovibles (uniquement mod\u00e8le OPERATOR).<\/strong><br \/>\n<strong>&#8211; 2 poches haut gauche range stylos.<\/strong><br \/>\n<strong>&#8211; 1 poche haut gauche t\u00e9l\u00e9phone.<\/strong><br \/>\n<strong>&#8211; 1 poche haut gauche plaqu\u00e9e \u00e0 fermeture \u00e0 glissi\u00e8re verticale.<\/strong><br \/>\n<strong>&#8211; 1 poche haut droit soufflet \u00e0 rabat avec porte nom amovible, fermeture par bandes agrippantes.<\/strong><br \/>\n<strong>&#8211; 1 poche haut droit attache cl\u00e9 sous poche droite.<\/strong><br \/>\n<strong>&#8211; 1 poche bas gauche soufflet \u00e0 rabat fermeture par bandes agrippantes.<\/strong><br \/>\n<strong>&#8211; 1 poche bas droit soufflet \u00e0 rabat, fermeture par bande agrippantes.<\/strong><br \/>\n<strong>&#8211; 1 poche bas droit \u00e0 fermeture glissi\u00e8re horizontale.<\/strong><br \/>\n<strong>&#8211; 1 poche bas dos large avec 2 fermetures \u00e0 glissi\u00e8re verticales.<\/strong><br \/>\n<strong>&#8211; 1 poche manche gauche plaqu\u00e9e avec 1 stylo.<\/strong><\/p>\n<p><a href=\"http:\/\/prosafedz.com\/fr\/wp-content\/uploads\/2021\/09\/03-8OPEV.pdf\" target=\"_blank\" rel=\"noopener noreferrer\"><button style=\"background-color: #90a96b; font-seize: 20px;\"><strong>T\u00e9l\u00e9charger La Fiche Technique<\/strong><\/button><\/a><\/p>\n","protected":false},"featured_media":34562,"template":"","meta":[],"product_brand":[],"product_cat":[17],"product_tag":[956,1339],"class_list":{"0":"post-32631","1":"product","2":"type-product","3":"status-publish","4":"has-post-thumbnail","6":"product_cat-6-1-vestes-de-travail","7":"product_tag-factory","8":"product_tag-operator-polycoton-ref-8opev","9":"yith_product_brand-coverguard","10":"yith_product_brand-coverguard-workwear","12":"first","13":"instock","14":"shipping-taxable","15":"product-type-simple"},"_links":{"self":[{"href":"https:\/\/prosafedz.com\/fr\/wp-json\/wp\/v2\/product\/32631","targetHints":{"allow":["GET"]}}],"collection":[{"href":"https:\/\/prosafedz.com\/fr\/wp-json\/wp\/v2\/product"}],"about":[{"href":"https:\/\/prosafedz.com\/fr\/wp-json\/wp\/v2\/types\/product"}],"wp:featuredmedia":[{"embeddable":true,"href":"https:\/\/prosafedz.com\/fr\/wp-json\/wp\/v2\/media\/34562"}],"wp:attachment":[{"href":"https:\/\/prosafedz.com\/fr\/wp-json\/wp\/v2\/media?parent=32631"}],"wp:term":[{"taxonomy":"product_brand","embeddable":true,"href":"https:\/\/prosafedz.com\/fr\/wp-json\/wp\/v2\/product_brand?post=32631"},{"taxonomy":"product_cat","embeddable":true,"href":"https:\/\/prosafedz.com\/fr\/wp-json\/wp\/v2\/product_cat?post=32631"},{"taxonomy":"product_tag","embeddable":true,"href":"https:\/\/prosafedz.com\/fr\/wp-json\/wp\/v2\/product_tag?post=32631"}],"curies":[{"name":"wp","href":"https:\/\/api.w.org\/{rel}","templated":true}]}}