{"id":32415,"date":"2019-02-16T13:10:12","date_gmt":"2019-02-16T12:10:12","guid":{"rendered":"http:\/\/prosafedz.com\/fr\/?post_type=product&#038;p=32415"},"modified":"2024-05-16T12:33:15","modified_gmt":"2024-05-16T10:33:15","slug":"lunette-de-securite-sigma-teinte-ref-6sig3","status":"publish","type":"product","link":"https:\/\/prosafedz.com\/fr\/produit\/lunette-de-securite-sigma-teinte-ref-6sig3\/","title":{"rendered":"Lunette de s\u00e9curit\u00e9 SIGMA teint\u00e9  R\u00e9f. : 6SIG3"},"content":{"rendered":"<p><strong>Packaging &amp; Stockage<\/strong><\/p>\n<ul>\n<li>10 paires par bo\u00eete<\/li>\n<li>12 bo\u00eetes par carton<\/li>\n<li>120 Paires dans 1 Carton<\/li>\n<\/ul>\n<p><span style=\"color: #ff0000;\">Toujours transporter et stocker l\u2019article dans son emballage d\u2019origine. Stocker dans un endroit sec, \u00e0 l\u2019abri des rayons direct du soleil.<\/span><br \/>\n<strong>Normalisation<br \/>\n<\/strong>Ces lunettes sont conformes au mod\u00e8le de l\u2019\u00e9quipement de protection individuelle ayant fait l\u2019objet de\u00a0<strong>L\u2019attestation d\u2019examen CE de type n\u00b08116 Issue 2D\u00e9livr\u00e9e par SATRA (organisme notifi\u00e9 n\u00b00321)<\/strong><\/p>\n","protected":false},"excerpt":{"rendered":"<p><strong>Lunette de s\u00e9curit\u00e9 SIGMA teint\u00e9 R\u00e9f. : 6SIG3<\/strong><\/p>\n<p>Branches : Polycarbonate<br \/>\nOculaire : Polycarbonate<br \/>\n\u00c9paisseur de l\u2019oculaire : 2.3 mm<br \/>\nPoids : 24 g<br \/>\n<strong>Caract\u00e9ristiques :<\/strong><br \/>\n-R\u00e9sistance \u00e0 l\u2019impact<br \/>\n-R\u00e9sistance \u00e0 l\u2019impact aux temp\u00e9ratures extr\u00eames<br \/>\n-Traitement anti rayures<br \/>\n-Traitement antibu\u00e9e<br \/>\n-Branches flexibles<br \/>\n-Protections lat\u00e9rales<br \/>\n<a href=\"https:\/\/prosafedz.com\/fr\/wp-content\/uploads\/2019\/02\/download-10.pdf\n\" target=\"_blank\" rel=\"noopener noreferrer\"><button style=\"background-color: #90a96b; font-seize: 20px;\"><strong>T\u00e9l\u00e9charger La Fiche Technique<\/strong><\/button><\/a><\/p>\n","protected":false},"featured_media":32416,"template":"","meta":[],"product_brand":[],"product_cat":[496],"product_tag":[1259],"class_list":{"0":"post-32415","1":"product","2":"type-product","3":"status-publish","4":"has-post-thumbnail","6":"product_cat-2-2-lunettes-teintees","7":"product_tag-lunette-de-securite-sigma-teinte-ref-6sig3","8":"yith_product_brand-europrotection","10":"first","11":"instock","12":"shipping-taxable","13":"product-type-simple"},"_links":{"self":[{"href":"https:\/\/prosafedz.com\/fr\/wp-json\/wp\/v2\/product\/32415","targetHints":{"allow":["GET"]}}],"collection":[{"href":"https:\/\/prosafedz.com\/fr\/wp-json\/wp\/v2\/product"}],"about":[{"href":"https:\/\/prosafedz.com\/fr\/wp-json\/wp\/v2\/types\/product"}],"wp:featuredmedia":[{"embeddable":true,"href":"https:\/\/prosafedz.com\/fr\/wp-json\/wp\/v2\/media\/32416"}],"wp:attachment":[{"href":"https:\/\/prosafedz.com\/fr\/wp-json\/wp\/v2\/media?parent=32415"}],"wp:term":[{"taxonomy":"product_brand","embeddable":true,"href":"https:\/\/prosafedz.com\/fr\/wp-json\/wp\/v2\/product_brand?post=32415"},{"taxonomy":"product_cat","embeddable":true,"href":"https:\/\/prosafedz.com\/fr\/wp-json\/wp\/v2\/product_cat?post=32415"},{"taxonomy":"product_tag","embeddable":true,"href":"https:\/\/prosafedz.com\/fr\/wp-json\/wp\/v2\/product_tag?post=32415"}],"curies":[{"name":"wp","href":"https:\/\/api.w.org\/{rel}","templated":true}]}}