{"id":32307,"date":"2019-02-14T15:04:07","date_gmt":"2019-02-14T14:04:07","guid":{"rendered":"http:\/\/prosafedz.com\/fr\/?post_type=product&#038;p=32307"},"modified":"2024-08-19T10:04:26","modified_gmt":"2024-08-19T08:04:26","slug":"gant-tout-croute-vachette-manchette-15-cm-ref-2515","status":"publish","type":"product","link":"https:\/\/prosafedz.com\/fr\/produit\/gant-tout-croute-vachette-manchette-15-cm-ref-2515\/","title":{"rendered":"Gant tout cro\u00fbte vachette manchette 15 cm  R\u00e9f. : 2515"},"content":{"rendered":"<p><strong>AVANTAGES SP\u00c9CIFIQUES<\/strong><br \/>\n\u2022 Confort<\/p>\n<p>\u2022\u00a0 S\u00e9curit\u00e9 renforc\u00e9e<br \/>\n<strong>PRINCIPAUX DOMAINES D\u2019UTILISATION<\/strong><br \/>\n\u2022 Travaux soudeur<br \/>\n\u2022 Manutention en m\u00e9tallurgie<br \/>\n\u2022 Protection de la chaleur (100\u00b0C)<br \/>\n<strong>CONDITIONNEMENT<\/strong><br \/>\n\u2022 Emball\u00e9s par 12<br \/>\n\u2022 Carton de 120 paires<br \/>\n<strong>NORMALISATION<\/strong><br \/>\nCe gant est conforme au mod\u00e8le de l\u2019\u00e9quipement de protection individuelle ayant fait l\u2019objet de<br \/>\nL\u2019attestation<strong> CE de type 0075\/108\/162\/10\/98\/0088<\/strong><br \/>\n<strong>D\u00e9livr\u00e9e par CTC (organisme n\u00b0 0075)<\/strong><br \/>\n\u2022 Abrasion = 2<br \/>\n\u2022 Coupure par tranchage = 1<br \/>\n\u2022 D\u00e9chirure = 2<br \/>\n\u2022 Perforation = 2<br \/>\n\u2022 R\u00e9sistance \u00e0 l\u2019inflammabilit\u00e9 = X<br \/>\n\u2022 R\u00e9sistance \u00e0 la chaleur de contact = 1<br \/>\n\u2022 R\u00e9sistance \u00e0 la chaleur convective = X<br \/>\n\u2022 R\u00e9sistance \u00e0 la chaleur radiante = X<br \/>\n\u2022 R\u00e9sistance \u00e0 de petites projections de m\u00e9tal en fusion = 2<br \/>\n\u2022 R\u00e9sistance \u00e0 d\u2019importantes projections de m\u00e9tal en fusion = X<\/p>\n","protected":false},"excerpt":{"rendered":"<p><strong>Gant tout cro\u00fbte vachette manchette 15 cm R\u00e9f. : 2515<\/strong><\/p>\n<p><strong>DESCRIPTIF G\u00c9N\u00c9RAL ET MATI\u00c8RES<\/strong><br \/>\n\u2022 Gants soudeur<br \/>\n\u2022 Tout en cro\u00fbte de vachette<br \/>\n\u2022 Pouce palm\u00e9<br \/>\n\u2022 Manchette en cro\u00fbte, 15 cm<\/p>\n<p>\u2022 Prot\u00e8ge art\u00e8res<\/p>\n<p>\u2022 Qualit\u00e9 sup\u00e9rieure<\/p>\n<p><a href=\"https:\/\/prosafedz.com\/fr\/wp-content\/uploads\/2019\/02\/08-2515.pdf\n\" target=\"_blank\" rel=\"noopener noreferrer\"><button style=\"background-color: #90a96b; font-seize: 20px;\"><strong>T\u00e9l\u00e9charger La Fiche Technique<\/strong><\/button><\/a><\/p>\n","protected":false},"featured_media":32308,"template":"","meta":[],"product_brand":[],"product_cat":[145],"product_tag":[1192,159],"class_list":{"0":"post-32307","1":"product","2":"type-product","3":"status-publish","4":"has-post-thumbnail","6":"product_cat-5-5-gants-anti-chaleur-soudeur","7":"product_tag-gant-tout-croute-vachette-manchette-15-cm-ref-2515","8":"product_tag-gants-tout-croute-vachette-manchette-15-cm-2514-2515","9":"yith_product_brand-eurotechnique","11":"first","12":"instock","13":"shipping-taxable","14":"product-type-simple"},"_links":{"self":[{"href":"https:\/\/prosafedz.com\/fr\/wp-json\/wp\/v2\/product\/32307","targetHints":{"allow":["GET"]}}],"collection":[{"href":"https:\/\/prosafedz.com\/fr\/wp-json\/wp\/v2\/product"}],"about":[{"href":"https:\/\/prosafedz.com\/fr\/wp-json\/wp\/v2\/types\/product"}],"wp:featuredmedia":[{"embeddable":true,"href":"https:\/\/prosafedz.com\/fr\/wp-json\/wp\/v2\/media\/32308"}],"wp:attachment":[{"href":"https:\/\/prosafedz.com\/fr\/wp-json\/wp\/v2\/media?parent=32307"}],"wp:term":[{"taxonomy":"product_brand","embeddable":true,"href":"https:\/\/prosafedz.com\/fr\/wp-json\/wp\/v2\/product_brand?post=32307"},{"taxonomy":"product_cat","embeddable":true,"href":"https:\/\/prosafedz.com\/fr\/wp-json\/wp\/v2\/product_cat?post=32307"},{"taxonomy":"product_tag","embeddable":true,"href":"https:\/\/prosafedz.com\/fr\/wp-json\/wp\/v2\/product_tag?post=32307"}],"curies":[{"name":"wp","href":"https:\/\/api.w.org\/{rel}","templated":true}]}}