{"id":32274,"date":"2019-02-13T11:15:46","date_gmt":"2019-02-13T10:15:46","guid":{"rendered":"http:\/\/prosafedz.com\/fr\/?post_type=product&#038;p=32274"},"modified":"2024-09-15T12:37:59","modified_gmt":"2024-09-15T10:37:59","slug":"gants-coton-jersey-blanchi-fourchette-ref-4150","status":"publish","type":"product","link":"https:\/\/prosafedz.com\/fr\/produit\/gants-coton-jersey-blanchi-fourchette-ref-4150\/","title":{"rendered":"Gants coton jersey blanchi, fourchette  R\u00e9f. : 4150"},"content":{"rendered":"<p><strong>AVANTAGES\u00a0<\/strong><strong>SP\u00c9CIFIQUES<\/strong><br \/>\n\u2022 L\u00e9g\u00e8ret\u00e9<br \/>\n\u2022 Tr\u00e8s bonne dext\u00e9rit\u00e9<br \/>\n\u2022 S\u2019adapte \u00e0 la forme de la main<br \/>\n\u2022 Peut \u00eatre utilis\u00e9 en sous-gant<br \/>\n<strong>PRINCIPAUX DOMAINES D\u2019UTILISATION<\/strong><br \/>\n\u2022 Travaux pr\u00e9cis<br \/>\n\u2022 Manipulation fine<br \/>\n\u2022 Protection des pi\u00e8ces contre les empreintes et la sudation<\/p>\n<p>\u2022 Polissage<br \/>\n\u2022 Horlogerie, \u00e9lectronique et industrie de pr\u00e9cision<br \/>\n<strong>CONDITIONNEMENT<\/strong><br \/>\n\u2022 Emball\u00e9s par 10 paires<br \/>\n\u2022 Carton de 600 paires<br \/>\n<strong>NORMALISATION<\/strong><br \/>\nCe gant est conforme aux dispositions de l\u2019annexe II, ins\u00e9r\u00e9e \u00e0 la fin du livre II du Code du Travail conform\u00e9ment \u00e0 <strong>l\u2019article R-233.151 dudit code.<\/strong><br \/>\n<strong>Exigences pour les gants de protection :<\/strong><br \/>\n\u2022 pH entre 3,5 et 9,5<br \/>\n\u2022 Dext\u00e9rit\u00e9: niveau test\u00e9 par la laboratoire entre 0 et 5<br \/>\n\u2022 Innocuit\u00e9<\/p>\n","protected":false},"excerpt":{"rendered":"<p><strong>Gants coton jersey blanchi, fourchette R\u00e9f. : 4150<\/strong><\/p>\n<p><strong>DESCRIPTIF G\u00c9N\u00c9RAL ET MATI\u00c8RES<\/strong><br \/>\n\u2022 Coton blanc cousu<br \/>\n\u2022 Jauge 20<\/p>\n<p>\u2022 Coupe : fourchette avec ourlet<br \/>\n\u2022 Pour la protection des pi\u00e8ces<\/p>\n<p><a href=\"https:\/\/prosafedz.com\/fr\/wp-content\/uploads\/2019\/02\/16-4150.pdf\n\" target=\"_blank\" rel=\"noopener noreferrer\"><button style=\"background-color: #90a96b; font-seize: 20px;\"><strong>T\u00e9l\u00e9charger La Fiche Technique<\/strong><\/button><\/a><\/p>\n","protected":false},"featured_media":32275,"template":"","meta":[],"product_brand":[],"product_cat":[125],"product_tag":[1167,123,1166],"class_list":{"0":"post-32274","1":"product","2":"type-product","3":"status-publish","4":"has-post-thumbnail","6":"product_cat-5-3-gants-de-manutention-docker-tricote","7":"product_tag-fourchette-ref-4150","8":"product_tag-gant-docker-croute-vachette-superieure-blanc-150","9":"product_tag-gants-coton-jersey-blanchi","10":"yith_product_brand-eurotechnique","12":"first","13":"instock","14":"shipping-taxable","15":"product-type-simple"},"_links":{"self":[{"href":"https:\/\/prosafedz.com\/fr\/wp-json\/wp\/v2\/product\/32274","targetHints":{"allow":["GET"]}}],"collection":[{"href":"https:\/\/prosafedz.com\/fr\/wp-json\/wp\/v2\/product"}],"about":[{"href":"https:\/\/prosafedz.com\/fr\/wp-json\/wp\/v2\/types\/product"}],"wp:featuredmedia":[{"embeddable":true,"href":"https:\/\/prosafedz.com\/fr\/wp-json\/wp\/v2\/media\/32275"}],"wp:attachment":[{"href":"https:\/\/prosafedz.com\/fr\/wp-json\/wp\/v2\/media?parent=32274"}],"wp:term":[{"taxonomy":"product_brand","embeddable":true,"href":"https:\/\/prosafedz.com\/fr\/wp-json\/wp\/v2\/product_brand?post=32274"},{"taxonomy":"product_cat","embeddable":true,"href":"https:\/\/prosafedz.com\/fr\/wp-json\/wp\/v2\/product_cat?post=32274"},{"taxonomy":"product_tag","embeddable":true,"href":"https:\/\/prosafedz.com\/fr\/wp-json\/wp\/v2\/product_tag?post=32274"}],"curies":[{"name":"wp","href":"https:\/\/api.w.org\/{rel}","templated":true}]}}