{"id":32188,"date":"2019-02-07T15:35:23","date_gmt":"2019-02-07T14:35:23","guid":{"rendered":"http:\/\/prosafedz.com\/fr\/?post_type=product&#038;p=32188"},"modified":"2024-05-15T16:56:21","modified_gmt":"2024-05-15T14:56:21","slug":"visor-ecran-de-protection-polycarbonate-incolore-l40-x-h20-ref-60710","status":"publish","type":"product","link":"https:\/\/prosafedz.com\/fr\/produit\/visor-ecran-de-protection-polycarbonate-incolore-l40-x-h20-ref-60710\/","title":{"rendered":"VISOR Ecran de protection polycarbonate incolore &#8211; L40 x H20  R\u00e9f. : 60710"},"content":{"rendered":"<p><strong>AVANTAGES\u00a0<\/strong><b>SP\u00c9CIFIQUES<\/b><\/p>\n<p>\u2022 Prot\u00e8ge des projections liquides (marquage 3)<br \/>\n\u2022 Utilisation de longue dur\u00e9e<br \/>\n\u2022 R\u00e9sistance \u00e0 un impact \u00e9quivalent \u00e0 celui d\u2019une bille de 0.86 g anim\u00e9e d\u2019une vitesse au plus \u00e9gale \u00e0 120 m\/s (marquage B)<\/p>\n<p><strong>PRINCIPAUX DOMAINES D&rsquo;UTILISATION<\/strong><\/p>\n<p>\u2022 Milieux industriels<br \/>\n\u2022 Agriculture et horticulture<br \/>\n\u2022 BTP<\/p>\n<p><strong>CONDITIONNEMENT<\/strong><\/p>\n<p>\u2022 Carton de 100 pi\u00e8ces<\/p>\n<p><strong>NORMALISATION<\/strong><\/p>\n<p>Cet \u00e9cran (test\u00e9 avec le serre-t\u00eate r\u00e9f. 60700 et 60740) est conforme au mod\u00e8le de l\u2019\u00e9quipement de protection individuelle ayant fait l\u2019objet de L\u2019attestation <strong>CE de type 0501\/1747\/085\/06\/15\/0671 &amp; 0501\/1747\/085\/06\/15\/0668 D\u00e9livr\u00e9e par CRITT SPORT ET LOISIRS (organisme n\u00b0 0501)<\/strong><\/p>\n","protected":false},"excerpt":{"rendered":"<p><strong>VISOR Ecran de protection polycarbonate incolore &#8211; L40 x H20 R\u00e9f. : 60710<\/strong><\/p>\n<p><strong>DESCRIPTIF G\u00c9N\u00c9RAL ET MATI\u00c8RES<\/strong><\/p>\n<p>\u2022 \u00c9cran adaptable sur tous supports<br \/>\n\u2022 \u00c9cran polycarbonate<br \/>\n\u2022 Incolore<br \/>\n\u2022 Classe optique 1 (port permanent)<\/p>\n<p><a href=\"https:\/\/prosafedz.com\/fr\/wp-content\/uploads\/2019\/02\/60710.pdf\n\" target=\"_blank\" rel=\"noopener noreferrer\"><button style=\"background-color: #90a96b; font-seize: 20px;\"><strong>T\u00e9l\u00e9charger La Fiche Technique<\/strong><\/button><\/a><\/p>\n","protected":false},"featured_media":32189,"template":"","meta":[],"product_brand":[],"product_cat":[718],"product_tag":[1049,37,852,1052,1051,1110],"class_list":{"0":"post-32188","1":"product","2":"type-product","3":"status-publish","4":"has-post-thumbnail","6":"product_cat-1-3-casques-avec-protection-frontale","7":"product_tag-3-positions","8":"product_tag-epi","9":"product_tag-equipement-protection-individuelle","10":"product_tag-serre-casque-relevable","11":"product_tag-serre-tete-relevable","12":"product_tag-visor-ecran-de-protection-polycarbonate-incolore-l40-x-h20-ref-60710","13":"yith_product_brand-earline","15":"first","16":"instock","17":"shipping-taxable","18":"product-type-simple"},"_links":{"self":[{"href":"https:\/\/prosafedz.com\/fr\/wp-json\/wp\/v2\/product\/32188","targetHints":{"allow":["GET"]}}],"collection":[{"href":"https:\/\/prosafedz.com\/fr\/wp-json\/wp\/v2\/product"}],"about":[{"href":"https:\/\/prosafedz.com\/fr\/wp-json\/wp\/v2\/types\/product"}],"wp:featuredmedia":[{"embeddable":true,"href":"https:\/\/prosafedz.com\/fr\/wp-json\/wp\/v2\/media\/32189"}],"wp:attachment":[{"href":"https:\/\/prosafedz.com\/fr\/wp-json\/wp\/v2\/media?parent=32188"}],"wp:term":[{"taxonomy":"product_brand","embeddable":true,"href":"https:\/\/prosafedz.com\/fr\/wp-json\/wp\/v2\/product_brand?post=32188"},{"taxonomy":"product_cat","embeddable":true,"href":"https:\/\/prosafedz.com\/fr\/wp-json\/wp\/v2\/product_cat?post=32188"},{"taxonomy":"product_tag","embeddable":true,"href":"https:\/\/prosafedz.com\/fr\/wp-json\/wp\/v2\/product_tag?post=32188"}],"curies":[{"name":"wp","href":"https:\/\/api.w.org\/{rel}","templated":true}]}}