{"id":32186,"date":"2019-02-07T15:32:43","date_gmt":"2019-02-07T14:32:43","guid":{"rendered":"http:\/\/prosafedz.com\/fr\/?post_type=product&#038;p=32186"},"modified":"2024-05-15T16:51:24","modified_gmt":"2024-05-15T14:51:24","slug":"serre-casque-relevable-3-positions-ref-60705","status":"publish","type":"product","link":"https:\/\/prosafedz.com\/fr\/produit\/serre-casque-relevable-3-positions-ref-60705\/","title":{"rendered":"Serre-casque relevable, 3 positions R\u00e9f. : 60705"},"content":{"rendered":"<p>AVANTAGES\u00a0<\/strong><b>SP\u00c9CIFIQUES<\/b><\/p>\n<p>\u2022 3 positions<br \/>\n\u2022 Adaptable avec les \u00e9crans r\u00e9f. 60710, 60711, 60713, 60720 et 60721<br \/>\n\u2022 Adaptable avec les casques r\u00e9f. 65100 \u00e0 65105 et 65120 \u00e0 65125<\/p>\n<p><strong>PRINCIPAUX DOMAINES D&rsquo;UTILISATION<\/strong><\/p>\n<p>\u2022 B\u00e2timent<br \/>\n\u2022 Travaux publics<br \/>\n\u2022 Industrie<\/p>\n<p><strong>CONDITIONNEMENT<\/strong><\/p>\n<p>\u2022 Vendus par 100<\/p>\n<p><strong>NORMALISATION<\/strong><\/p>\n<p>Ce serre-casque est conforme au mod\u00e8le de l\u2019\u00e9quipement de protection individuelle ayant fait l\u2019objet de L\u2019attestation <strong>CE de type 0501\/1747\/085\/06\/15\/0670 D\u00e9livr\u00e9es par CRITT (organisme n\u00b0 0501)<\/strong><\/p>\n","protected":false},"excerpt":{"rendered":"<p><strong>Serre-casque relevable, 3 positions R\u00e9f. : 60705<\/strong><\/p>\n<p><strong>DESCRIPTIF G\u00c9N\u00c9RAL ET MATI\u00c8RES<\/strong><\/p>\n<p>Serre-casque pour casque de chantier<br \/>\n\u2022 Relevable 3 positions<br \/>\n\u2022 S\u2019adapte sur la majorit\u00e9 des casques standards<br \/>\n\u2022 Adaptable avec les \u00e9crans Visor<\/p>\n<p><a href=\"https:\/\/prosafedz.com\/fr\/wp-content\/uploads\/2019\/02\/60705.pdf \n\" target=\"_blank\" rel=\"noopener noreferrer\"><button style=\"background-color: #90a96b; font-seize: 20px;\"><strong>T\u00e9l\u00e9charger La Fiche Technique<\/strong><\/button><\/a><\/p>\n","protected":false},"featured_media":32187,"template":"","meta":[],"product_brand":[],"product_cat":[718],"product_tag":[1049,1109,37,852,1052,1051],"class_list":{"0":"post-32186","1":"product","2":"type-product","3":"status-publish","4":"has-post-thumbnail","6":"product_cat-1-3-casques-avec-protection-frontale","7":"product_tag-3-positions","8":"product_tag-3-positions-ref-60705","9":"product_tag-epi","10":"product_tag-equipement-protection-individuelle","11":"product_tag-serre-casque-relevable","12":"product_tag-serre-tete-relevable","13":"yith_product_brand-earline","15":"first","16":"instock","17":"shipping-taxable","18":"product-type-simple"},"_links":{"self":[{"href":"https:\/\/prosafedz.com\/fr\/wp-json\/wp\/v2\/product\/32186","targetHints":{"allow":["GET"]}}],"collection":[{"href":"https:\/\/prosafedz.com\/fr\/wp-json\/wp\/v2\/product"}],"about":[{"href":"https:\/\/prosafedz.com\/fr\/wp-json\/wp\/v2\/types\/product"}],"wp:featuredmedia":[{"embeddable":true,"href":"https:\/\/prosafedz.com\/fr\/wp-json\/wp\/v2\/media\/32187"}],"wp:attachment":[{"href":"https:\/\/prosafedz.com\/fr\/wp-json\/wp\/v2\/media?parent=32186"}],"wp:term":[{"taxonomy":"product_brand","embeddable":true,"href":"https:\/\/prosafedz.com\/fr\/wp-json\/wp\/v2\/product_brand?post=32186"},{"taxonomy":"product_cat","embeddable":true,"href":"https:\/\/prosafedz.com\/fr\/wp-json\/wp\/v2\/product_cat?post=32186"},{"taxonomy":"product_tag","embeddable":true,"href":"https:\/\/prosafedz.com\/fr\/wp-json\/wp\/v2\/product_tag?post=32186"}],"curies":[{"name":"wp","href":"https:\/\/api.w.org\/{rel}","templated":true}]}}