{"id":32153,"date":"2019-02-06T16:53:28","date_gmt":"2019-02-06T15:53:28","guid":{"rendered":"http:\/\/prosafedz.com\/fr\/?post_type=product&#038;p=32153"},"modified":"2024-08-19T11:26:26","modified_gmt":"2024-08-19T09:26:26","slug":"casque-de-chantier-slh-p4-bleu-avec-jugulaire-ref-slhp4-bl","status":"publish","type":"product","link":"https:\/\/prosafedz.com\/fr\/produit\/casque-de-chantier-slh-p4-bleu-avec-jugulaire-ref-slhp4-bl\/","title":{"rendered":"Casque de Chantier SLH-P4 Bleu avec Jugulaire  R\u00e9f. : SLHP4-BL"},"content":{"rendered":"<p><strong>AVANTAGES\u00a0<\/strong><b>SP\u00c9CIFIQUES<\/b><br \/>\n\u2022 L\u00e9ger<br \/>\n\u2022 Filet r\u00e9glable<br \/>\n\u2022 Dur\u00e9e de vie: 60 mois (date de fabrication indiqu\u00e9e sous la visi\u00e8re)<br \/>\n<strong>PRINCIPAUX DOMAINES D\u2019UTILISATION<\/strong><br \/>\n\u2022 B\u00e2timent<br \/>\n\u2022 Travaux publics<br \/>\n\u2022 Industrie<br \/>\n<strong>CONDITIONNEMENT<\/strong><br \/>\n\u2022 Emball\u00e9s par 24<\/p>\n<p>\u2022 Carton de 24 casques<br \/>\n<strong>NORMALISATION<\/strong><br \/>\nCe casque est conforme au mod\u00e8le de l\u2019\u00e9quipement de protection individuelle ayant fait l\u2019objet de L\u2019attestation <strong>CE de type 0069\/388\/15\u00a0D\u00e9livr\u00e9e par INSPEC (organisme n\u00b0 0194)<\/strong><\/p>\n","protected":false},"excerpt":{"rendered":"<p><strong>Casque de Chantier SLH-P4 Bleu avec Jugulaire R\u00e9f. : SLHP4-BL<\/strong><br \/>\n<b>DESCRIPTIF G\u00c9N\u00c9RAL\u00a0ET\u00a0MATI\u00c8RES<\/b><br \/>\n\u2022 Casque de chantier<br \/>\n\u2022 Calotte et harnais en poly\u00e9thyl\u00e8ne<br \/>\n\u2022 R\u00e9glable de 2 en 2 mm<br \/>\n\u2022 Garniture frontale 37 cm<br \/>\n\u2022 A\u00e9ration lat\u00e9rale<br \/>\n<a href=\"https:\/\/prosafedz.com\/fr\/wp-content\/uploads\/2019\/02\/SLH-P4.pdf\n\" target=\"_blank\" rel=\"noopener noreferrer\"><button style=\"background-color: #90a96b; font-seize: 20px;\"><strong>T\u00e9l\u00e9charger La Fiche Technique<\/strong><\/button><\/a><\/p>\n","protected":false},"featured_media":34903,"template":"","meta":[],"product_brand":[],"product_cat":[716],"product_tag":[1097,1094,37],"class_list":{"0":"post-32153","1":"product","2":"type-product","3":"status-publish","4":"has-post-thumbnail","6":"product_cat-1-2-casques-de-securite","7":"product_tag-boumerdes","8":"product_tag-casque-de-chantier-slh-p4-bleu-avec-jugulaire-ref-slhp4-bl","9":"product_tag-epi","10":"yith_product_brand-europrotection","12":"first","13":"instock","14":"shipping-taxable","15":"product-type-simple"},"_links":{"self":[{"href":"https:\/\/prosafedz.com\/fr\/wp-json\/wp\/v2\/product\/32153","targetHints":{"allow":["GET"]}}],"collection":[{"href":"https:\/\/prosafedz.com\/fr\/wp-json\/wp\/v2\/product"}],"about":[{"href":"https:\/\/prosafedz.com\/fr\/wp-json\/wp\/v2\/types\/product"}],"wp:featuredmedia":[{"embeddable":true,"href":"https:\/\/prosafedz.com\/fr\/wp-json\/wp\/v2\/media\/34903"}],"wp:attachment":[{"href":"https:\/\/prosafedz.com\/fr\/wp-json\/wp\/v2\/media?parent=32153"}],"wp:term":[{"taxonomy":"product_brand","embeddable":true,"href":"https:\/\/prosafedz.com\/fr\/wp-json\/wp\/v2\/product_brand?post=32153"},{"taxonomy":"product_cat","embeddable":true,"href":"https:\/\/prosafedz.com\/fr\/wp-json\/wp\/v2\/product_cat?post=32153"},{"taxonomy":"product_tag","embeddable":true,"href":"https:\/\/prosafedz.com\/fr\/wp-json\/wp\/v2\/product_tag?post=32153"}],"curies":[{"name":"wp","href":"https:\/\/api.w.org\/{rel}","templated":true}]}}