{"id":32125,"date":"2019-02-06T15:37:01","date_gmt":"2019-02-06T14:37:01","guid":{"rendered":"http:\/\/prosafedz.com\/fr\/?post_type=product&#038;p=32125"},"modified":"2025-02-16T09:52:47","modified_gmt":"2025-02-16T08:52:47","slug":"casquette-anti-heurt-en812-rouge-ref-57305","status":"publish","type":"product","link":"https:\/\/prosafedz.com\/fr\/produit\/casquette-anti-heurt-en812-rouge-ref-57305\/","title":{"rendered":"Casquette anti-heurt (EN812) Rouge R\u00e9f. : 57305"},"content":{"rendered":"<p><strong>AVANTAGES SP\u00c9CIFIQUES<\/strong><\/p>\n<p>\u2022 Prot\u00e8ge des heurts afin d\u2019offrir une protection limit\u00e9e du porteur lorsque sa t\u00eate vient heurter des objets durs et immobiles avec suffisamment de force pour provoquer des lac\u00e9rations ou autres blessures superficielles ou l\u2019assommer<br \/>\n\u2022 S\u2019utilise surtout en int\u00e9rieur o\u00f9 les chutes d\u2019objets ne peuvent pas se produire.<\/p>\n<p><strong>PRINCIPAUX DOMAINES D\u2019UTILISATION<\/strong><\/p>\n<p>\u2022 Milieux industriels int\u00e9rieurs, sans risque de chute d\u2019objets<br \/>\n\u2022 BTP int\u00e9rieurs, sans risque de chute d\u2019objets<\/p>\n<p><strong>CONDITIONNEMENT<\/strong><\/p>\n<p>\u2022 Carton de 60 pi\u00e8ces<br \/>\n\u2022 En sachet individuel<\/p>\n<p><strong>NORMALISATION<\/strong><\/p>\n<p>Ce casque anti-heurt est conforme au mod\u00e8le de l\u2019\u00e9quipement de protection individuelle ayant fait l\u2019objet de L\u2019attestation <strong>CE de type 531521 D\u00e9livr\u00e9e par BSI (organisme n\u00b0 0086)<\/strong><\/p>\n","protected":false},"excerpt":{"rendered":"<p><strong>Casquette anti-heurt (EN812) Rouge R\u00e9f. : 57305<\/strong><\/p>\n<p><strong>DESCRIPTIF G\u00c9N\u00c9RAL ET MATI\u00c8RES<\/strong><\/p>\n<p>\u2022 Couverture tissu 100% coton<br \/>\n\u2022 Couverture tissu 65% polyester\/35% coton<br \/>\n(57307\/57308)<br \/>\n\u2022 Coque de protection en ABS (dur\u00e9e de vie 2 \u00e0 3 ans)<br \/>\n\u2022 Coussinets ext\u00e9rieurs en EVA<br \/>\n\u2022 Coussinets int\u00e9rieurs en poly\u00e9thyl\u00e8ne<br \/>\n\u2022 anneaux d\u2019a\u00e9ration en cuivre<\/p>\n<p><a href=\"https:\/\/prosafedz.com\/fr\/wp-content\/uploads\/2019\/02\/57305.pdf\n\" target=\"_blank\" rel=\"noopener noreferrer\"><button style=\"background-color: #90a96b; font-seize: 20px;\"><strong>T\u00e9l\u00e9charger La Fiche Technique<\/strong><\/button><\/a><\/p>\n","protected":false},"featured_media":32126,"template":"","meta":[],"product_brand":[],"product_cat":[711],"product_tag":[1082],"class_list":{"0":"post-32125","1":"product","2":"type-product","3":"status-publish","4":"has-post-thumbnail","6":"product_cat-1-1-casquettes","7":"product_tag-casquette-anti-heurt-en812-rouge-ref-57305","8":"yith_product_brand-earline","10":"first","11":"instock","12":"shipping-taxable","13":"product-type-simple"},"_links":{"self":[{"href":"https:\/\/prosafedz.com\/fr\/wp-json\/wp\/v2\/product\/32125","targetHints":{"allow":["GET"]}}],"collection":[{"href":"https:\/\/prosafedz.com\/fr\/wp-json\/wp\/v2\/product"}],"about":[{"href":"https:\/\/prosafedz.com\/fr\/wp-json\/wp\/v2\/types\/product"}],"wp:featuredmedia":[{"embeddable":true,"href":"https:\/\/prosafedz.com\/fr\/wp-json\/wp\/v2\/media\/32126"}],"wp:attachment":[{"href":"https:\/\/prosafedz.com\/fr\/wp-json\/wp\/v2\/media?parent=32125"}],"wp:term":[{"taxonomy":"product_brand","embeddable":true,"href":"https:\/\/prosafedz.com\/fr\/wp-json\/wp\/v2\/product_brand?post=32125"},{"taxonomy":"product_cat","embeddable":true,"href":"https:\/\/prosafedz.com\/fr\/wp-json\/wp\/v2\/product_cat?post=32125"},{"taxonomy":"product_tag","embeddable":true,"href":"https:\/\/prosafedz.com\/fr\/wp-json\/wp\/v2\/product_tag?post=32125"}],"curies":[{"name":"wp","href":"https:\/\/api.w.org\/{rel}","templated":true}]}}