{"id":31479,"date":"2019-01-12T11:31:01","date_gmt":"2019-01-12T10:31:01","guid":{"rendered":"https:\/\/prosafedz.com\/?post_type=product&#038;p=31479"},"modified":"2024-05-15T17:02:01","modified_gmt":"2024-05-15T15:02:01","slug":"jugulaire-pour-casque-de-chantier-6510-6512-ref-65150","status":"publish","type":"product","link":"https:\/\/prosafedz.com\/fr\/produit\/jugulaire-pour-casque-de-chantier-6510-6512-ref-65150\/","title":{"rendered":"Jugulaire pour casque de chantier (6510 &#8211; 6512)  R\u00e9f. : 65150"},"content":{"rendered":"<p><strong>PRINCIPAUX DOMAINES D&rsquo;UTILISATION<\/strong><\/p>\n<ul>\n<li>Utilisable avec les casques de chantier R\u00e9f. 65100 (de 65100 \u00e0 65105) et 65120 (de 65120 \u00e0 65125)<\/li>\n<\/ul>\n<p><strong>CONDITIONNEMENT<\/strong><\/p>\n<ul>\n<li>Emballage individuel<\/li>\n<li>Carton de 20 jugulaires<\/li>\n<\/ul>\n","protected":false},"excerpt":{"rendered":"<p><span style=\"color: #ff0000;\"><strong>Jugulaire pour casque de chantier (6510 &#8211; 6512) <\/strong><\/span><br \/>\n<span style=\"color: #ff0000;\"><strong>R\u00e9f. : 65150<\/strong><\/span><br \/>\n<strong>DESCRIPTIF G\u00c9N\u00c9RAL ET MATI\u00c8RES<\/strong><\/p>\n<ul>\n<li>Jugulaire pour casque de chantier<\/li>\n<\/ul>\n<p><a href=\"https:\/\/prosafedz.com\/fr\/wp-content\/uploads\/2019\/01\/65150.pdf\n\" target=\"_blank\" rel=\"noopener noreferrer\"><button style=\"background-color: #90a96b; font-seize: 20px;\"><strong>T\u00e9l\u00e9charger La Fiche Technique<\/strong><\/button><\/a><\/p>\n","protected":false},"featured_media":32151,"template":"","meta":[],"product_brand":[],"product_cat":[716],"product_tag":[37,852,1048],"class_list":{"0":"post-31479","1":"product","2":"type-product","3":"status-publish","4":"has-post-thumbnail","6":"product_cat-1-2-casques-de-securite","7":"product_tag-epi","8":"product_tag-equipement-protection-individuelle","9":"product_tag-jugulaire-pour-casque-de-chantier-6510-6512-ref-65150","11":"first","12":"instock","13":"shipping-taxable","14":"product-type-simple"},"_links":{"self":[{"href":"https:\/\/prosafedz.com\/fr\/wp-json\/wp\/v2\/product\/31479","targetHints":{"allow":["GET"]}}],"collection":[{"href":"https:\/\/prosafedz.com\/fr\/wp-json\/wp\/v2\/product"}],"about":[{"href":"https:\/\/prosafedz.com\/fr\/wp-json\/wp\/v2\/types\/product"}],"wp:featuredmedia":[{"embeddable":true,"href":"https:\/\/prosafedz.com\/fr\/wp-json\/wp\/v2\/media\/32151"}],"wp:attachment":[{"href":"https:\/\/prosafedz.com\/fr\/wp-json\/wp\/v2\/media?parent=31479"}],"wp:term":[{"taxonomy":"product_brand","embeddable":true,"href":"https:\/\/prosafedz.com\/fr\/wp-json\/wp\/v2\/product_brand?post=31479"},{"taxonomy":"product_cat","embeddable":true,"href":"https:\/\/prosafedz.com\/fr\/wp-json\/wp\/v2\/product_cat?post=31479"},{"taxonomy":"product_tag","embeddable":true,"href":"https:\/\/prosafedz.com\/fr\/wp-json\/wp\/v2\/product_tag?post=31479"}],"curies":[{"name":"wp","href":"https:\/\/api.w.org\/{rel}","templated":true}]}}