{"id":31460,"date":"2019-01-07T13:59:02","date_gmt":"2019-01-07T12:59:02","guid":{"rendered":"https:\/\/prosafedz.com\/?post_type=product&#038;p=31460"},"modified":"2025-02-16T09:41:27","modified_gmt":"2025-02-16T08:41:27","slug":"casquette-americaine-taille-reglable-blanc-ref-57165","status":"publish","type":"product","link":"https:\/\/prosafedz.com\/fr\/produit\/casquette-americaine-taille-reglable-blanc-ref-57165\/","title":{"rendered":"CASQUETTE AM\u00c9RICAINE TAILLE R\u00c9GLABLE ROUGE  R\u00e9f. : 57165"},"content":{"rendered":"<p><strong>AVANTAGES SP\u00c9CIFIQUES<\/strong><br \/>\n\u2022 R\u00e9glable<br \/>\n\u2022 Visi\u00e8re rigide<br \/>\n<strong>PRINCIPAUX DOMAINES D\u2019UTILISATION<\/strong><br \/>\n\u2022 Tous milieux de travail<br \/>\n<strong>CONDITIONNEMENT<\/strong><br \/>\n\u2022 Carton de 50 casquettes<\/p>\n","protected":false},"excerpt":{"rendered":"<p><span style=\"color: #ff0000;\"><strong>CASQUETTE AM\u00c9RICAINE TAILLE R\u00c9GLABLE ROUGE R\u00e9f. : 57165<\/strong><\/span><br \/>\n<b>DESCRIPTIF G\u00c9N\u00c9RAL\u00a0ET\u00a0MATI\u00c8RES<\/b><br \/>\n\u2022 Mati\u00e8re ext\u00e9rieure : polyester \/ coton<br \/>\n\u2022 Fermeture r\u00e9glable par bande auto-agrippante<\/p>\n<p><a href=\"https:\/\/prosafedz.com\/fr\/wp-content\/uploads\/2019\/01\/571601-1.pdf \" target=\"_blank\" rel=\"noopener noreferrer\"><button style=\"background-color: #90a96b; font-seize: 20px;\"><strong>T\u00e9l\u00e9charger La Fiche Technique<\/strong><\/button><\/a><\/p>\n","protected":false},"featured_media":35483,"template":"","meta":[],"product_brand":[],"product_cat":[711],"product_tag":[1043,1039],"class_list":{"0":"post-31460","1":"product","2":"type-product","3":"status-publish","4":"has-post-thumbnail","6":"product_cat-1-1-casquettes","7":"product_tag-casquette-americaine-taille-reglable-rouge-ref-57160","8":"product_tag-retirer-un-terme-equipement-protection-individuelle-equipement-protection-individuelle","9":"yith_product_brand-coverguard","11":"first","12":"instock","13":"shipping-taxable","14":"product-type-simple"},"_links":{"self":[{"href":"https:\/\/prosafedz.com\/fr\/wp-json\/wp\/v2\/product\/31460","targetHints":{"allow":["GET"]}}],"collection":[{"href":"https:\/\/prosafedz.com\/fr\/wp-json\/wp\/v2\/product"}],"about":[{"href":"https:\/\/prosafedz.com\/fr\/wp-json\/wp\/v2\/types\/product"}],"wp:featuredmedia":[{"embeddable":true,"href":"https:\/\/prosafedz.com\/fr\/wp-json\/wp\/v2\/media\/35483"}],"wp:attachment":[{"href":"https:\/\/prosafedz.com\/fr\/wp-json\/wp\/v2\/media?parent=31460"}],"wp:term":[{"taxonomy":"product_brand","embeddable":true,"href":"https:\/\/prosafedz.com\/fr\/wp-json\/wp\/v2\/product_brand?post=31460"},{"taxonomy":"product_cat","embeddable":true,"href":"https:\/\/prosafedz.com\/fr\/wp-json\/wp\/v2\/product_cat?post=31460"},{"taxonomy":"product_tag","embeddable":true,"href":"https:\/\/prosafedz.com\/fr\/wp-json\/wp\/v2\/product_tag?post=31460"}],"curies":[{"name":"wp","href":"https:\/\/api.w.org\/{rel}","templated":true}]}}