{"id":31343,"date":"2018-12-05T16:31:23","date_gmt":"2018-12-05T15:31:23","guid":{"rendered":"https:\/\/prosafedz.com\/?post_type=product&#038;p=31343"},"modified":"2024-05-16T12:49:45","modified_gmt":"2024-05-16T10:49:45","slug":"visor-ecran-de-protection-polycarb-incolore-conforme-au-60710-ref-60710","status":"publish","type":"product","link":"https:\/\/prosafedz.com\/fr\/produit\/visor-ecran-de-protection-polycarb-incolore-conforme-au-60710-ref-60710\/","title":{"rendered":"VISOR Ecran de protection  polycarb. Incolore Conforme au 60710  R\u00e9f. : 60710"},"content":{"rendered":"<p><strong>AVANTAGES SP\u00c9CIFIQUES<\/strong><br \/>\n\u2022 Prot\u00e8ge des projections liquides (marquage 3)<br \/>\n\u2022 Utilisation de longue dur\u00e9e<br \/>\n\u2022 R\u00e9sistance \u00e0 un impact \u00e9quivalent \u00e0 celui d\u2019une bille de 0.86g anim\u00e9e d\u2019une vitesse au plus \u00e9gale \u00e0 120 m\/s (marquage B)<br \/>\n<strong>PRINCIPAUX DOMAINES D\u2019UTILISATION<\/strong><br \/>\n\u2022 Milieux industriels<br \/>\n\u2022 Agriculture et horticulture<br \/>\n\u2022 BTP<br \/>\n<strong>CONDITIONNEMENT<\/strong><br \/>\n\u2022 Carton de 100 pi\u00e8ces<br \/>\n<strong>NORMALISATION<\/strong><br \/>\nCet \u00e9cran (test\u00e9 avec le serre-t\u00eate r\u00e9f. 60700 et 60740) est conforme au mod\u00e8le de l\u2019\u00e9quipement de protection individuelle ayant fait l\u2019objet de<br \/>\n<strong>L\u2019attestation CE de type 0501\/1747\/085\/06\/15\/0671 &amp; 0501\/1747\/085\/06\/15\/0668<\/strong><br \/>\n<strong>D\u00e9livr\u00e9e par CRITT SPORT ET LOISIRS (organisme n\u00b0 0501)<\/strong><\/p>\n","protected":false},"excerpt":{"rendered":"<p><span style=\"color: #ff0000;\"><strong>VISOR Ecran de protection\u00a0 polycarb. Incolore Conforme au 60710 <\/strong><\/span><br \/>\n<span style=\"color: #ff0000;\"><strong>R\u00e9f. : 60710<\/strong><\/span><br \/>\n<strong>DESCRIPTIF G\u00c9N\u00c9RAL ET MATI\u00c8RES<\/strong><br \/>\n\u2022 \u00c9cran adaptable sur tous supports<br \/>\n\u2022 \u00c9cran polycarbonate<br \/>\n\u2022 Incolore<br \/>\n\u2022 Classe optique 1 (port permanent)<br \/>\n<a href=\"https:\/\/prosafedz.com\/fr\/wp-content\/uploads\/2018\/12\/download-19.pdf\n\" target=\"_blank\" rel=\"noopener noreferrer\"><button style=\"background-color: #90a96b; font-seize: 20px;\"><strong>T\u00e9l\u00e9charger La Fiche Technique<\/strong><\/button><\/a><\/p>\n","protected":false},"featured_media":32464,"template":"","meta":[],"product_brand":[],"product_cat":[600],"product_tag":[1028],"class_list":{"0":"post-31343","1":"product","2":"type-product","3":"status-publish","4":"has-post-thumbnail","6":"product_cat-2-5-ecrans-faciaux-et-cagoule-soudeur","7":"product_tag-visor-ecran-de-protection-polycarb-incolore-conforme-au-60710-ref-60710","8":"yith_product_brand-earline","10":"first","11":"instock","12":"shipping-taxable","13":"product-type-simple"},"_links":{"self":[{"href":"https:\/\/prosafedz.com\/fr\/wp-json\/wp\/v2\/product\/31343","targetHints":{"allow":["GET"]}}],"collection":[{"href":"https:\/\/prosafedz.com\/fr\/wp-json\/wp\/v2\/product"}],"about":[{"href":"https:\/\/prosafedz.com\/fr\/wp-json\/wp\/v2\/types\/product"}],"wp:featuredmedia":[{"embeddable":true,"href":"https:\/\/prosafedz.com\/fr\/wp-json\/wp\/v2\/media\/32464"}],"wp:attachment":[{"href":"https:\/\/prosafedz.com\/fr\/wp-json\/wp\/v2\/media?parent=31343"}],"wp:term":[{"taxonomy":"product_brand","embeddable":true,"href":"https:\/\/prosafedz.com\/fr\/wp-json\/wp\/v2\/product_brand?post=31343"},{"taxonomy":"product_cat","embeddable":true,"href":"https:\/\/prosafedz.com\/fr\/wp-json\/wp\/v2\/product_cat?post=31343"},{"taxonomy":"product_tag","embeddable":true,"href":"https:\/\/prosafedz.com\/fr\/wp-json\/wp\/v2\/product_tag?post=31343"}],"curies":[{"name":"wp","href":"https:\/\/api.w.org\/{rel}","templated":true}]}}