{"id":31339,"date":"2018-12-05T16:10:52","date_gmt":"2018-12-05T15:10:52","guid":{"rendered":"https:\/\/prosafedz.com\/?post_type=product&#038;p=31339"},"modified":"2024-09-15T10:53:46","modified_gmt":"2024-09-15T08:53:46","slug":"verres-soudure-carborock-teinte-5-rond-o-50-pour-lunette-60801-ref-63005","status":"publish","type":"product","link":"https:\/\/prosafedz.com\/fr\/produit\/verres-soudure-carborock-teinte-5-rond-o-50-pour-lunette-60801-ref-63005\/","title":{"rendered":"VERRES soudure Carborock teint\u00e9 5  rond \u00d8 50 POUR LUNETTE 60801  R\u00e9f. : 63005"},"content":{"rendered":"<p><strong>AVANTAGES SP\u00c9CIFIQUES<\/strong><br \/>\n\u2022 Pour masque \u00e0 soudure autog\u00e8ne<br \/>\n<strong>PRINCIPAUX DOMAINES D\u2019UTILISATION<\/strong><br \/>\n\u2022 Travaux courants \u2022 Soudure autog\u00e8ne pour la r\u00e9f. 63005<br \/>\n<strong>CONDITIONNEMENT<\/strong><br \/>\n\u2022 Sachet de 20 verres \u2022 Carton de 250 verres<br \/>\n<strong>NORMALISATION<\/strong><br \/>\nCes verres sont conformes au mod\u00e8le de l\u2019\u00e9quipement de protection individuelle ayant fait l\u2019objet de<br \/>\n<strong>L\u2019attestation CE de type 0242-MPA-962 (r\u00e9f. 63000)<\/strong><br \/>\n<strong>57224-PTB-96 (r\u00e9f. 63005)<\/strong><br \/>\n<strong>D\u00e9livr\u00e9e par DIN CERTCO (organisme n\u00b0 0196)<\/strong><\/p>\n","protected":false},"excerpt":{"rendered":"<p><span style=\"color: #ff0000;\"><strong>VERRES soudure Carborock teint\u00e9 5\u00a0rond \u00d8 50 POUR LUNETTE 60801 <\/strong><\/span><br \/>\n<span style=\"color: #ff0000;\"><strong>R\u00e9f. : 63005<\/strong><\/span><br \/>\n<strong>DESCRIPTIF G\u00c9N\u00c9RAL ET MATI\u00c8RES<\/strong><br \/>\n\u2022 Carborock<br \/>\n\u2022 Pour les r\u00e9f\u00e9rences : 60800, 60801, 60820, 60821<br \/>\n\u2022 Diam\u00e8tre : 50 mm<\/p>\n<p><a href=\"https:\/\/prosafedz.com\/fr\/wp-content\/uploads\/2018\/12\/63000_63005-fr-exp.pdf\n\" target=\"_blank\" rel=\"noopener noreferrer\"><button style=\"background-color: #90a96b; font-seize: 20px;\"><strong>T\u00e9l\u00e9charger La Fiche Technique<\/strong><\/button><\/a><\/p>\n","protected":false},"featured_media":32460,"template":"","meta":[],"product_brand":[],"product_cat":[524],"product_tag":[1026],"class_list":{"0":"post-31339","1":"product","2":"type-product","3":"status-publish","4":"has-post-thumbnail","6":"product_cat-2-4-lunettes-masques","7":"product_tag-verres-soudure-carborock-teinte-5-rond-o-50-pour-lunette-60801-ref-63005","8":"yith_product_brand-lux-optical","10":"first","11":"instock","12":"shipping-taxable","13":"product-type-simple"},"_links":{"self":[{"href":"https:\/\/prosafedz.com\/fr\/wp-json\/wp\/v2\/product\/31339","targetHints":{"allow":["GET"]}}],"collection":[{"href":"https:\/\/prosafedz.com\/fr\/wp-json\/wp\/v2\/product"}],"about":[{"href":"https:\/\/prosafedz.com\/fr\/wp-json\/wp\/v2\/types\/product"}],"wp:featuredmedia":[{"embeddable":true,"href":"https:\/\/prosafedz.com\/fr\/wp-json\/wp\/v2\/media\/32460"}],"wp:attachment":[{"href":"https:\/\/prosafedz.com\/fr\/wp-json\/wp\/v2\/media?parent=31339"}],"wp:term":[{"taxonomy":"product_brand","embeddable":true,"href":"https:\/\/prosafedz.com\/fr\/wp-json\/wp\/v2\/product_brand?post=31339"},{"taxonomy":"product_cat","embeddable":true,"href":"https:\/\/prosafedz.com\/fr\/wp-json\/wp\/v2\/product_cat?post=31339"},{"taxonomy":"product_tag","embeddable":true,"href":"https:\/\/prosafedz.com\/fr\/wp-json\/wp\/v2\/product_tag?post=31339"}],"curies":[{"name":"wp","href":"https:\/\/api.w.org\/{rel}","templated":true}]}}