{"id":31333,"date":"2018-12-05T15:55:52","date_gmt":"2018-12-05T14:55:52","guid":{"rendered":"https:\/\/prosafedz.com\/?post_type=product&#038;p=31333"},"modified":"2025-02-16T09:53:08","modified_gmt":"2025-02-16T08:53:08","slug":"lunette-de-securite-epsilon-claire-ref-6eps0","status":"publish","type":"product","link":"https:\/\/prosafedz.com\/fr\/produit\/lunette-de-securite-epsilon-claire-ref-6eps0\/","title":{"rendered":"Lunette de s\u00e9curit\u00e9 EPSILON claire  R\u00e9f. : 6EPS0"},"content":{"rendered":"<p><strong>Packaging &amp; Stockage<\/strong><\/p>\n<ul>\n<li>10 paires par bo\u00eete<\/li>\n<li>12 bo\u00eetes par carton<\/li>\n<li>120 Paires dans 1 Carton<\/li>\n<\/ul>\n<p><span style=\"color: #ff0000;\">Toujours transporter et stocker l\u2019article dans son emballage d\u2019origine. Stocker dans un endroit sec, \u00e0 l\u2019abri des rayons direct du soleil<\/span><br \/>\n<strong>Normalisation<\/strong><br \/>\nCes lunettes sont conformes au mod\u00e8le de l\u2019\u00e9quipement de protection individuelle ayant fait l\u2019objet de <strong>L\u2019attestation d\u2019examen CE de type n\u00b0 8109 Issue 2 D\u00e9livr\u00e9e par SATRA (organisme notifi\u00e9 n\u00b0 0321)<\/strong><\/p>\n","protected":false},"excerpt":{"rendered":"<p><span style=\"color: #ff0000;\"><strong>Lunette de s\u00e9curit\u00e9 EPSILON claire <\/strong><\/span><br \/>\n<span style=\"color: #ff0000;\"><strong>R\u00e9f. : 6EPS0<\/strong><\/span><br \/>\n<strong>Branches :\u00a0<\/strong>Nylon, longueur et angle ajustable<br \/>\n<strong>Oculaire :\u00a0<\/strong>Polycarbonate<br \/>\n<b>\u00c9paisseur\u00a0de l\u2019oculaire :\u00a0<\/b>2.5 mm<br \/>\n<strong>Poids :\u00a0<\/strong>30 g<br \/>\n<strong>Caract\u00e9ristiques :<\/strong><br \/>\n-R\u00e9sistance \u00e0 l\u2019impact<br \/>\n-R\u00e9sistance \u00e0 l\u2019impact aux temp\u00e9ratures extr\u00eames<br \/>\n-Traitement anti rayures<br \/>\n-Branches flexibles<br \/>\n-Protections lat\u00e9rales<\/p>\n<p><a href=\"https:\/\/prosafedz.com\/fr\/wp-content\/uploads\/2018\/12\/MO6EPS0_fr.pdf\n\" target=\"_blank\" rel=\"noopener noreferrer\"><button style=\"background-color: #90a96b; font-seize: 20px;\"><strong>T\u00e9l\u00e9charger La Fiche Technique<\/strong><\/button><\/a><\/p>\n","protected":false},"featured_media":32437,"template":"","meta":[],"product_brand":[],"product_cat":[555],"product_tag":[1023],"class_list":{"0":"post-31333","1":"product","2":"type-product","3":"status-publish","4":"has-post-thumbnail","6":"product_cat-2-3-sur-lunettes","7":"product_tag-lunette-de-securite-epsilon-claire-ref-6eps0","8":"yith_product_brand-europrotection","10":"first","11":"instock","12":"shipping-taxable","13":"product-type-simple"},"_links":{"self":[{"href":"https:\/\/prosafedz.com\/fr\/wp-json\/wp\/v2\/product\/31333","targetHints":{"allow":["GET"]}}],"collection":[{"href":"https:\/\/prosafedz.com\/fr\/wp-json\/wp\/v2\/product"}],"about":[{"href":"https:\/\/prosafedz.com\/fr\/wp-json\/wp\/v2\/types\/product"}],"wp:featuredmedia":[{"embeddable":true,"href":"https:\/\/prosafedz.com\/fr\/wp-json\/wp\/v2\/media\/32437"}],"wp:attachment":[{"href":"https:\/\/prosafedz.com\/fr\/wp-json\/wp\/v2\/media?parent=31333"}],"wp:term":[{"taxonomy":"product_brand","embeddable":true,"href":"https:\/\/prosafedz.com\/fr\/wp-json\/wp\/v2\/product_brand?post=31333"},{"taxonomy":"product_cat","embeddable":true,"href":"https:\/\/prosafedz.com\/fr\/wp-json\/wp\/v2\/product_cat?post=31333"},{"taxonomy":"product_tag","embeddable":true,"href":"https:\/\/prosafedz.com\/fr\/wp-json\/wp\/v2\/product_tag?post=31333"}],"curies":[{"name":"wp","href":"https:\/\/api.w.org\/{rel}","templated":true}]}}