{"id":31323,"date":"2018-12-05T15:26:26","date_gmt":"2018-12-05T14:26:26","guid":{"rendered":"https:\/\/prosafedz.com\/?post_type=product&#038;p=31323"},"modified":"2025-02-16T09:27:45","modified_gmt":"2025-02-16T08:27:45","slug":"softilux-monture-teintee-oculaire-teinte-ref-60563","status":"publish","type":"product","link":"https:\/\/prosafedz.com\/fr\/produit\/softilux-monture-teintee-oculaire-teinte-ref-60563\/","title":{"rendered":"SOFTILUX Monture teint\u00e9e &#8211; Oculaire teint\u00e9  R\u00e9f. : 60563"},"content":{"rendered":"<p>&nbsp;<\/p>\n<ul>\n<li>10 Pi\u00e8ces par Bo\u00eete<\/li>\n<li>12 Bo\u00eetes par carton<\/li>\n<li>120 Pi\u00e8ces dans 1 Carton<\/li>\n<\/ul>\n<p><span style=\"color: #ff0000;\">Toujours transporter et stocker l\u2019article dans son emballage d\u2019origine. Stocker dans un endroit sec, \u00e0 l\u2019abri des rayons direct du soleil<\/span><br \/>\n<strong>Normalisation<\/strong><br \/>\nCes lunettes sont conformes au mod\u00e8le de l\u2019\u00e9quipement de protection individuelle ayant fait l\u2019objet de<strong>\u00a0L\u2019attestation d\u2019examen CE de type n\u00b0 0776 D\u00e9livr\u00e9e par INSPEC (organisme notifi\u00e9 n\u00b0 0194)<\/strong><\/p>\n","protected":false},"excerpt":{"rendered":"<p><span style=\"color: #ff0000;\"><strong>SOFTILUX Monture teint\u00e9e &#8211; Oculaire teint\u00e9 <\/strong><\/span><br \/>\n<span style=\"color: #ff0000;\"><strong>R\u00e9f. : 60563<\/strong><\/span><br \/>\n<strong>Branches :\u00a0<\/strong>Polycarbonate<br \/>\n<strong>Montures :\u00a0<\/strong>Polycarbonate, \u00e9paisseur : 2,4 mm<br \/>\n<strong>Poids :\u00a0<\/strong>22 g<\/p>\n<p><a href=\"https:\/\/prosafedz.com\/fr\/wp-content\/uploads\/2018\/12\/60560-60561-60563_F_EP1.pdf \" target=\"_blank\" rel=\"noopener noreferrer\"><button style=\"background-color: #90a96b; font-seize: 20px;\"><strong>T\u00e9l\u00e9charger La Fiche Technique<\/strong><\/button><\/a><\/p>\n","protected":false},"featured_media":35478,"template":"","meta":[],"product_brand":[],"product_cat":[496],"product_tag":[1019],"class_list":{"0":"post-31323","1":"product","2":"type-product","3":"status-publish","4":"has-post-thumbnail","6":"product_cat-2-2-lunettes-teintees","7":"product_tag-softilux-monture-teintee-oculaire-teinte-ref-60563","8":"yith_product_brand-lux-optical","10":"first","11":"instock","12":"shipping-taxable","13":"product-type-simple"},"_links":{"self":[{"href":"https:\/\/prosafedz.com\/fr\/wp-json\/wp\/v2\/product\/31323","targetHints":{"allow":["GET"]}}],"collection":[{"href":"https:\/\/prosafedz.com\/fr\/wp-json\/wp\/v2\/product"}],"about":[{"href":"https:\/\/prosafedz.com\/fr\/wp-json\/wp\/v2\/types\/product"}],"wp:featuredmedia":[{"embeddable":true,"href":"https:\/\/prosafedz.com\/fr\/wp-json\/wp\/v2\/media\/35478"}],"wp:attachment":[{"href":"https:\/\/prosafedz.com\/fr\/wp-json\/wp\/v2\/media?parent=31323"}],"wp:term":[{"taxonomy":"product_brand","embeddable":true,"href":"https:\/\/prosafedz.com\/fr\/wp-json\/wp\/v2\/product_brand?post=31323"},{"taxonomy":"product_cat","embeddable":true,"href":"https:\/\/prosafedz.com\/fr\/wp-json\/wp\/v2\/product_cat?post=31323"},{"taxonomy":"product_tag","embeddable":true,"href":"https:\/\/prosafedz.com\/fr\/wp-json\/wp\/v2\/product_tag?post=31323"}],"curies":[{"name":"wp","href":"https:\/\/api.w.org\/{rel}","templated":true}]}}