{"id":31319,"date":"2018-12-05T15:06:05","date_gmt":"2018-12-05T14:06:05","guid":{"rendered":"https:\/\/prosafedz.com\/?post_type=product&#038;p=31319"},"modified":"2024-05-16T12:45:15","modified_gmt":"2024-05-16T10:45:15","slug":"spherlux-vision-panoramique-teintee-anti-buee-ref-60493","status":"publish","type":"product","link":"https:\/\/prosafedz.com\/fr\/produit\/spherlux-vision-panoramique-teintee-anti-buee-ref-60493\/","title":{"rendered":"SPHERLUX, vision panoramique,  teint\u00e9e anti-bu\u00e9e  R\u00e9f. : 60493"},"content":{"rendered":"<p><strong>Packaging &amp; Stockage<\/strong><\/p>\n<ul>\n<li>10 Pi\u00e8ces par Bo\u00eete<\/li>\n<li>12 Bo\u00eetes par carton<\/li>\n<li>120 Pi\u00e8ces dans 1 Carton<\/li>\n<\/ul>\n<p><span style=\"color: #ff0000;\">Toujours transporter et stocker l\u2019article dans son emballage d\u2019origine. Stocker dans un endroit sec, \u00e0 l\u2019abri des rayons direct du soleil<\/span><br \/>\n<strong>Normalisation<\/strong><br \/>\nCes lunettes sont conformes au mod\u00e8le de l\u2019\u00e9quipement de protection individuelle ayant fait l\u2019objet de\u00a0L\u2019attestation d\u2019examen CE de type n\u00b0 0776 D\u00e9livr\u00e9e par INSPEC (organisme notifi\u00e9 n\u00b0 0194)<\/p>\n","protected":false},"excerpt":{"rendered":"<p><span style=\"color: #ff0000;\"><strong>SPHERLUX, vision panoramique,\u00a0teint\u00e9e anti-bu\u00e9e <\/strong><\/span><br \/>\n<span style=\"color: #ff0000;\"><strong>R\u00e9f. : 60493<\/strong><\/span><br \/>\n<strong>Branches :\u00a0<\/strong>Polycarbonate, spatule en PVC<br \/>\n<strong>Lens :\u00a0<\/strong>Polycarbonate, \u00e9paisseur : 2,3 mm<br \/>\n<strong>Poids :\u00a0<\/strong>25 g<\/p>\n<p><a href=\"https:\/\/prosafedz.com\/fr\/wp-content\/uploads\/2018\/12\/download-14.pdf\n\" target=\"_blank\" rel=\"noopener noreferrer\"><button style=\"background-color: #90a96b; font-seize: 20px;\"><strong>T\u00e9l\u00e9charger La Fiche Technique<\/strong><\/button><\/a><\/p>\n","protected":false},"featured_media":34835,"template":"","meta":[],"product_brand":[],"product_cat":[496],"product_tag":[1015,1016,1017],"class_list":{"0":"post-31319","1":"product","2":"type-product","3":"status-publish","4":"has-post-thumbnail","6":"product_cat-2-2-lunettes-teintees","7":"product_tag-spherlux","8":"product_tag-teintee-anti-buee-ref-60493","9":"product_tag-vision-panoramique","10":"yith_product_brand-lux-optical","12":"first","13":"instock","14":"shipping-taxable","15":"product-type-simple"},"_links":{"self":[{"href":"https:\/\/prosafedz.com\/fr\/wp-json\/wp\/v2\/product\/31319","targetHints":{"allow":["GET"]}}],"collection":[{"href":"https:\/\/prosafedz.com\/fr\/wp-json\/wp\/v2\/product"}],"about":[{"href":"https:\/\/prosafedz.com\/fr\/wp-json\/wp\/v2\/types\/product"}],"wp:featuredmedia":[{"embeddable":true,"href":"https:\/\/prosafedz.com\/fr\/wp-json\/wp\/v2\/media\/34835"}],"wp:attachment":[{"href":"https:\/\/prosafedz.com\/fr\/wp-json\/wp\/v2\/media?parent=31319"}],"wp:term":[{"taxonomy":"product_brand","embeddable":true,"href":"https:\/\/prosafedz.com\/fr\/wp-json\/wp\/v2\/product_brand?post=31319"},{"taxonomy":"product_cat","embeddable":true,"href":"https:\/\/prosafedz.com\/fr\/wp-json\/wp\/v2\/product_cat?post=31319"},{"taxonomy":"product_tag","embeddable":true,"href":"https:\/\/prosafedz.com\/fr\/wp-json\/wp\/v2\/product_tag?post=31319"}],"curies":[{"name":"wp","href":"https:\/\/api.w.org\/{rel}","templated":true}]}}