{"id":31311,"date":"2018-12-05T12:48:38","date_gmt":"2018-12-05T11:48:38","guid":{"rendered":"https:\/\/prosafedz.com\/?post_type=product&#038;p=31311"},"modified":"2024-09-15T10:54:56","modified_gmt":"2024-09-15T08:54:56","slug":"lunette-de-securite-sigma-claire-ref-6sig0","status":"publish","type":"product","link":"https:\/\/prosafedz.com\/fr\/produit\/lunette-de-securite-sigma-claire-ref-6sig0\/","title":{"rendered":"Lunette de s\u00e9curit\u00e9 SIGMA claire  R\u00e9f. : 6SIG0"},"content":{"rendered":"<p><strong>Packaging &amp; Stockage<\/strong><\/p>\n<ul>\n<li>10 paires par bo\u00eete<\/li>\n<li>12 bo\u00eetes par carton<\/li>\n<li>120 Paires dans 1 Carton<\/li>\n<\/ul>\n<p><span style=\"color: #ff0000;\">Toujours transporter et stocker l\u2019article dans son emballage d\u2019origine. Stocker dans un endroit sec, \u00e0 l\u2019abri des rayons direct du soleil.<\/span><br \/>\n<strong>Normalisation<\/strong><br \/>\nCes lunettes sont conformes au mod\u00e8le de l\u2019\u00e9quipement de protection individuelle ayant fait l\u2019objet de <strong>L\u2019attestation d\u2019examen CE de type n\u00b0 8115 Issue 2 D\u00e9livr\u00e9e par SATRA (organisme notifi\u00e9 n\u00b0 0321)<\/strong><\/p>\n","protected":false},"excerpt":{"rendered":"<p><span style=\"color: #ff0000;\"><strong>Lunette de s\u00e9curit\u00e9 SIGMA claire <\/strong><\/span><br \/>\n<span style=\"color: #ff0000;\"><strong>R\u00e9f. : 6SIG0<\/strong><\/span><br \/>\n<strong>Branches :\u00a0<\/strong>Polycarbonate<br \/>\n<strong>Oculaire :\u00a0<\/strong>Polycarbonate<br \/>\n<b>\u00c9paisseur\u00a0:\u00a0<\/b>de l\u2019oculaire 2.3 mm<br \/>\n<strong>Poids :\u00a0<\/strong>24 g<br \/>\n<strong>Caract\u00e9ristiques :\u00a0<\/strong><br \/>\n-R\u00e9sistance \u00e0 l\u2019impact<br \/>\n-R\u00e9sistance \u00e0 l\u2019impact aux temp\u00e9ratures extr\u00eames<br \/>\n-Traitement anti rayures<br \/>\n-Traitement antibu\u00e9e<br \/>\n-Branches flexibles<br \/>\n-Protections lat\u00e9rales<br \/>\n<a href=\"https:\/\/prosafedz.com\/fr\/wp-content\/uploads\/2018\/12\/6SIG0.pdf\n\" target=\"_blank\" rel=\"noopener noreferrer\"><button style=\"background-color: #90a96b; font-seize: 20px;\"><strong>T\u00e9l\u00e9charger La Fiche Technique<\/strong><\/button><\/a><\/p>\n","protected":false},"featured_media":32390,"template":"","meta":[],"product_brand":[],"product_cat":[493],"product_tag":[1011],"class_list":{"0":"post-31311","1":"product","2":"type-product","3":"status-publish","4":"has-post-thumbnail","6":"product_cat-2-1-lunettes-claires","7":"product_tag-lunette-de-securite-sigma-claire-ref-6sig0","8":"yith_product_brand-europrotection","10":"first","11":"instock","12":"shipping-taxable","13":"product-type-simple"},"_links":{"self":[{"href":"https:\/\/prosafedz.com\/fr\/wp-json\/wp\/v2\/product\/31311","targetHints":{"allow":["GET"]}}],"collection":[{"href":"https:\/\/prosafedz.com\/fr\/wp-json\/wp\/v2\/product"}],"about":[{"href":"https:\/\/prosafedz.com\/fr\/wp-json\/wp\/v2\/types\/product"}],"wp:featuredmedia":[{"embeddable":true,"href":"https:\/\/prosafedz.com\/fr\/wp-json\/wp\/v2\/media\/32390"}],"wp:attachment":[{"href":"https:\/\/prosafedz.com\/fr\/wp-json\/wp\/v2\/media?parent=31311"}],"wp:term":[{"taxonomy":"product_brand","embeddable":true,"href":"https:\/\/prosafedz.com\/fr\/wp-json\/wp\/v2\/product_brand?post=31311"},{"taxonomy":"product_cat","embeddable":true,"href":"https:\/\/prosafedz.com\/fr\/wp-json\/wp\/v2\/product_cat?post=31311"},{"taxonomy":"product_tag","embeddable":true,"href":"https:\/\/prosafedz.com\/fr\/wp-json\/wp\/v2\/product_tag?post=31311"}],"curies":[{"name":"wp","href":"https:\/\/api.w.org\/{rel}","templated":true}]}}