{"id":31253,"date":"2018-11-24T16:31:08","date_gmt":"2018-11-24T15:31:08","guid":{"rendered":"https:\/\/prosafedz.com\/?post_type=product&#038;p=31253"},"modified":"2024-11-26T11:20:31","modified_gmt":"2024-11-26T10:20:31","slug":"gants-isolation-electrique-7-500-ref-8110","status":"publish","type":"product","link":"https:\/\/prosafedz.com\/fr\/produit\/gants-isolation-electrique-7-500-ref-8110\/","title":{"rendered":"Gant isolation \u00e9lectrique 7 500 V  R\u00e9f : 8110"},"content":{"rendered":"<p><strong>AVANTAGES SP\u00c9CIFIQUES<\/strong><br \/>\n\u2022 CLASSE 1-AZC.<br \/>\n\u2022 Protection di\u00e9lectrique \u00e9lev\u00e9e<br \/>\n\u2022 Forme ergonomique<br \/>\n\u2022 L\u00e9g\u00e8rement poudr\u00e9 pour faciliter le gantage et d\u00e9gantage<\/p>\n<p><strong>PRINCIPAUX DOMAINES D\u2019UTILISATION<\/strong><br \/>\n\u2022 Travaux d\u2019\u00e9lectricien<br \/>\n\u2022 Energie (production et distribution)<br \/>\n\u2022 Fabrication d\u2019\u00e9quipements et machines \u00e9lectriques et \u00e9lectroniques<br \/>\n\u2022 Maintenance<\/p>\n<p><strong>CONDITIONNEMENT<\/strong><br \/>\n\u2022 Emballage individuel <\/p>\n<p><strong>NORMALISATION<\/strong><br \/>\nCe gant est conforme au mod\u00e8le de l\u2019\u00e9quipement de protection individuelle ayant fait l\u2019objet de<br \/>\nL\u2019attestation<strong> CE de type 2777\/11606- 01\/E00-00<\/strong><br \/>\n<strong>D\u00e9livr\u00e9e par SATRA Technology Europe Ltd (2777)<\/strong><br \/>\n<strong>EN 60903:2003 + CEI 60903:2014<\/strong><\/p>\n","protected":false},"excerpt":{"rendered":"<p><strong>Gant isolation \u00e9lectrique 7 500 V R\u00e9f : 8110<\/strong><\/p>\n<p><strong>DESCRIPTION\u00a0<\/strong><br \/>\n\u2022 Gants caoutchouc naturel beige, isolants, bords tranch\u00e9s. La forme ergonomique du gant et son int\u00e9rieur l\u00e9g\u00e8rement poudr\u00e9 facilite la mise en main et le retrait.<\/p>\n<p>\u2022 La structure \u00e0 base de caoutchouc naturel procure de hautes caract\u00e9ristiques di\u00e9lectriques; son \u00e9paisseur prot\u00e8ge tout en assurant une excellente dext\u00e9rit\u00e9.<\/p>\n<p>\u2022 Recommand\u00e9 pour \u00eatre utilis\u00e9 avec des sur-gants en cuir afin d\u2019assurer une protection m\u00e9canique.<\/p>\n<p>\u2022 Longueur : 36 cm.<\/p>\n<p><a href=\"https:\/\/prosafedz.com\/fr\/wp-content\/uploads\/2018\/11\/download-10.pdf \" target=\"_blank\" rel=\"noopener noreferrer\"><button style=\"background-color: #90a96b; font-seize: 20px;\"><strong>T\u00e9l\u00e9charger La Fiche Technique<\/strong><\/button><\/a><\/p>\n","protected":false},"featured_media":35282,"template":"","meta":[],"product_brand":[],"product_cat":[434],"product_tag":[1228,988],"class_list":{"0":"post-31253","1":"product","2":"type-product","3":"status-publish","4":"has-post-thumbnail","6":"product_cat-5-8-gants-electricien","7":"product_tag-gant-isolation-electrique-7-500-v-ref-8210","8":"product_tag-gants-isolation-electrique-7-500-v-8210","10":"first","11":"instock","12":"shipping-taxable","13":"product-type-simple"},"_links":{"self":[{"href":"https:\/\/prosafedz.com\/fr\/wp-json\/wp\/v2\/product\/31253","targetHints":{"allow":["GET"]}}],"collection":[{"href":"https:\/\/prosafedz.com\/fr\/wp-json\/wp\/v2\/product"}],"about":[{"href":"https:\/\/prosafedz.com\/fr\/wp-json\/wp\/v2\/types\/product"}],"wp:featuredmedia":[{"embeddable":true,"href":"https:\/\/prosafedz.com\/fr\/wp-json\/wp\/v2\/media\/35282"}],"wp:attachment":[{"href":"https:\/\/prosafedz.com\/fr\/wp-json\/wp\/v2\/media?parent=31253"}],"wp:term":[{"taxonomy":"product_brand","embeddable":true,"href":"https:\/\/prosafedz.com\/fr\/wp-json\/wp\/v2\/product_brand?post=31253"},{"taxonomy":"product_cat","embeddable":true,"href":"https:\/\/prosafedz.com\/fr\/wp-json\/wp\/v2\/product_cat?post=31253"},{"taxonomy":"product_tag","embeddable":true,"href":"https:\/\/prosafedz.com\/fr\/wp-json\/wp\/v2\/product_tag?post=31253"}],"curies":[{"name":"wp","href":"https:\/\/api.w.org\/{rel}","templated":true}]}}