{"id":31251,"date":"2018-11-24T16:24:15","date_gmt":"2018-11-24T15:24:15","guid":{"rendered":"https:\/\/prosafedz.com\/?post_type=product&#038;p=31251"},"modified":"2024-11-26T11:47:17","modified_gmt":"2024-11-26T10:47:17","slug":"gants-isolation-electrique-1000v-ref-8056","status":"publish","type":"product","link":"https:\/\/prosafedz.com\/fr\/produit\/gants-isolation-electrique-1000v-ref-8056\/","title":{"rendered":"Gant isolation \u00e9lectrique 1 000 V  R\u00e9f : 8056"},"content":{"rendered":"<p><strong>AVANTAGES SP\u00c9CIFIQUES<\/strong><\/p>\n<p>\u2022 CLASSE 0 &#8211; AZC.<br \/>\n\u2022 Protection di\u00e9lectrique \u00e9lev\u00e9e<br \/>\n\u2022 Forme ergonomique<br \/>\n\u2022 L\u00e9g\u00e8rement poudr\u00e9 pour faciliter le gantage et d\u00e9gantage<\/p>\n<p><strong>PRINCIPAUX DOMAINES D\u2019UTILISATION<\/strong><\/p>\n<ul>\n<li>Travaux d\u2019\u00e9lectricit\u00e9<\/li>\n<li>Energie (production et distribution)<\/li>\n<li>Fabrication d\u2019\u00e9quipements et machines \u00e9lectriques et \u00e9lectroniques<\/li>\n<li>Maintenance<\/li>\n<\/ul>\n<p><strong>CONDITIONNEMENT<\/strong><\/p>\n<ul>\n<li>Emballage individuelle<\/li>\n<\/ul>\n<p><strong>NORMALISATION<\/strong><br \/>\nCe gant est conforme au mod\u00e8le de l\u2019\u00e9quipement de protection individuelle ayant fait l\u2019objet de\u00a0<strong>l\u2019attestation CE de type 2777\/11671- 01\/E00-00<\/strong><br \/>\n<strong>D\u00e9livr\u00e9e par SATRA Technology Europe Ltd (2777)<\/strong><\/p>\n<p><strong>EN60903:2003 + CEI 60903:2014<\/strong><\/p>\n","protected":false},"excerpt":{"rendered":"<p><strong><span style=\"font-size: 14.4px;\">Gant isolation \u00e9lectrique 1 000 V R\u00e9f. : 8056<\/span><\/strong><\/p>\n<p><br style=\"font-size: 14.4px;\" \/><strong style=\"font-size: 14.4px;\">DESCRIPTION<\/strong><\/p>\n<p>\u2022 Gant caoutchouc naturel beige, isolants, bords tranch\u00e9s. La forme ergonomique du gant et son int\u00e9rieur l\u00e9g\u00e8rement poudr\u00e9 facilite la mise en main et le retrait.<\/p>\n<p>\u2022 La structure \u00e0 base de caoutchouc naturel procure de hautes caract\u00e9ristiques di\u00e9lectriques; son \u00e9paisseur prot\u00e8ge tout en assurant une excellente dext\u00e9rit\u00e9.<\/p>\n<p>\u2022 Recommand\u00e9 pour \u00eatre utilis\u00e9 avec des sur-gants en cuir afin d\u2019assurer une protection m\u00e9canique.<\/p>\n<p>\u2022\u00a0Longueur : 36 cm.<\/p>\n<p>&nbsp;<\/p>\n<p><a href=\"https:\/\/prosafedz.com\/fr\/wp-content\/uploads\/2018\/11\/download-11.pdf \" target=\"_blank\" rel=\"noopener noreferrer\"><button style=\"background-color: #90a96b; font-seize: 20px;\"><strong>T\u00e9l\u00e9charger La Fiche Technique<\/strong><\/button><\/a><\/p>\n","protected":false},"featured_media":35282,"template":"","meta":[],"product_brand":[],"product_cat":[434],"product_tag":[1227,987],"class_list":{"0":"post-31251","1":"product","2":"type-product","3":"status-publish","4":"has-post-thumbnail","6":"product_cat-5-8-gants-electricien","7":"product_tag-gant-isolation-electrique-1-000-v-ref-8110","8":"product_tag-gants-isolation-electrique-1-000-v-8109-8110","10":"first","11":"instock","12":"shipping-taxable","13":"product-type-simple"},"_links":{"self":[{"href":"https:\/\/prosafedz.com\/fr\/wp-json\/wp\/v2\/product\/31251","targetHints":{"allow":["GET"]}}],"collection":[{"href":"https:\/\/prosafedz.com\/fr\/wp-json\/wp\/v2\/product"}],"about":[{"href":"https:\/\/prosafedz.com\/fr\/wp-json\/wp\/v2\/types\/product"}],"wp:featuredmedia":[{"embeddable":true,"href":"https:\/\/prosafedz.com\/fr\/wp-json\/wp\/v2\/media\/35282"}],"wp:attachment":[{"href":"https:\/\/prosafedz.com\/fr\/wp-json\/wp\/v2\/media?parent=31251"}],"wp:term":[{"taxonomy":"product_brand","embeddable":true,"href":"https:\/\/prosafedz.com\/fr\/wp-json\/wp\/v2\/product_brand?post=31251"},{"taxonomy":"product_cat","embeddable":true,"href":"https:\/\/prosafedz.com\/fr\/wp-json\/wp\/v2\/product_cat?post=31251"},{"taxonomy":"product_tag","embeddable":true,"href":"https:\/\/prosafedz.com\/fr\/wp-json\/wp\/v2\/product_tag?post=31251"}],"curies":[{"name":"wp","href":"https:\/\/api.w.org\/{rel}","templated":true}]}}