{"id":31161,"date":"2018-11-17T10:26:35","date_gmt":"2018-11-17T09:26:35","guid":{"rendered":"https:\/\/prosafedz.com\/?post_type=product&#038;p=31161"},"modified":"2025-02-02T12:13:06","modified_gmt":"2025-02-02T11:13:06","slug":"polo-kal-manche-longue-ref-kalb-kalg-kaln-kalt","status":"publish","type":"product","link":"https:\/\/prosafedz.com\/fr\/produit\/polo-kal-manche-longue-ref-kalb-kalg-kaln-kalt\/","title":{"rendered":"POLO KAL Manche Longue 100% Coton R\u00e9f : KALCO"},"content":{"rendered":"<p><strong>Conditionnement<\/strong><br \/>\n* Emballage Individuel<br \/>\n* Carton de 20 Polos<\/p>\n","protected":false},"excerpt":{"rendered":"<div class=\"elementor-element elementor-element-319f5bb elementor-align-left elementor-widget elementor-widget-bdt-advanced-button\" data-id=\"319f5bb\" data-element_type=\"widget\" data-settings=\"{&quot;element_pack_widget_tooltip&quot;:&quot;yes&quot;,&quot;element_pack_widget_tooltip_text&quot;:&quot;Polo Manches Longues 100% Coton, Made In Algeria&quot;,&quot;element_pack_widget_tooltip_placement&quot;:&quot;bottom-start&quot;,&quot;element_pack_widget_tooltip_x_offset&quot;:{&quot;unit&quot;:&quot;px&quot;,&quot;size&quot;:&quot;&quot;,&quot;sizes&quot;:[]},&quot;element_pack_widget_tooltip_y_offset&quot;:{&quot;unit&quot;:&quot;px&quot;,&quot;size&quot;:&quot;&quot;,&quot;sizes&quot;:[]}}\" data-widget_type=\"bdt-advanced-button.default\">\n<div class=\"elementor-widget-container\">\n<div class=\"bdt-ep-button-wrapper\">\n<div class=\"bdt-ep-button-content-wrapper bdt-flex bdt-flex-middle bdt-flex-center \" data-text=\"Description\">\n<div class=\"bdt-ep-button-text\"><span class=\"avdbtn-text\"><strong>DESCRIPTION :<\/strong>\u00a0<\/span><\/div>\n<\/div>\n<\/div>\n<\/div>\n<\/div>\n<div class=\"elementor-element elementor-element-c982ad1 elementor-widget elementor-widget-text-editor\" data-id=\"c982ad1\" data-element_type=\"widget\" data-widget_type=\"text-editor.default\">\n<div class=\"elementor-widget-container\">Polo manches longues Coup\u00e9 Cousu Tricot Double peign\u00e9 3 Boutons<\/div>\n<div class=\"elementor-widget-container\">100% coton<\/div>\n<div class=\"elementor-widget-container\">Emballage Individuel<\/div>\n<div class=\"elementor-widget-container\">Tailles : S \u00e0 3XL<\/div>\n<div><\/div>\n<\/div>\n<div class=\"elementor-element elementor-element-f5a3b61 elementor-widget elementor-widget-text-editor\" data-id=\"f5a3b61\" data-element_type=\"widget\" data-widget_type=\"text-editor.default\">\n<div class=\"elementor-widget-container\"><strong>AVANTAGES :\u00a0<\/strong>Polyvalence Simplicit\u00e9 L\u00e9g\u00e8ret\u00e9<\/div>\n<\/div>\n<div class=\"elementor-element elementor-element-25df943 elementor-widget elementor-widget-text-editor\" data-id=\"25df943\" data-element_type=\"widget\" data-widget_type=\"text-editor.default\">\n<div><\/div>\n<div class=\"elementor-widget-container\"><strong>SECTEURS INDUSTRIELS :\u00a0<\/strong><\/div>\n<div class=\"elementor-widget-container\">Bricolage,\u00a0Collectivit\u00e9s (maintenance; entretien d\u2019espaces verts; collecte des d\u00e9chets\u2026),<\/div>\n<div class=\"elementor-widget-container\">Hygi\u00e8ne<\/div>\n<div class=\"elementor-widget-container\">Industries l\u00e9g\u00e8res (textile, Industries l\u00e9g\u00e8res (textile; cuir; plasturgie; caoutchouc; meubles; luxe\u2026)<\/div>\n<div class=\"elementor-widget-container\">Maintenance, Second-\u0153uvre du b\u00e2timent, Services et distribution<\/div>\n<div class=\"elementor-widget-container\">Services et distribution (magasins; h\u00f4tels\/restaurants; nettoyage; garages\u2026)<\/div>\n<div class=\"elementor-widget-container\">Transport (hors fabrication) et logistique, Travaux courants<\/div>\n<div><\/div>\n<\/div>\n<div class=\"elementor-element elementor-element-2b1d586 elementor-widget elementor-widget-text-editor\" data-id=\"2b1d586\" data-element_type=\"widget\" data-widget_type=\"text-editor.default\">\n<div class=\"elementor-widget-container\"><strong>COULEUR :\u00a0<\/strong><\/div>\n<div class=\"elementor-widget-container\">Beige Tabac,\u00a0Bleu Navy,\u00a0Grenat,\u00a0Gris,\u00a0Noir<\/div>\n<\/div>\n<p><a href=\"https:\/\/acrobat.adobe.com\/id\/urn:aaid:sc:EU:8e88e9af-4179-4530-a0e5-f65c8a0c5afc\" target=\"_blank\" rel=\"noopener noreferrer\"><button style=\"background-color: #90a96b; font-seize: 20px;\"><strong>T\u00e9l\u00e9charger La Fiche Technique<\/strong><\/button><\/a><\/p>\n","protected":false},"featured_media":35415,"template":"","meta":[],"product_brand":[],"product_cat":[946],"product_tag":[],"class_list":{"0":"post-31161","1":"product","2":"type-product","3":"status-publish","4":"has-post-thumbnail","6":"product_cat-6-5-polo-t-shirt","7":"yith_product_brand-europrotection","9":"first","10":"instock","11":"shipping-taxable","12":"product-type-simple"},"_links":{"self":[{"href":"https:\/\/prosafedz.com\/fr\/wp-json\/wp\/v2\/product\/31161","targetHints":{"allow":["GET"]}}],"collection":[{"href":"https:\/\/prosafedz.com\/fr\/wp-json\/wp\/v2\/product"}],"about":[{"href":"https:\/\/prosafedz.com\/fr\/wp-json\/wp\/v2\/types\/product"}],"wp:featuredmedia":[{"embeddable":true,"href":"https:\/\/prosafedz.com\/fr\/wp-json\/wp\/v2\/media\/35415"}],"wp:attachment":[{"href":"https:\/\/prosafedz.com\/fr\/wp-json\/wp\/v2\/media?parent=31161"}],"wp:term":[{"taxonomy":"product_brand","embeddable":true,"href":"https:\/\/prosafedz.com\/fr\/wp-json\/wp\/v2\/product_brand?post=31161"},{"taxonomy":"product_cat","embeddable":true,"href":"https:\/\/prosafedz.com\/fr\/wp-json\/wp\/v2\/product_cat?post=31161"},{"taxonomy":"product_tag","embeddable":true,"href":"https:\/\/prosafedz.com\/fr\/wp-json\/wp\/v2\/product_tag?post=31161"}],"curies":[{"name":"wp","href":"https:\/\/api.w.org\/{rel}","templated":true}]}}