{"id":31134,"date":"2018-11-15T15:27:20","date_gmt":"2018-11-15T14:27:20","guid":{"rendered":"https:\/\/prosafedz.com\/?post_type=product&#038;p=31134"},"modified":"2023-07-06T17:14:54","modified_gmt":"2023-07-06T15:14:54","slug":"pantalon-de-travail-smart-pantalon-60-coton-40-polyester-ref-8smtm","status":"publish","type":"product","link":"https:\/\/prosafedz.com\/fr\/produit\/pantalon-de-travail-smart-pantalon-60-coton-40-polyester-ref-8smtm\/","title":{"rendered":"Pantalon de travail SMART PolyCoton R\u00e9f 8SMTM"},"content":{"rendered":"<p><strong>CONDITIONNEMENT DE VENTE<br \/>\n&#8211;<\/strong> 10 Pi\u00e8ces par Carton<\/p>\n","protected":false},"excerpt":{"rendered":"<p><strong>&#8211; Mat\u00e9riaux : 60% Coton \/ 40% Polyester.<\/strong><br \/>\n<strong>&#8211; Fermeture : Fermeture \u00e0 glissi\u00e8re YKK.<\/strong><br \/>\n<strong>&#8211; Taille : Taille \u00e9lastique, Passant pour ceinture.<\/strong><br \/>\n<strong>&#8211; Poches et Anneaux : 2 boucles porte-cl\u00e9s, 2 poches italiennes, 2 poches de cot\u00e9 avec fermeture \u00e0 glissi\u00e8re, 2 porte-marteaux, 2 poches de cot\u00e9multi-compartiments (avec 01 anneau<\/strong><br \/>\n<strong>porte-outil), 1 poche m\u00e8tre, 2 poches \u00e0 l\u2019arri\u00e8re (1 avec Cordura).<\/strong><br \/>\n<strong>&#8211; Poches d\u00e9tachables optionnelles : 2 anneaux porte-outil lat\u00e9raux.<\/strong><br \/>\n<strong>&#8211; Poches Knee : 2 Poches Cudura Knee (Compatible avec 8KNEE)<\/strong><br \/>\n<strong>&#8211; Doublure : Triple doublure avec renforcement.<\/strong><br \/>\n<strong>&#8211; Bande r\u00e9tro-r\u00e9fl\u00e9chissantes.<\/strong><br \/>\n<strong>&#8211; Longueur des jambes : Ajustable sur 5 CM.<\/strong><br \/>\n<strong>&#8211; Renforcement : Cordura renforcement.<\/strong><\/p>\n<p><a href=\"https:\/\/prosafedz.com\/fr\/wp-content\/uploads\/2023\/07\/8SMTM.pdf\" target=\"_blank\" rel=\"noopener noreferrer\"><button style=\"background-color: #90a96b; font-seize: 20px;\"><strong>T\u00e9l\u00e9charger La Fiche Technique<\/strong><\/button><\/a><\/p>\n","protected":false},"featured_media":34628,"template":"","meta":[],"product_brand":[],"product_cat":[19],"product_tag":[972],"class_list":{"0":"post-31134","1":"product","2":"type-product","3":"status-publish","4":"has-post-thumbnail","6":"product_cat-6-2-pantalons-de-travail","7":"product_tag-pantalon-de-travail-smart-pantalon-60-coton-40-polyester-ref-8smtm","8":"yith_product_brand-coverguard","9":"yith_product_brand-coverguard-workwear","11":"first","12":"instock","13":"shipping-taxable","14":"product-type-simple"},"_links":{"self":[{"href":"https:\/\/prosafedz.com\/fr\/wp-json\/wp\/v2\/product\/31134","targetHints":{"allow":["GET"]}}],"collection":[{"href":"https:\/\/prosafedz.com\/fr\/wp-json\/wp\/v2\/product"}],"about":[{"href":"https:\/\/prosafedz.com\/fr\/wp-json\/wp\/v2\/types\/product"}],"wp:featuredmedia":[{"embeddable":true,"href":"https:\/\/prosafedz.com\/fr\/wp-json\/wp\/v2\/media\/34628"}],"wp:attachment":[{"href":"https:\/\/prosafedz.com\/fr\/wp-json\/wp\/v2\/media?parent=31134"}],"wp:term":[{"taxonomy":"product_brand","embeddable":true,"href":"https:\/\/prosafedz.com\/fr\/wp-json\/wp\/v2\/product_brand?post=31134"},{"taxonomy":"product_cat","embeddable":true,"href":"https:\/\/prosafedz.com\/fr\/wp-json\/wp\/v2\/product_cat?post=31134"},{"taxonomy":"product_tag","embeddable":true,"href":"https:\/\/prosafedz.com\/fr\/wp-json\/wp\/v2\/product_tag?post=31134"}],"curies":[{"name":"wp","href":"https:\/\/api.w.org\/{rel}","templated":true}]}}