{"id":31132,"date":"2018-11-15T15:15:09","date_gmt":"2018-11-15T14:15:09","guid":{"rendered":"https:\/\/prosafedz.com\/?post_type=product&#038;p=31132"},"modified":"2025-02-16T09:53:59","modified_gmt":"2025-02-16T08:53:59","slug":"pantalon-de-travail-thor-multi-risque-ref-8thtn-8mthty","status":"publish","type":"product","link":"https:\/\/prosafedz.com\/fr\/produit\/pantalon-de-travail-thor-multi-risque-ref-8thtn-8mthty\/","title":{"rendered":"Pantalon de travail THOR Multi Risque R\u00e9f 8MTHTN-8MTHTY"},"content":{"rendered":"<p><strong>LES + :<\/strong><\/p>\n<p><strong>&#8211; Industries p\u00e9troli\u00e8res et gazi\u00e8res.<\/strong><br \/>\n<strong>&#8211; Industrie Chimique.<\/strong><br \/>\n<strong>&#8211; Industrie \u00e9lectrique et automobile.<\/strong><br \/>\n<strong>&#8211; Services publics.<\/strong><br \/>\n<strong>&#8211; mercerie plastique + composition m\u00e9lang\u00e9e + bandes r\u00e9fl\u00e9chissantes.<\/strong><\/p>\n<p><strong>SECTEURS<br \/>\n&#8211;<\/strong> Exploitation mini\u00e8re<br \/>\n<strong>&#8211;<\/strong> Industries extractives (p\u00e9trole, gas)<br \/>\n<strong>&#8211;<\/strong> Industries lourdes et de process<br \/>\n<strong>&#8211;<\/strong> Constructions m\u00e9caniques<br \/>\n<strong>&#8211;<\/strong> Industries chimique et pharmaceutique<br \/>\n<strong>&#8211;<\/strong> Industries l\u00e9g\u00e8res<br \/>\n<strong>&#8211;<\/strong> Fabrication d\u2019\u00e9quipements et machines \u00e9lectriques et \u00e9lectroniques<br \/>\n<strong>&#8211;<\/strong> Energie (production et distribution)<br \/>\n<strong>CONDITIONNEMENT DE VENTE<\/strong><br \/>\n<strong>&#8211;<\/strong> Sachet individuel<br \/>\n<strong>NORME(S)<\/strong><br \/>\nCet \u00e9quipement est conforme au mod\u00e8le de l&rsquo;\u00e9quipement de protection individuelle ayant fait l&rsquo;objet de l&rsquo;attestation CE de type <strong>20\/2616\/00\/0161.<br \/>\n<\/strong>D\u00e9livr\u00e9 par<strong> AITEX<br \/>\nEN14404:2004 + A1:2010 Type 2 &#8211; NIV.0<br \/>\nEN ISO 11611:2015 Class 1 &#8211; A1+A2<br \/>\nEN ISO 11612:2015 A1+A2-B1-C1-E2-F1<br \/>\nIEC61482-2:2009 Class 1 &#8211; 4 kA<br \/>\nEN13034:2005 + A1:2009 Type PB [6]\nEN1149-5:2018<\/strong><\/p>\n","protected":false},"excerpt":{"rendered":"<p><strong>&#8211; Couleur : Marine.<\/strong><br \/>\n<strong>&#8211; Mati\u00e8re : SATIN FR: 78% Coton \/ 20% Polyester \/ 2% Antistatique &#8211; 300g\/m2.<\/strong><br \/>\n<strong>&#8211; Mati\u00e8re 2 : MERCERIE: Plastique.<\/strong><br \/>\n<strong>&#8211; Bandes : BANDES R\u00c9TRO-R\u00c9FL\u00c9CHISSANTES FR: Bandes cousues microbilles : 5cm.<\/strong><br \/>\n<strong>&#8211; Caract\u00e9ristiques : Lavage industriel (couleurs).<\/strong><br \/>\n<strong>&#8211; Ceinture : Ceinture \u00e9lastiqu\u00e9e c\u00f4t\u00e9s + Passants \/ Collerette de marquage dans ceinture.<\/strong><br \/>\n<strong>&#8211; Poches : 2 poches italiennes \/ 2 poches dos \u00e0 rabat ferm\u00e9 \/ 1 poche c\u00f4t\u00e9 \u00e0 rabat ferm\u00e9 \/ 1 poche outils.<\/strong><br \/>\n<strong>&#8211; Renforts empi\u00e8cements : Poches genoux en serg\u00e9, ouverture par le bas \/ EN 14404: Type 2 &#8211; Niveau 0.<\/strong><br \/>\n<strong>&#8211; Finitions d\u00e9tails : Triple surpiq\u00fbre Pictogrammes des normes sur poche.<\/strong><br \/>\n<strong>&#8211; Visibilit\u00e9 : Bandes cousues: 1 brassard\/jambe.<\/strong><br \/>\n<strong>&#8211; R\u00e9glages : Ourlet suppl\u00e9mentaire: +5cm.<\/strong><\/p>\n<p><a href=\"https:\/\/prosafedz.com\/fr\/wp-content\/uploads\/2023\/07\/8MTHTN.pdf\" target=\"_blank\" rel=\"noopener noreferrer\"><button style=\"background-color: #90a96b; font-seize: 20px;\"><strong>T\u00e9l\u00e9charger La Fiche Technique<\/strong><\/button><\/a><\/p>\n","protected":false},"featured_media":34673,"template":"","meta":[],"product_brand":[],"product_cat":[19,905],"product_tag":[971],"class_list":{"0":"post-31132","1":"product","2":"type-product","3":"status-publish","4":"has-post-thumbnail","6":"product_cat-6-2-pantalons-de-travail","7":"product_cat-6-9-vetement-ignifuge","8":"product_tag-pantalon-de-travail-thor-multi-risque-ref-8thtn-8mthty","9":"yith_product_brand-coverguard","10":"yith_product_brand-coverguard-xpert","12":"first","13":"instock","14":"shipping-taxable","15":"product-type-simple"},"_links":{"self":[{"href":"https:\/\/prosafedz.com\/fr\/wp-json\/wp\/v2\/product\/31132","targetHints":{"allow":["GET"]}}],"collection":[{"href":"https:\/\/prosafedz.com\/fr\/wp-json\/wp\/v2\/product"}],"about":[{"href":"https:\/\/prosafedz.com\/fr\/wp-json\/wp\/v2\/types\/product"}],"wp:featuredmedia":[{"embeddable":true,"href":"https:\/\/prosafedz.com\/fr\/wp-json\/wp\/v2\/media\/34673"}],"wp:attachment":[{"href":"https:\/\/prosafedz.com\/fr\/wp-json\/wp\/v2\/media?parent=31132"}],"wp:term":[{"taxonomy":"product_brand","embeddable":true,"href":"https:\/\/prosafedz.com\/fr\/wp-json\/wp\/v2\/product_brand?post=31132"},{"taxonomy":"product_cat","embeddable":true,"href":"https:\/\/prosafedz.com\/fr\/wp-json\/wp\/v2\/product_cat?post=31132"},{"taxonomy":"product_tag","embeddable":true,"href":"https:\/\/prosafedz.com\/fr\/wp-json\/wp\/v2\/product_tag?post=31132"}],"curies":[{"name":"wp","href":"https:\/\/api.w.org\/{rel}","templated":true}]}}