{"id":31121,"date":"2018-11-13T14:27:09","date_gmt":"2018-11-13T13:27:09","guid":{"rendered":"https:\/\/prosafedz.com\/?post_type=product&#038;p=31121"},"modified":"2023-06-22T14:50:38","modified_gmt":"2023-06-22T12:50:38","slug":"pantalon-de-travail-paddock-polycoton-ref-8padp","status":"publish","type":"product","link":"https:\/\/prosafedz.com\/fr\/produit\/pantalon-de-travail-paddock-polycoton-ref-8padp\/","title":{"rendered":"Pantalon de travail PADDOCK PolyCoton R\u00e9f 8PADP"},"content":{"rendered":"<p><strong>CONDITIONNEMENT DE VENTE<br \/>\n&#8211;<\/strong> 10 pi\u00e8ces dans 1 carton<br \/>\n<strong>NORME(S)<br \/>\n<\/strong>Cet \u00e9quipement est conforme \u00e0 la norme : <strong>EN ISO 13688:2013.<br \/>\n<\/strong><\/p>\n","protected":false},"excerpt":{"rendered":"<p><strong>&#8211; Mat\u00e9riaux : 60% Coton, 40% Polyester.<\/strong><\/p>\n<p><strong>&#8211; Fermeture : Fermeture \u00e0 glissi\u00e8re.<\/strong><\/p>\n<p><strong>&#8211; Taille : Taille \u00e9lastique, Passant pour ceinture.<\/strong><\/p>\n<p><strong>&#8211; Coutures : Doubles avec points de renfort.<\/strong><\/p>\n<p><strong>&#8211; Poches et Anneaux : 1 anneau porte-cl\u00e9s, 2 poches italiennes, 1 poche m\u00e8tre, 1 anneau porte-outil, 2 poches de c\u00f4t\u00e9, 2 poches \u00e0 l\u2019arri\u00e8re.<\/strong><\/p>\n<p><strong>&#8211; Genouill\u00e8res : 2 emplacements (compatible avec 8KNEE).<\/strong><\/p>\n<p><strong>&#8211; Serrage bas des jambes : Par bandes agrippantes.<\/strong><\/p>\n<p><strong>&#8211; Longueur des jambes : Ajustable sur 5cm.<\/strong><\/p>\n<p><a href=\"http:\/\/prosafedz.com\/fr\/wp-content\/uploads\/2021\/09\/05-8PADP.pdf\" target=\"_blank\" rel=\"noopener noreferrer\"><button style=\"background-color: #90a96b; font-seize: 20px;\"><strong>T\u00e9l\u00e9charger La Fiche Technique<\/strong><\/button><\/a><\/p>\n","protected":false},"featured_media":34620,"template":"","meta":[],"product_brand":[],"product_cat":[19],"product_tag":[968],"class_list":{"0":"post-31121","1":"product","2":"type-product","3":"status-publish","4":"has-post-thumbnail","6":"product_cat-6-2-pantalons-de-travail","7":"product_tag-pantalon-de-travail-paddock-polycoton-ref-8padp","8":"yith_product_brand-coverguard","9":"yith_product_brand-coverguard-workwear","11":"first","12":"instock","13":"shipping-taxable","14":"product-type-simple"},"_links":{"self":[{"href":"https:\/\/prosafedz.com\/fr\/wp-json\/wp\/v2\/product\/31121","targetHints":{"allow":["GET"]}}],"collection":[{"href":"https:\/\/prosafedz.com\/fr\/wp-json\/wp\/v2\/product"}],"about":[{"href":"https:\/\/prosafedz.com\/fr\/wp-json\/wp\/v2\/types\/product"}],"wp:featuredmedia":[{"embeddable":true,"href":"https:\/\/prosafedz.com\/fr\/wp-json\/wp\/v2\/media\/34620"}],"wp:attachment":[{"href":"https:\/\/prosafedz.com\/fr\/wp-json\/wp\/v2\/media?parent=31121"}],"wp:term":[{"taxonomy":"product_brand","embeddable":true,"href":"https:\/\/prosafedz.com\/fr\/wp-json\/wp\/v2\/product_brand?post=31121"},{"taxonomy":"product_cat","embeddable":true,"href":"https:\/\/prosafedz.com\/fr\/wp-json\/wp\/v2\/product_cat?post=31121"},{"taxonomy":"product_tag","embeddable":true,"href":"https:\/\/prosafedz.com\/fr\/wp-json\/wp\/v2\/product_tag?post=31121"}],"curies":[{"name":"wp","href":"https:\/\/api.w.org\/{rel}","templated":true}]}}