{"id":31116,"date":"2018-11-13T14:16:07","date_gmt":"2018-11-13T13:16:07","guid":{"rendered":"https:\/\/prosafedz.com\/?post_type=product&#038;p=31116"},"modified":"2023-06-15T14:21:20","modified_gmt":"2023-06-15T12:21:20","slug":"pantalon-de-travail-commander-pantalon-100-coton-ref-8cota-8cotg-8cotn-8cotv","status":"publish","type":"product","link":"https:\/\/prosafedz.com\/fr\/produit\/pantalon-de-travail-commander-pantalon-100-coton-ref-8cota-8cotg-8cotn-8cotv\/","title":{"rendered":"Pantalon de travail COMMANDER 100% coton R\u00e9f 8COTA-8COTG-8COTN-8COTV"},"content":{"rendered":"<p><strong>LES + :<\/strong><\/p>\n<p><strong>&#8211; 100% Coton.<\/strong><br \/>\n<strong>&#8211; Bi-couleur.<\/strong><br \/>\n<strong>&#8211; Large gamme coloris.<\/strong><\/p>\n<p><strong>CONDITIONNEMENT DE VENTE<br \/>\n&#8211;<\/strong> 10 Pi\u00e8ces par Carton<br \/>\n<strong>NORME(S)<\/strong><br \/>\nCet \u00e9quipement est conforme \u00e0 la norme : <strong>EN 340:2003.<\/strong><\/p>\n","protected":false},"excerpt":{"rendered":"<p><strong>&#8211; Mat\u00e9riaux : 100 % Coton.<\/strong><br \/>\n<strong>&#8211; Attaches : Des boutons sous rabat.<\/strong><br \/>\n<strong>&#8211; Poches : 2 Poches avant plaqu\u00e9es, 2 Poches derri\u00e8re plaqu\u00e9es, 1 poche pour outil, 1 Poche lat\u00e9ral ,plaqu\u00e9e avec rabat agrippant.<\/strong><br \/>\n<strong>&#8211; Poche Amovible : 2 boucles de ceinture en option pour les poches des outils.<\/strong><br \/>\n<strong>&#8211; Boucle pour marteau : Boucle pour la tenue de marteau.<\/strong><br \/>\n<strong>&#8211; Bretelles : Bretelles r\u00e9glables avec fermoirs plastiques.<\/strong><br \/>\n<strong>&#8211; Serrage : Serrage dos \u00e9lastique.<\/strong><\/p>\n<p><a href=\"http:\/\/prosafedz.com\/fr\/wp-content\/uploads\/2021\/09\/04-8COT.pdf\" target=\"_blank\" rel=\"noopener noreferrer\"><button style=\"background-color: #90a96b; font-seize: 20px;\"><strong>T\u00e9l\u00e9charger La Fiche Technique<\/strong><\/button><\/a><\/p>\n","protected":false},"featured_media":34597,"template":"","meta":[],"product_brand":[],"product_cat":[19],"product_tag":[967],"class_list":{"0":"post-31116","1":"product","2":"type-product","3":"status-publish","4":"has-post-thumbnail","6":"product_cat-6-2-pantalons-de-travail","7":"product_tag-pantalon-de-travail-commander-pantalon-100-coton-ref-8cota-8cotg-8cotn-8cotv","8":"yith_product_brand-coverguard","9":"yith_product_brand-coverguard-workwear","11":"first","12":"instock","13":"shipping-taxable","14":"product-type-simple"},"_links":{"self":[{"href":"https:\/\/prosafedz.com\/fr\/wp-json\/wp\/v2\/product\/31116","targetHints":{"allow":["GET"]}}],"collection":[{"href":"https:\/\/prosafedz.com\/fr\/wp-json\/wp\/v2\/product"}],"about":[{"href":"https:\/\/prosafedz.com\/fr\/wp-json\/wp\/v2\/types\/product"}],"wp:featuredmedia":[{"embeddable":true,"href":"https:\/\/prosafedz.com\/fr\/wp-json\/wp\/v2\/media\/34597"}],"wp:attachment":[{"href":"https:\/\/prosafedz.com\/fr\/wp-json\/wp\/v2\/media?parent=31116"}],"wp:term":[{"taxonomy":"product_brand","embeddable":true,"href":"https:\/\/prosafedz.com\/fr\/wp-json\/wp\/v2\/product_brand?post=31116"},{"taxonomy":"product_cat","embeddable":true,"href":"https:\/\/prosafedz.com\/fr\/wp-json\/wp\/v2\/product_cat?post=31116"},{"taxonomy":"product_tag","embeddable":true,"href":"https:\/\/prosafedz.com\/fr\/wp-json\/wp\/v2\/product_tag?post=31116"}],"curies":[{"name":"wp","href":"https:\/\/api.w.org\/{rel}","templated":true}]}}