{"id":31114,"date":"2018-11-13T14:07:27","date_gmt":"2018-11-13T13:07:27","guid":{"rendered":"https:\/\/prosafedz.com\/?post_type=product&#038;p=31114"},"modified":"2023-06-22T12:47:10","modified_gmt":"2023-06-22T10:47:10","slug":"pantalon-de-travail-operator-polycoton-ref-8opep","status":"publish","type":"product","link":"https:\/\/prosafedz.com\/fr\/produit\/pantalon-de-travail-operator-polycoton-ref-8opep\/","title":{"rendered":"Pantalon de travail OPERATOR PolyCoton R\u00e9f 8OPEP"},"content":{"rendered":"<p><strong>LES + :<\/strong><\/p>\n<p><strong>&#8211; L\u00e9g\u00e8ret\u00e9.<\/strong><br \/>\n<strong>&#8211; Nombreuses poches.<\/strong><br \/>\n<strong>&#8211; Emplacements pour genouill\u00e8re.<\/strong><br \/>\n<strong>&#8211; Serrage bas jambes.<\/strong><\/p>\n<p><strong>EXEMPLES D\u2019APPLICATIONS<br \/>\n&#8211;<\/strong> Tous milieux de travail salissants<br \/>\n<strong>&#8211;<\/strong> Travaux en position sur les genoux avec insertion des genouill\u00e8res 8KNEE (non fournies)<br \/>\n<strong>CONDITIONNEMENT DE VENTE<\/strong><br \/>\n<strong>&#8211;<\/strong> Emballage individuel<br \/>\n<strong>&#8211;<\/strong> Carton de 10 pi\u00e8ces<br \/>\n<strong>NORME(S)<\/strong><br \/>\nCet ensemble est conforme au mod\u00e8le de l\u2019\u00e9quipement de protection individuelle ayant fait l\u2019objet du Certificat de conformit\u00e9 <strong>AK 60023542 0001.<br \/>\n<\/strong>D\u00e9livr\u00e9e par<strong> T\u00dcV<\/strong><\/p>\n","protected":false},"excerpt":{"rendered":"<p><strong>&#8211; Mati\u00e8re : 60 % coton \/ 40 % polyester 245 g\/m\u00b2.<\/strong><br \/>\n<strong>&#8211; Fermeture \u00e0 la taille par boutons et braguette \u00e0 fermeture \u00e0 glissi\u00e8re avec rabat.<\/strong><br \/>\n<strong>&#8211; Passants ceinture.<\/strong><br \/>\n<strong>&#8211; Serrage bandes agrippantes en bas des jambes.<\/strong><br \/>\n<strong>&#8211; 2 poches devant repose-mains plaqu\u00e9es.<\/strong><br \/>\n<strong>&#8211; 1 attache clef.<\/strong><br \/>\n<strong>&#8211; 1 range-stylos.<\/strong><br \/>\n<strong>&#8211; 1 poche derri\u00e8re droite plaqu\u00e9e \u00e0 rabat agrippant.<\/strong><br \/>\n<strong>&#8211; 1 poche m\u00e8tre.<\/strong><br \/>\n<strong>&#8211; 1 poche derri\u00e8re gauche plaqu\u00e9e avec fermeture \u00e0 glissi\u00e8re.<\/strong><br \/>\n<strong>&#8211; 2 poches c\u00f4t\u00e9s jambes \u00e0 soufflet avec rabat de fermeture agrippant.<\/strong><br \/>\n<strong>&#8211; Emplacements pour genouill\u00e8re de protection.<\/strong><\/p>\n<p><a href=\"http:\/\/prosafedz.com\/fr\/wp-content\/uploads\/2021\/09\/03-8OPEP.pdf\" target=\"_blank\" rel=\"noopener noreferrer\"><button style=\"background-color: #90a96b; font-seize: 20px;\"><strong>T\u00e9l\u00e9charger La Fiche Technique<\/strong><\/button><\/a><\/p>\n","protected":false},"featured_media":34619,"template":"","meta":[],"product_brand":[],"product_cat":[19],"product_tag":[966],"class_list":{"0":"post-31114","1":"product","2":"type-product","3":"status-publish","4":"has-post-thumbnail","6":"product_cat-6-2-pantalons-de-travail","7":"product_tag-pantalon-de-travail-operator-polycoton-ref-8opep","8":"yith_product_brand-coverguard","9":"yith_product_brand-coverguard-workwear","11":"first","12":"instock","13":"shipping-taxable","14":"product-type-simple"},"_links":{"self":[{"href":"https:\/\/prosafedz.com\/fr\/wp-json\/wp\/v2\/product\/31114","targetHints":{"allow":["GET"]}}],"collection":[{"href":"https:\/\/prosafedz.com\/fr\/wp-json\/wp\/v2\/product"}],"about":[{"href":"https:\/\/prosafedz.com\/fr\/wp-json\/wp\/v2\/types\/product"}],"wp:featuredmedia":[{"embeddable":true,"href":"https:\/\/prosafedz.com\/fr\/wp-json\/wp\/v2\/media\/34619"}],"wp:attachment":[{"href":"https:\/\/prosafedz.com\/fr\/wp-json\/wp\/v2\/media?parent=31114"}],"wp:term":[{"taxonomy":"product_brand","embeddable":true,"href":"https:\/\/prosafedz.com\/fr\/wp-json\/wp\/v2\/product_brand?post=31114"},{"taxonomy":"product_cat","embeddable":true,"href":"https:\/\/prosafedz.com\/fr\/wp-json\/wp\/v2\/product_cat?post=31114"},{"taxonomy":"product_tag","embeddable":true,"href":"https:\/\/prosafedz.com\/fr\/wp-json\/wp\/v2\/product_tag?post=31114"}],"curies":[{"name":"wp","href":"https:\/\/api.w.org\/{rel}","templated":true}]}}