{"id":31110,"date":"2018-11-13T14:01:35","date_gmt":"2018-11-13T13:01:35","guid":{"rendered":"https:\/\/prosafedz.com\/?post_type=product&#038;p=31110"},"modified":"2024-05-20T15:19:27","modified_gmt":"2024-05-20T13:19:27","slug":"pantalon-de-travail-factory-polycoton-ref-8fabp-8fagp-8favp-8fawp","status":"publish","type":"product","link":"https:\/\/prosafedz.com\/fr\/produit\/pantalon-de-travail-factory-polycoton-ref-8fabp-8fagp-8favp-8fawp\/","title":{"rendered":"Pantalon de travail FACTORY PolyCoton R\u00e9f 8FABP-8FAVP-8FAGP-8FAWP"},"content":{"rendered":"<p><strong>CONDITIONNEMENT DE VENTE<br \/>\n&#8211;<\/strong> Emballage individuel<br \/>\n<strong>&#8211;<\/strong> 20 pantalons dans un carton<br \/>\n<strong>NORME(S)<\/strong><br \/>\nCe mod\u00e8le est conforme \u00e0 la norme <strong>EN 340:2003.<\/strong><\/p>\n","protected":false},"excerpt":{"rendered":"<p><strong>&#8211; Pantalon de travail type \u00ab bleu de travail \u00bb.<\/strong><br \/>\n<strong>&#8211; Mati\u00e8re : 35% coton \/ 65% polyester, 245 g\/m8.<\/strong><br \/>\n<strong>&#8211; Fermeture \u00e0 la taille par bouton.<\/strong><br \/>\n<strong>&#8211; Braguette par fermeture \u00e0 glissi\u00e8re avec rabat.<\/strong><br \/>\n<strong>&#8211; Passants ceinture.<\/strong><br \/>\n<strong>&#8211; Serrage par \u00e9lastiques sur c\u00f4t\u00e9s \u00e0 la taille.<\/strong><br \/>\n<strong>&#8211; 2 poches repose-main.<\/strong><br \/>\n<strong>&#8211; 1 poche derri\u00e8re, plaqu\u00e9e avec bouton pression.<\/strong><br \/>\n<strong>&#8211; 1 poche porte-m\u00e8tre plaqu\u00e9e.<\/strong><br \/>\n<strong>&#8211; 1 poche de c\u00f4t\u00e9 sur chaque jambe, soufflet avec rabat agrippant.<\/strong><br \/>\n<strong>&#8211; S\u00e9rigrafiable.<\/strong><\/p>\n<p><a href=\"https:\/\/prosafedz.com\/fr\/wp-content\/uploads\/2023\/06\/8FABP-8FAVP-8FAGP_8FAWP.pdf\" target=\"_blank\" rel=\"noopener noreferrer\"><button style=\"background-color: #90a96b; font-seize: 20px;\"><strong>T\u00e9l\u00e9charger La Fiche Technique<\/strong><\/button><\/a><\/p>\n","protected":false},"featured_media":34609,"template":"","meta":[],"product_brand":[],"product_cat":[19],"product_tag":[964,1341],"class_list":{"0":"post-31110","1":"product","2":"type-product","3":"status-publish","4":"has-post-thumbnail","6":"product_cat-6-2-pantalons-de-travail","7":"product_tag-pantalon-de-travail-factory","8":"product_tag-polycoton-ref-8fabp-8fagp","9":"yith_product_brand-coverguard","10":"yith_product_brand-coverguard-workwear","12":"first","13":"instock","14":"shipping-taxable","15":"product-type-simple"},"_links":{"self":[{"href":"https:\/\/prosafedz.com\/fr\/wp-json\/wp\/v2\/product\/31110","targetHints":{"allow":["GET"]}}],"collection":[{"href":"https:\/\/prosafedz.com\/fr\/wp-json\/wp\/v2\/product"}],"about":[{"href":"https:\/\/prosafedz.com\/fr\/wp-json\/wp\/v2\/types\/product"}],"wp:featuredmedia":[{"embeddable":true,"href":"https:\/\/prosafedz.com\/fr\/wp-json\/wp\/v2\/media\/34609"}],"wp:attachment":[{"href":"https:\/\/prosafedz.com\/fr\/wp-json\/wp\/v2\/media?parent=31110"}],"wp:term":[{"taxonomy":"product_brand","embeddable":true,"href":"https:\/\/prosafedz.com\/fr\/wp-json\/wp\/v2\/product_brand?post=31110"},{"taxonomy":"product_cat","embeddable":true,"href":"https:\/\/prosafedz.com\/fr\/wp-json\/wp\/v2\/product_cat?post=31110"},{"taxonomy":"product_tag","embeddable":true,"href":"https:\/\/prosafedz.com\/fr\/wp-json\/wp\/v2\/product_tag?post=31110"}],"curies":[{"name":"wp","href":"https:\/\/api.w.org\/{rel}","templated":true}]}}