{"id":31107,"date":"2018-11-13T13:53:39","date_gmt":"2018-11-13T12:53:39","guid":{"rendered":"https:\/\/prosafedz.com\/?post_type=product&#038;p=31107"},"modified":"2023-06-22T11:39:06","modified_gmt":"2023-06-22T09:39:06","slug":"pantalon-de-travail-navy-polycoton-ref-8navp","status":"publish","type":"product","link":"https:\/\/prosafedz.com\/fr\/produit\/pantalon-de-travail-navy-polycoton-ref-8navp\/","title":{"rendered":"Pantalon de travail NAVY Coton-Poly R\u00e9f 5NAP050"},"content":{"rendered":"<p><strong>LES + :<\/strong><\/p>\n<p><strong>&#8211; ICONIQUE: l&rsquo;incontournable de Coverguard.<\/strong><br \/>\n<strong>&#8211; CONFORT: majoritaire coton + bas de jambes r\u00e9glables.<\/strong><br \/>\n<strong>&#8211; FONCTIONNEL: 7 poches principales + multi-sangles + poches pour genouill\u00e8res.<\/strong><br \/>\n<strong>&#8211; GAMME COMPL\u00c8TE: des formes pour toutes les saisons + version femme MISTI.<\/strong><\/p>\n<p><strong>SECTEURS<br \/>\n&#8211;<\/strong> Industries l\u00e9g\u00e8res<br \/>\n<strong>&#8211;<\/strong> Infrastructures, BTP, TP<br \/>\n<strong>&#8211;<\/strong> Bricolage<br \/>\n<strong>&#8211;<\/strong> Transport (hors fabrication) et logistique<br \/>\n<strong>CONDITIONNEMENT DE VENTE<\/strong><br \/>\n<strong>&#8211;<\/strong> Emballage individuel<br \/>\n<strong>NORME(S)<\/strong><br \/>\nCet \u00e9quipement est conforme au mod\u00e8le de l&rsquo;\u00e9quipement de protection individuelle ayant fait l&rsquo;objet de l&rsquo;attestation CE de type <strong>0072\/1747\/162\/07\/20\/0063.<br \/>\n<\/strong>D\u00e9livr\u00e9 par<strong> IFTH<br \/>\nEN14404:2004 + A1:2010<\/strong><\/p>\n","protected":false},"excerpt":{"rendered":"<p><b>&#8211; Mati\u00e8re : SERG\u00c9: 60% Coton \/ 40% Polyester &#8211; 245g\/m2.<br \/>\n&#8211; Couleur : Marine.<br \/>\n&#8211; Couleur 2 : Gris.<br \/>\n&#8211; Ceinture : Ceinture \u00e9lastiqu\u00e9e c\u00f4t\u00e9s + Passants Bouton plastique.<br \/>\n&#8211; Poches : 2 poches italiennes \/ 2 poches revolver dos \u00e0 rabat \/ 2 poches cargo \/ 1 poche cuisse t\u00e9l\u00e9phone ferm\u00e9e par patte.<br \/>\n&#8211; Sangle : Boucle porte badge \/ 1 sangle porte outils.<br \/>\n&#8211; Jambes : Genoux pr\u00e9form\u00e9s.<br \/>\n&#8211; Renforts empi\u00e8cements : Poches genoux en serg\u00e9, ouverture par le bas.<br \/>\n&#8211; Serrage : Bas de jambe r\u00e9glable par scratch.<br \/>\n&#8211; Finitions d\u00e9tails : Contrastes de couleur: tissu et finitions.<br \/>\n&#8211; R\u00e9glages : Ourlet suppl\u00e9mentaire: +5cm.<br \/>\n&#8211; Coupe : Coupe confort.<br \/>\n<\/b><\/p>\n<p><a href=\"https:\/\/prosafedz.com\/fr\/wp-content\/uploads\/2023\/06\/5NAP050.pdf\" target=\"_blank\" rel=\"noopener noreferrer\"><button style=\"background-color: #90a96b; font-seize: 20px;\"><strong>T\u00e9l\u00e9charger La Fiche Technique<\/strong><\/button><\/a><\/p>\n","protected":false},"featured_media":34615,"template":"","meta":[],"product_brand":[],"product_cat":[19],"product_tag":[963],"class_list":{"0":"post-31107","1":"product","2":"type-product","3":"status-publish","4":"has-post-thumbnail","6":"product_cat-6-2-pantalons-de-travail","7":"product_tag-pantalon-de-travail-navy-polycoton-ref-8navp","8":"yith_product_brand-coverguard","9":"yith_product_brand-coverguard-workwear","11":"first","12":"instock","13":"shipping-taxable","14":"product-type-simple"},"_links":{"self":[{"href":"https:\/\/prosafedz.com\/fr\/wp-json\/wp\/v2\/product\/31107","targetHints":{"allow":["GET"]}}],"collection":[{"href":"https:\/\/prosafedz.com\/fr\/wp-json\/wp\/v2\/product"}],"about":[{"href":"https:\/\/prosafedz.com\/fr\/wp-json\/wp\/v2\/types\/product"}],"wp:featuredmedia":[{"embeddable":true,"href":"https:\/\/prosafedz.com\/fr\/wp-json\/wp\/v2\/media\/34615"}],"wp:attachment":[{"href":"https:\/\/prosafedz.com\/fr\/wp-json\/wp\/v2\/media?parent=31107"}],"wp:term":[{"taxonomy":"product_brand","embeddable":true,"href":"https:\/\/prosafedz.com\/fr\/wp-json\/wp\/v2\/product_brand?post=31107"},{"taxonomy":"product_cat","embeddable":true,"href":"https:\/\/prosafedz.com\/fr\/wp-json\/wp\/v2\/product_cat?post=31107"},{"taxonomy":"product_tag","embeddable":true,"href":"https:\/\/prosafedz.com\/fr\/wp-json\/wp\/v2\/product_tag?post=31107"}],"curies":[{"name":"wp","href":"https:\/\/api.w.org\/{rel}","templated":true}]}}