{"id":31101,"date":"2018-11-13T11:53:14","date_gmt":"2018-11-13T10:53:14","guid":{"rendered":"https:\/\/prosafedz.com\/?post_type=product&#038;p=31101"},"modified":"2025-02-16T09:54:08","modified_gmt":"2025-02-16T08:54:08","slug":"veste-de-travail-thor-multi-risque-ref-8mthjn","status":"publish","type":"product","link":"https:\/\/prosafedz.com\/fr\/produit\/veste-de-travail-thor-multi-risque-ref-8mthjn\/","title":{"rendered":"THOR Veste de travail multi risque R\u00e9f 8MTHJN"},"content":{"rendered":"<p><strong>LES + :<\/strong><\/p>\n<p><strong>&#8211; Industries p\u00e9troli\u00e8res et gazi\u00e8res.<\/strong><br \/>\n<strong>&#8211; Industrie Chimique.<\/strong><br \/>\n<strong>&#8211; Industrie \u00e9lectrique et automobile.<\/strong><br \/>\n<strong>&#8211; Services publics.<\/strong><br \/>\n<strong>&#8211; mercerie plastique + composition m\u00e9lang\u00e9e + bandes r\u00e9fl\u00e9chissantes.<\/strong><\/p>\n<p><strong>SECTEURS<br \/>\n&#8211;<\/strong> Exploitation mini\u00e8re<br \/>\n<strong>&#8211;<\/strong> Industries extractives (p\u00e9trole, gas)<br \/>\n<strong>&#8211;<\/strong> Industries lourdes et de process<br \/>\n<strong>&#8211;<\/strong> Constructions m\u00e9caniques (industrie automobile, a\u00e9ronautique, v\u00e9hicules de transport)<br \/>\n<strong>&#8211;<\/strong> Industries chimique et pharmaceutique<br \/>\n<strong>&#8211;<\/strong> Industries l\u00e9g\u00e8res (textile, cuir, plasturgie, caoutchouc, meubles, luxe\u2026)<br \/>\n<strong>&#8211;<\/strong> Fabrication d\u2019\u00e9quipements et machines \u00e9lectriques et \u00e9lectroniques<br \/>\n<strong>&#8211;<\/strong> Energie (production et distribution)<br \/>\n<strong>CONDITIONNEMENT DE VENTE<\/strong><br \/>\n<strong>&#8211;<\/strong> Emballage individuel<br \/>\n<strong>NORME(S)<\/strong><br \/>\nCet \u00e9quipement est conforme au mod\u00e8le de l&rsquo;\u00e9quipement de protection individuelle ayant fait l&rsquo;objet de l&rsquo;attestation CE de type <strong>20\/2615\/00\/0161.<br \/>\n<\/strong>D\u00e9livr\u00e9 par<strong> AITEX<br \/>\nEN ISO 11611:2015 : V\u00eatements ignifuges<br \/>\nEN ISO 11612:2015 : V\u00eatements de protection contre la chaleur et les flammes<br \/>\nEN1149-5:2008 : V\u00eatements de protection antistatiques<br \/>\nIEC61482-2:2009 : V\u00eatements de protection contre les risques thermiques IEC61482-2:2009 d&rsquo;un arc \u00e9lectrique<br \/>\nEN13034:2005 + A1:2009 Type PB [6] : V\u00eatements de protection offrant une protection limit\u00e9e contre les produits chimiques liquides (Eclaboussures limit\u00e9es)<\/strong><\/p>\n","protected":false},"excerpt":{"rendered":"<p><strong>&#8211; Mat\u00e9riaux : 78% Coton, 20% Polyester, 2% Fibre antistatique.<\/strong><br \/>\n<strong>&#8211; Col : Col mandarin avec bouton pression.<\/strong><br \/>\n<strong>&#8211; Fermeture : Fermeture \u00e9clair &amp; rabat avec bouton pression.<\/strong><br \/>\n<strong>&#8211; Manches : Manches longues avec poignets ajustables par boutons pression.<\/strong><br \/>\n<strong>&#8211; Poches : 2 poches poitrine avec rabat munis de boutons pression, 1 poche int\u00e9rieur, 2 poches \u00e0 l\u2019arri\u00e8re avec rabat munis de boutons pression.<\/strong><br \/>\n<strong>&#8211; Marquage dans le cou : 1 emplacement dans le cou.<\/strong><br \/>\n<strong>&#8211; Taille : Taille ajustable par cordon.<\/strong><br \/>\n<strong>&#8211; Boucles : 2 boucles sous les poches poitrine.<\/strong><br \/>\n<strong>&#8211; Bandes retro-r\u00e9flectives : Bande retro-r\u00e9flective ignifug\u00e9e.<\/strong><br \/>\n<strong>&#8211; Dos : Soufflets de confort \u00e0 l&rsquo;arri\u00e8re.<\/strong><br \/>\n<strong>&#8211; Pictogrammes : Pictogrammes normalis\u00e9s sur la manche gauche.<\/strong><br \/>\n<strong>&#8211; S\u00e9rigraphie : Sur la poche poitrine ou le dos.<\/strong><\/p>\n<p><a href=\"https:\/\/prosafedz.com\/fr\/wp-content\/uploads\/2023\/06\/8MTHJN.pdf\" target=\"_blank\" rel=\"noopener noreferrer\"><button style=\"background-color: #90a96b; font-seize: 20px;\"><strong>T\u00e9l\u00e9charger La Fiche Technique<\/strong><\/button><\/a><\/p>\n","protected":false},"featured_media":34582,"template":"","meta":[],"product_brand":[],"product_cat":[17,905],"product_tag":[961],"class_list":{"0":"post-31101","1":"product","2":"type-product","3":"status-publish","4":"has-post-thumbnail","6":"product_cat-6-1-vestes-de-travail","7":"product_cat-6-9-vetement-ignifuge","8":"product_tag-veste-de-travail-thor-multi-risque-ref-8mthjn","9":"yith_product_brand-coverguard","10":"yith_product_brand-coverguard-workwear","11":"yith_product_brand-coverguard-xpert","13":"first","14":"instock","15":"shipping-taxable","16":"product-type-simple"},"_links":{"self":[{"href":"https:\/\/prosafedz.com\/fr\/wp-json\/wp\/v2\/product\/31101","targetHints":{"allow":["GET"]}}],"collection":[{"href":"https:\/\/prosafedz.com\/fr\/wp-json\/wp\/v2\/product"}],"about":[{"href":"https:\/\/prosafedz.com\/fr\/wp-json\/wp\/v2\/types\/product"}],"wp:featuredmedia":[{"embeddable":true,"href":"https:\/\/prosafedz.com\/fr\/wp-json\/wp\/v2\/media\/34582"}],"wp:attachment":[{"href":"https:\/\/prosafedz.com\/fr\/wp-json\/wp\/v2\/media?parent=31101"}],"wp:term":[{"taxonomy":"product_brand","embeddable":true,"href":"https:\/\/prosafedz.com\/fr\/wp-json\/wp\/v2\/product_brand?post=31101"},{"taxonomy":"product_cat","embeddable":true,"href":"https:\/\/prosafedz.com\/fr\/wp-json\/wp\/v2\/product_cat?post=31101"},{"taxonomy":"product_tag","embeddable":true,"href":"https:\/\/prosafedz.com\/fr\/wp-json\/wp\/v2\/product_tag?post=31101"}],"curies":[{"name":"wp","href":"https:\/\/api.w.org\/{rel}","templated":true}]}}