{"id":31096,"date":"2018-11-13T11:40:59","date_gmt":"2018-11-13T10:40:59","guid":{"rendered":"https:\/\/prosafedz.com\/?post_type=product&#038;p=31096"},"modified":"2025-02-16T09:54:17","modified_gmt":"2025-02-16T08:54:17","slug":"veste-de-travail-technicity-polycoton-ref-8teja-8tejg-8tejn-8tejv","status":"publish","type":"product","link":"https:\/\/prosafedz.com\/fr\/produit\/veste-de-travail-technicity-polycoton-ref-8teja-8tejg-8tejn-8tejv\/","title":{"rendered":"TECHNICITY Veste de travail PolyCoton R\u00e9f 8TEJA-8TEJG-8TEJN-8TEJV"},"content":{"rendered":"<p><strong>CONDITIONNEMENT DE VENTE<br \/>\n&#8211;<\/strong> 10 Pi\u00e8ces par Carton<br \/>\n<strong>NORME(S)<\/strong><br \/>\nCet \u00e9quipement est conforme \u00e0 la norme : <strong>EN 340:2003.<\/strong><\/p>\n","protected":false},"excerpt":{"rendered":"<p><strong>&#8211; Mat\u00e9riel : 65% polyester, 35% coton.<\/strong><\/p>\n<p><strong>&#8211; Col : Col droit.<\/strong><\/p>\n<p><strong>&#8211; Fermeture : Fermeture \u00e0 glissi\u00e8re sous rabat avec bandes agrippantes.<\/strong><\/p>\n<p><strong>&#8211; Poches : 1 poche haut verticale \u00e0 fermeture \u00e9clair, 2 poches bas, 2 poches haut plaqu\u00e9es \u00e0 rabat, 2 poches haut range stylos.<\/strong><\/p>\n<p><strong>&#8211; Poche Int\u00e9rieure : 1 Poche int\u00e9rieure haut avec fermeture \u00e0 glissi\u00e8re.<\/strong><\/p>\n<p><a href=\"https:\/\/prosafedz.com\/fr\/wp-content\/uploads\/2023\/06\/8TEJ.pdf\" target=\"_blank\" rel=\"noopener noreferrer\"><button style=\"background-color: #90a96b; font-seize: 20px;\"><strong>T\u00e9l\u00e9charger La Fiche Technique<\/strong><\/button><\/a><\/p>\n","protected":false},"featured_media":34576,"template":"","meta":[],"product_brand":[],"product_cat":[17],"product_tag":[960],"class_list":{"0":"post-31096","1":"product","2":"type-product","3":"status-publish","4":"has-post-thumbnail","6":"product_cat-6-1-vestes-de-travail","7":"product_tag-veste-de-travail-technicity-polycoton-ref-8teja-8tejg-8tejn-8tejv","8":"yith_product_brand-coverguard","9":"yith_product_brand-coverguard-workwear","11":"first","12":"instock","13":"shipping-taxable","14":"product-type-simple"},"_links":{"self":[{"href":"https:\/\/prosafedz.com\/fr\/wp-json\/wp\/v2\/product\/31096","targetHints":{"allow":["GET"]}}],"collection":[{"href":"https:\/\/prosafedz.com\/fr\/wp-json\/wp\/v2\/product"}],"about":[{"href":"https:\/\/prosafedz.com\/fr\/wp-json\/wp\/v2\/types\/product"}],"wp:featuredmedia":[{"embeddable":true,"href":"https:\/\/prosafedz.com\/fr\/wp-json\/wp\/v2\/media\/34576"}],"wp:attachment":[{"href":"https:\/\/prosafedz.com\/fr\/wp-json\/wp\/v2\/media?parent=31096"}],"wp:term":[{"taxonomy":"product_brand","embeddable":true,"href":"https:\/\/prosafedz.com\/fr\/wp-json\/wp\/v2\/product_brand?post=31096"},{"taxonomy":"product_cat","embeddable":true,"href":"https:\/\/prosafedz.com\/fr\/wp-json\/wp\/v2\/product_cat?post=31096"},{"taxonomy":"product_tag","embeddable":true,"href":"https:\/\/prosafedz.com\/fr\/wp-json\/wp\/v2\/product_tag?post=31096"}],"curies":[{"name":"wp","href":"https:\/\/api.w.org\/{rel}","templated":true}]}}