{"id":31088,"date":"2018-11-13T11:19:24","date_gmt":"2018-11-13T10:19:24","guid":{"rendered":"https:\/\/prosafedz.com\/?post_type=product&#038;p=31088"},"modified":"2023-06-04T15:38:38","modified_gmt":"2023-06-04T13:38:38","slug":"veste-de-travail-commander-jacket-100-coton-ref-8coja-8cojg-8cojn-8cojv","status":"publish","type":"product","link":"https:\/\/prosafedz.com\/fr\/produit\/veste-de-travail-commander-jacket-100-coton-ref-8coja-8cojg-8cojn-8cojv\/","title":{"rendered":"COMMANDER Jacket 100% coton R\u00e9f 8COJA-8COJG-8COJN-8COJV"},"content":{"rendered":"<p><strong>LES + :<\/strong><\/p>\n<p><strong>&#8211; 100% Coton.<\/strong><br \/>\n<strong>&#8211; Bi-couleur.<\/strong><br \/>\n<strong>&#8211; Large gamme coloris.<\/strong><\/p>\n<p><strong>CONDITIONNEMENT DE VENTE<br \/>\n&#8211;<\/strong> 10 Pi\u00e8ces par Carton<br \/>\n<strong>NORME(S)<\/strong><br \/>\nCet \u00e9quipement et conforme \u00e0 la norme : <strong>EN 340:2003.<\/strong><\/p>\n","protected":false},"excerpt":{"rendered":"<p><strong>&#8211; Mat\u00e9riel : 100% Coton.<\/strong><\/p>\n<p><strong>&#8211; Col : Col droit.<\/strong><\/p>\n<p><strong>&#8211; Fermeture : Fermeture \u00e0 glissi\u00e8re sous rabat avec bandes agrippantes.<\/strong><\/p>\n<p><strong>&#8211; Poches : 1 poche haut verticale \u00e0 fermeture \u00e9clair, 2 poches bas, 2 poches haut plaqu\u00e9es \u00e0 rabat, 2 poches haut range stylos.<\/strong><\/p>\n<p><strong>&#8211; Poche Int\u00e9rieure : 1 Poche int\u00e9rieure haut avec fermeture \u00e0 glissi\u00e8re.<\/strong><\/p>\n<p><a href=\"http:\/\/prosafedz.com\/fr\/wp-content\/uploads\/2021\/09\/04-8COJ.pdf\" target=\"_blank\" rel=\"noopener noreferrer\"><button style=\"background-color: #90a96b; font-seize: 20px;\"><strong>T\u00e9l\u00e9charger La Fiche Technique<\/strong><\/button><\/a><\/p>\n","protected":false},"featured_media":34565,"template":"","meta":[],"product_brand":[],"product_cat":[17],"product_tag":[958],"class_list":{"0":"post-31088","1":"product","2":"type-product","3":"status-publish","4":"has-post-thumbnail","6":"product_cat-6-1-vestes-de-travail","7":"product_tag-veste-de-travail-commander-jacket-100-coton-ref-8coja-8cojg-8cojn-8cojv","8":"yith_product_brand-coverguard","9":"yith_product_brand-coverguard-workwear","11":"first","12":"instock","13":"shipping-taxable","14":"product-type-simple"},"_links":{"self":[{"href":"https:\/\/prosafedz.com\/fr\/wp-json\/wp\/v2\/product\/31088","targetHints":{"allow":["GET"]}}],"collection":[{"href":"https:\/\/prosafedz.com\/fr\/wp-json\/wp\/v2\/product"}],"about":[{"href":"https:\/\/prosafedz.com\/fr\/wp-json\/wp\/v2\/types\/product"}],"wp:featuredmedia":[{"embeddable":true,"href":"https:\/\/prosafedz.com\/fr\/wp-json\/wp\/v2\/media\/34565"}],"wp:attachment":[{"href":"https:\/\/prosafedz.com\/fr\/wp-json\/wp\/v2\/media?parent=31088"}],"wp:term":[{"taxonomy":"product_brand","embeddable":true,"href":"https:\/\/prosafedz.com\/fr\/wp-json\/wp\/v2\/product_brand?post=31088"},{"taxonomy":"product_cat","embeddable":true,"href":"https:\/\/prosafedz.com\/fr\/wp-json\/wp\/v2\/product_cat?post=31088"},{"taxonomy":"product_tag","embeddable":true,"href":"https:\/\/prosafedz.com\/fr\/wp-json\/wp\/v2\/product_tag?post=31088"}],"curies":[{"name":"wp","href":"https:\/\/api.w.org\/{rel}","templated":true}]}}