{"id":31079,"date":"2018-11-13T10:37:12","date_gmt":"2018-11-13T09:37:12","guid":{"rendered":"https:\/\/prosafedz.com\/?post_type=product&#038;p=31079"},"modified":"2024-05-20T14:31:18","modified_gmt":"2024-05-20T12:31:18","slug":"factory-polycoton-ref-8fabv-8fagv","status":"publish","type":"product","link":"https:\/\/prosafedz.com\/fr\/produit\/factory-polycoton-ref-8fabv-8fagv\/","title":{"rendered":"FACTORY Veste de travail PolyCoton R\u00e9f 8FABV-8FAVV-8FAGV"},"content":{"rendered":"<p><strong>CONDITIONNEMENT DE VENTE<br \/>\n&#8211; <\/strong>Emballage individuel<br \/>\n<strong>&#8211;<\/strong> 20 vestes dans un carton<br \/>\n<strong>NORME(S)<\/strong><br \/>\nCet article est conforme au mod\u00e8le de l\u2019\u00e9quipement de protection individuelle ayant fait l\u2019objet du Certificat de conformit\u00e9 <strong>AK 60031347 0001.<br \/>\n<\/strong>D\u00e9livr\u00e9e par<strong> T\u00dcV (organisme n\u00b0 0197)<\/strong><\/p>\n","protected":false},"excerpt":{"rendered":"<p><strong>&#8211; Veste de travail type \u00ab bleu de travail \u00bb.<\/strong><\/p>\n<p><strong>&#8211; Mati\u00e8re : 35% coton \/ 65% polyester, 245 g\/m\u00b2.<\/strong><\/p>\n<p><strong>&#8211; Fermeture \u00e0 glissi\u00e8re simple.<\/strong><\/p>\n<p><strong>&#8211; Serrage bas par \u00e9lastiques sur c\u00f4t\u00e9s.<\/strong><\/p>\n<p><strong>&#8211; Fermeture par un bouton devant.<\/strong><\/p>\n<p><strong>&#8211; Serrage manches par \u00e9lastique retourn\u00e9 5 cm.<\/strong><\/p>\n<p><strong>&#8211; 2 poches haut plaqu\u00e9es \u00e0 glissi\u00e8re horizontale.<\/strong><\/p>\n<p><strong>&#8211; 2 poches bas, repose-main.<\/strong><\/p>\n<p><strong>&#8211; Col classique.<\/strong><\/p>\n<p><strong>&#8211; S\u00e9rigrafiable.<\/strong><\/p>\n<p><a href=\"https:\/\/prosafedz.com\/fr\/wp-content\/uploads\/2023\/06\/8FABV-8FAVV-8FAGV.pdf\" target=\"_blank\" rel=\"noopener noreferrer\"><button style=\"background-color: #90a96b; font-seize: 20px;\"><strong>T\u00e9l\u00e9charger La Fiche Technique<\/strong><\/button><\/a><\/p>\n","protected":false},"featured_media":34559,"template":"","meta":[],"product_brand":[],"product_cat":[17],"product_tag":[956,957],"class_list":{"0":"post-31079","1":"product","2":"type-product","3":"status-publish","4":"has-post-thumbnail","6":"product_cat-6-1-vestes-de-travail","7":"product_tag-factory","8":"product_tag-polycoton-ref-8fabv-8fagv","9":"yith_product_brand-coverguard","11":"first","12":"instock","13":"shipping-taxable","14":"product-type-variable"},"_links":{"self":[{"href":"https:\/\/prosafedz.com\/fr\/wp-json\/wp\/v2\/product\/31079","targetHints":{"allow":["GET"]}}],"collection":[{"href":"https:\/\/prosafedz.com\/fr\/wp-json\/wp\/v2\/product"}],"about":[{"href":"https:\/\/prosafedz.com\/fr\/wp-json\/wp\/v2\/types\/product"}],"wp:featuredmedia":[{"embeddable":true,"href":"https:\/\/prosafedz.com\/fr\/wp-json\/wp\/v2\/media\/34559"}],"wp:attachment":[{"href":"https:\/\/prosafedz.com\/fr\/wp-json\/wp\/v2\/media?parent=31079"}],"wp:term":[{"taxonomy":"product_brand","embeddable":true,"href":"https:\/\/prosafedz.com\/fr\/wp-json\/wp\/v2\/product_brand?post=31079"},{"taxonomy":"product_cat","embeddable":true,"href":"https:\/\/prosafedz.com\/fr\/wp-json\/wp\/v2\/product_cat?post=31079"},{"taxonomy":"product_tag","embeddable":true,"href":"https:\/\/prosafedz.com\/fr\/wp-json\/wp\/v2\/product_tag?post=31079"}],"curies":[{"name":"wp","href":"https:\/\/api.w.org\/{rel}","templated":true}]}}